{"id":27,"date":"2016-02-26T14:44:00","date_gmt":"2016-02-26T12:44:00","guid":{"rendered":"http:\/\/nova.terenna-doprava.sk\/?page_id=27"},"modified":"2016-03-07T09:47:26","modified_gmt":"2016-03-07T07:47:26","slug":"kontakt","status":"publish","type":"page","link":"https:\/\/www.terenna-doprava.sk\/?page_id=27","title":{"rendered":"Kontakt"},"content":{"rendered":"<p>Ing. Jaroslav Mikulaj<br \/>\nVy\u0161n\u00e1 Rev\u00faca 593<br \/>\n03474\u00a0Liptovsk\u00e9 Rev\u00face<\/p>\n<p>I\u010cO: 33850551<\/p>\n<p><strong>Email:<\/strong> \u00a0 \u00a0 <a href=\"mailto:info@terenna-doprava.sk\">info@terenna-doprava.sk<\/a><br \/>\n<strong>Telef\u00f3n:<\/strong> <span id=\"skype_c2c_container\" class=\"skype_c2c_container notranslate\" dir=\"ltr\" tabindex=\"-1\" data-numbertocall=\"+421905490217\" data-numbertype=\"paid\" data-isfreecall=\"false\" data-isrtl=\"false\" data-ismobile=\"false\"><span class=\"skype_c2c_highlighting_inactive_common\" dir=\"ltr\"><span id=\"non_free_num_ui\" class=\"skype_c2c_textarea_span\"><img loading=\"lazy\" decoding=\"async\" class=\"skype_c2c_logo_img\" src=\"resource:\/\/skype_ff_extension-at-jetpack\/skype_ff_extension\/data\/call_skype_logo.png\" alt=\"\" width=\"0\" height=\"0\" \/><span class=\"skype_c2c_text_span\">+421905490217<\/span><\/span><\/span><\/span><\/p>\n","protected":false},"excerpt":{"rendered":"<p>Ing. Jaroslav Mikulaj Vy\u0161n\u00e1 Rev\u00faca 593 03474\u00a0Liptovsk\u00e9 Rev\u00face I\u010cO: 33850551 Email: \u00a0 \u00a0 info@terenna-doprava.sk Telef\u00f3n: +421905490217<\/p>\n","protected":false},"author":1,"featured_media":0,"parent":0,"menu_order":0,"comment_status":"closed","ping_status":"closed","template":"","meta":{"footnotes":""},"class_list":["post-27","page","type-page","status-publish","hentry"],"_links":{"self":[{"href":"https:\/\/www.terenna-doprava.sk\/index.php?rest_route=\/wp\/v2\/pages\/27","targetHints":{"allow":["GET"]}}],"collection":[{"href":"https:\/\/www.terenna-doprava.sk\/index.php?rest_route=\/wp\/v2\/pages"}],"about":[{"href":"https:\/\/www.terenna-doprava.sk\/index.php?rest_route=\/wp\/v2\/types\/page"}],"author":[{"embeddable":true,"href":"https:\/\/www.terenna-doprava.sk\/index.php?rest_route=\/wp\/v2\/users\/1"}],"replies":[{"embeddable":true,"href":"https:\/\/www.terenna-doprava.sk\/index.php?rest_route=%2Fwp%2Fv2%2Fcomments&post=27"}],"version-history":[{"count":2,"href":"https:\/\/www.terenna-doprava.sk\/index.php?rest_route=\/wp\/v2\/pages\/27\/revisions"}],"predecessor-version":[{"id":645,"href":"https:\/\/www.terenna-doprava.sk\/index.php?rest_route=\/wp\/v2\/pages\/27\/revisions\/645"}],"wp:attachment":[{"href":"https:\/\/www.terenna-doprava.sk\/index.php?rest_route=%2Fwp%2Fv2%2Fmedia&parent=27"}],"curies":[{"name":"wp","href":"https:\/\/api.w.org\/{rel}","templated":true}]}}