{"id":31,"date":"2016-02-26T14:50:30","date_gmt":"2016-02-26T12:50:30","guid":{"rendered":"http:\/\/nova.terenna-doprava.sk\/?page_id=31"},"modified":"2016-02-26T14:50:30","modified_gmt":"2016-02-26T12:50:30","slug":"prepravu-osob-a-nakladu-v-tazko-dostupnom-terene","status":"publish","type":"page","link":"https:\/\/www.terenna-doprava.sk\/?page_id=31","title":{"rendered":"Prepravu os\u00f4b a n\u00e1kladu v \u0165a\u017eko dostupnom ter\u00e9ne"},"content":{"rendered":"<div class=\"content clear-block\">\n<p>Preprava os\u00f4b a n\u00e1kladu v \u0165a\u017eko dostupnom ter\u00e9ne v krajoch BB a ZA po dohode aj inde:<\/p>\n<ul>\n<li>preprava materi\u00e1lu pre filmov\u00e9 \u0161t\u00e1by,<\/li>\n<li>preprava materi\u00e1lu na stavbu lanoviek a vlekov,<\/li>\n<li>preprava materi\u00e1lu na lesn\u00e9 stavby (senn\u00edky, posedy, pr\u00edstre\u0161ky, zruby).<\/li>\n<\/ul>\n<\/div>\n","protected":false},"excerpt":{"rendered":"<p>Preprava os\u00f4b a n\u00e1kladu v \u0165a\u017eko dostupnom ter\u00e9ne v krajoch BB a ZA po dohode aj inde: preprava materi\u00e1lu pre filmov\u00e9 \u0161t\u00e1by, preprava materi\u00e1lu na stavbu lanoviek a vlekov, preprava materi\u00e1lu na lesn\u00e9 stavby (senn\u00edky, posedy, pr\u00edstre\u0161ky, zruby).<\/p>\n","protected":false},"author":1,"featured_media":0,"parent":0,"menu_order":0,"comment_status":"closed","ping_status":"closed","template":"","meta":{"footnotes":""},"class_list":["post-31","page","type-page","status-publish","hentry"],"_links":{"self":[{"href":"https:\/\/www.terenna-doprava.sk\/index.php?rest_route=\/wp\/v2\/pages\/31","targetHints":{"allow":["GET"]}}],"collection":[{"href":"https:\/\/www.terenna-doprava.sk\/index.php?rest_route=\/wp\/v2\/pages"}],"about":[{"href":"https:\/\/www.terenna-doprava.sk\/index.php?rest_route=\/wp\/v2\/types\/page"}],"author":[{"embeddable":true,"href":"https:\/\/www.terenna-doprava.sk\/index.php?rest_route=\/wp\/v2\/users\/1"}],"replies":[{"embeddable":true,"href":"https:\/\/www.terenna-doprava.sk\/index.php?rest_route=%2Fwp%2Fv2%2Fcomments&post=31"}],"version-history":[{"count":1,"href":"https:\/\/www.terenna-doprava.sk\/index.php?rest_route=\/wp\/v2\/pages\/31\/revisions"}],"predecessor-version":[{"id":32,"href":"https:\/\/www.terenna-doprava.sk\/index.php?rest_route=\/wp\/v2\/pages\/31\/revisions\/32"}],"wp:attachment":[{"href":"https:\/\/www.terenna-doprava.sk\/index.php?rest_route=%2Fwp%2Fv2%2Fmedia&parent=31"}],"curies":[{"name":"wp","href":"https:\/\/api.w.org\/{rel}","templated":true}]}}