{"id":33,"date":"2016-02-26T14:51:01","date_gmt":"2016-02-26T12:51:01","guid":{"rendered":"http:\/\/nova.terenna-doprava.sk\/?page_id=33"},"modified":"2016-02-26T15:51:35","modified_gmt":"2016-02-26T13:51:35","slug":"trening-a-instruktaz-terennej-jazdy","status":"publish","type":"page","link":"https:\/\/www.terenna-doprava.sk\/?page_id=33","title":{"rendered":"Tr\u00e9ning a in\u0161trukt\u00e1\u017e ter\u00e9nnej jazdy"},"content":{"rendered":"<p style=\"text-align: justify;\">\u0160kola jazdy v ter\u00e9ne pre skupiny a jednotlivcov na\u0161ou alebo va\u0161ou vlastnou technikou.<\/p>\n<p style=\"text-align: justify;\">Ucelen\u00fd program v\u00fduky te\u00f3rie ter\u00e9nnych vozidiel a ich jednotliv\u00fdch kon\u0161truk\u010dn\u00fdch skup\u00edn, v\u00fduka te\u00f3rie jazdy v ter\u00e9ne a praktick\u00fd n\u00e1cvik jazdy v ter\u00e9ne. V pr\u00edpade potreby zameran\u00e9 na vozidl\u00e1 konkr\u00e9tnych zna\u010diek.<\/p>\n<p style=\"text-align: justify;\">Te\u00f3ria zameran\u00e1 na jednotliv\u00e9 kon\u0161truk\u010dn\u00e9 skupiny ter\u00e9nnych vozidiel je podan\u00e1 formou prezent\u00e1cie a praktick\u00fdmi uk\u00e1\u017ekami na statick\u00fdch zariadeniach.<\/p>\n<p style=\"text-align: justify;\">\u00a0 <img loading=\"lazy\" decoding=\"async\" class=\"alignnone  wp-image-78\" src=\"http:\/\/nova.terenna-doprava.sk\/wp-content\/uploads\/2016\/02\/mokraSKRINA1-300x204.jpg\" alt=\"mokraSKRINA1\" width=\"457\" height=\"311\" srcset=\"https:\/\/www.terenna-doprava.sk\/wp-content\/uploads\/2016\/02\/mokraSKRINA1-300x204.jpg 300w, https:\/\/www.terenna-doprava.sk\/wp-content\/uploads\/2016\/02\/mokraSKRINA1-768x522.jpg 768w, https:\/\/www.terenna-doprava.sk\/wp-content\/uploads\/2016\/02\/mokraSKRINA1-1024x696.jpg 1024w, https:\/\/www.terenna-doprava.sk\/wp-content\/uploads\/2016\/02\/mokraSKRINA1.jpg 1059w\" sizes=\"auto, (max-width: 457px) 100vw, 457px\" \/><\/p>\n<p style=\"text-align: justify;\"><img loading=\"lazy\" decoding=\"async\" class=\"alignnone  wp-image-77\" src=\"http:\/\/nova.terenna-doprava.sk\/wp-content\/uploads\/2016\/02\/optimalneKARDANYnizke-300x155.jpg\" alt=\"optimalneKARDANYnizke\" width=\"441\" height=\"228\" srcset=\"https:\/\/www.terenna-doprava.sk\/wp-content\/uploads\/2016\/02\/optimalneKARDANYnizke-300x155.jpg 300w, https:\/\/www.terenna-doprava.sk\/wp-content\/uploads\/2016\/02\/optimalneKARDANYnizke.jpg 480w\" sizes=\"auto, (max-width: 441px) 100vw, 441px\" \/><img loading=\"lazy\" decoding=\"async\" class=\"alignnone  wp-image-76\" src=\"http:\/\/nova.terenna-doprava.sk\/wp-content\/uploads\/2016\/02\/1-300x228.jpg\" alt=\"1\" width=\"436\" height=\"331\" srcset=\"https:\/\/www.terenna-doprava.sk\/wp-content\/uploads\/2016\/02\/1-300x228.jpg 300w, https:\/\/www.terenna-doprava.sk\/wp-content\/uploads\/2016\/02\/1.jpg 480w\" sizes=\"auto, (max-width: 436px) 100vw, 436px\" \/><\/p>\n","protected":false},"excerpt":{"rendered":"<p>\u0160kola jazdy v ter\u00e9ne pre skupiny a jednotlivcov na\u0161ou alebo va\u0161ou vlastnou technikou. Ucelen\u00fd program v\u00fduky te\u00f3rie ter\u00e9nnych vozidiel a ich jednotliv\u00fdch kon\u0161truk\u010dn\u00fdch skup\u00edn, v\u00fduka te\u00f3rie jazdy v ter\u00e9ne a praktick\u00fd n\u00e1cvik jazdy v ter\u00e9ne. V pr\u00edpade potreby zameran\u00e9 na vozidl\u00e1 konkr\u00e9tnych zna\u010diek. Te\u00f3ria zameran\u00e1 na jednotliv\u00e9 kon\u0161truk\u010dn\u00e9 skupiny ter\u00e9nnych vozidiel je podan\u00e1 formou prezent\u00e1cie &hellip; <a href=\"https:\/\/www.terenna-doprava.sk\/?page_id=33\" class=\"more-link\">Pokra\u010dova\u0165 na <span class=\"screen-reader-text\">Tr\u00e9ning a in\u0161trukt\u00e1\u017e ter\u00e9nnej jazdy<\/span> <span class=\"meta-nav\">&rarr;<\/span><\/a><\/p>\n","protected":false},"author":1,"featured_media":0,"parent":0,"menu_order":0,"comment_status":"closed","ping_status":"closed","template":"","meta":{"footnotes":""},"class_list":["post-33","page","type-page","status-publish","hentry"],"_links":{"self":[{"href":"https:\/\/www.terenna-doprava.sk\/index.php?rest_route=\/wp\/v2\/pages\/33","targetHints":{"allow":["GET"]}}],"collection":[{"href":"https:\/\/www.terenna-doprava.sk\/index.php?rest_route=\/wp\/v2\/pages"}],"about":[{"href":"https:\/\/www.terenna-doprava.sk\/index.php?rest_route=\/wp\/v2\/types\/page"}],"author":[{"embeddable":true,"href":"https:\/\/www.terenna-doprava.sk\/index.php?rest_route=\/wp\/v2\/users\/1"}],"replies":[{"embeddable":true,"href":"https:\/\/www.terenna-doprava.sk\/index.php?rest_route=%2Fwp%2Fv2%2Fcomments&post=33"}],"version-history":[{"count":3,"href":"https:\/\/www.terenna-doprava.sk\/index.php?rest_route=\/wp\/v2\/pages\/33\/revisions"}],"predecessor-version":[{"id":84,"href":"https:\/\/www.terenna-doprava.sk\/index.php?rest_route=\/wp\/v2\/pages\/33\/revisions\/84"}],"wp:attachment":[{"href":"https:\/\/www.terenna-doprava.sk\/index.php?rest_route=%2Fwp%2Fv2%2Fmedia&parent=33"}],"curies":[{"name":"wp","href":"https:\/\/api.w.org\/{rel}","templated":true}]}}