{"id":35,"date":"2016-02-26T14:51:26","date_gmt":"2016-02-26T12:51:26","guid":{"rendered":"http:\/\/nova.terenna-doprava.sk\/?page_id=35"},"modified":"2016-02-26T14:51:26","modified_gmt":"2016-02-26T12:51:26","slug":"klasicka-nakladna-a-osobna-doprava","status":"publish","type":"page","link":"https:\/\/www.terenna-doprava.sk\/?page_id=35","title":{"rendered":"Klasick\u00e1 n\u00e1kladn\u00e1 a osobn\u00e1 doprava"},"content":{"rendered":"<p>N\u00e1kladn\u00e1 a osobn\u00e1 doprava v r\u00e1mci Slovenskej republiky.<\/p>\n","protected":false},"excerpt":{"rendered":"<p>N\u00e1kladn\u00e1 a osobn\u00e1 doprava v r\u00e1mci Slovenskej republiky.<\/p>\n","protected":false},"author":1,"featured_media":0,"parent":0,"menu_order":0,"comment_status":"closed","ping_status":"closed","template":"","meta":{"footnotes":""},"class_list":["post-35","page","type-page","status-publish","hentry"],"_links":{"self":[{"href":"https:\/\/www.terenna-doprava.sk\/index.php?rest_route=\/wp\/v2\/pages\/35","targetHints":{"allow":["GET"]}}],"collection":[{"href":"https:\/\/www.terenna-doprava.sk\/index.php?rest_route=\/wp\/v2\/pages"}],"about":[{"href":"https:\/\/www.terenna-doprava.sk\/index.php?rest_route=\/wp\/v2\/types\/page"}],"author":[{"embeddable":true,"href":"https:\/\/www.terenna-doprava.sk\/index.php?rest_route=\/wp\/v2\/users\/1"}],"replies":[{"embeddable":true,"href":"https:\/\/www.terenna-doprava.sk\/index.php?rest_route=%2Fwp%2Fv2%2Fcomments&post=35"}],"version-history":[{"count":1,"href":"https:\/\/www.terenna-doprava.sk\/index.php?rest_route=\/wp\/v2\/pages\/35\/revisions"}],"predecessor-version":[{"id":36,"href":"https:\/\/www.terenna-doprava.sk\/index.php?rest_route=\/wp\/v2\/pages\/35\/revisions\/36"}],"wp:attachment":[{"href":"https:\/\/www.terenna-doprava.sk\/index.php?rest_route=%2Fwp%2Fv2%2Fmedia&parent=35"}],"curies":[{"name":"wp","href":"https:\/\/api.w.org\/{rel}","templated":true}]}}