{"id":37,"date":"2016-02-26T14:51:53","date_gmt":"2016-02-26T12:51:53","guid":{"rendered":"http:\/\/nova.terenna-doprava.sk\/?page_id=37"},"modified":"2016-03-31T13:51:19","modified_gmt":"2016-03-31T11:51:19","slug":"servis-vozidiel-gaz-a-uaz","status":"publish","type":"page","link":"https:\/\/www.terenna-doprava.sk\/?page_id=37","title":{"rendered":"Servis vozidiel GAZ a UAZ"},"content":{"rendered":"<p>V r\u00e1mci servisu GAZ\/UAZ vykon\u00e1vame:<\/p>\n<ul>\n<li>v\u00fdmenu prev\u00e1dzkov\u00fdch kvapal\u00edn,<\/li>\n<li>kontrolu a nastavenie motorov,<\/li>\n<li>kontrolu a repas\u00e1ciu podvozkov\u00fdch a prevodov\u00fdch skup\u00edn.<\/li>\n<\/ul>\n<p><img loading=\"lazy\" decoding=\"async\" class=\" wp-image-129\" src=\"http:\/\/nova.terenna-doprava.sk\/wp-content\/uploads\/2016\/02\/tesnenia-gule-300x219.jpg\" alt=\"OLYMPUS DIGITAL CAMERA\" width=\"423\" height=\"309\" srcset=\"https:\/\/www.terenna-doprava.sk\/wp-content\/uploads\/2016\/02\/tesnenia-gule-300x219.jpg 300w, https:\/\/www.terenna-doprava.sk\/wp-content\/uploads\/2016\/02\/tesnenia-gule.jpg 480w\" sizes=\"auto, (max-width: 423px) 100vw, 423px\" \/><\/p>\n<p>sada tesnen\u00ed na oto\u010dn\u00e9 hlavy prednej n\u00e1pravy<\/p>\n<p><img loading=\"lazy\" decoding=\"async\" class=\" wp-image-128\" src=\"http:\/\/nova.terenna-doprava.sk\/wp-content\/uploads\/2016\/02\/zvislaky-300x225.jpg\" alt=\"OLYMPUS DIGITAL CAMERA\" width=\"427\" height=\"320\" srcset=\"https:\/\/www.terenna-doprava.sk\/wp-content\/uploads\/2016\/02\/zvislaky-300x225.jpg 300w, https:\/\/www.terenna-doprava.sk\/wp-content\/uploads\/2016\/02\/zvislaky.jpg 480w\" sizes=\"auto, (max-width: 427px) 100vw, 427px\" \/><\/p>\n<p>zvisl\u00e9 \u010dapy UAZ n\u00e1hrada klzn\u00e9ho ulo\u017eenia valiv\u00fdm<\/p>\n<p><img loading=\"lazy\" decoding=\"async\" class=\" wp-image-127\" src=\"http:\/\/nova.terenna-doprava.sk\/wp-content\/uploads\/2016\/02\/GAZ-UAZ-300x225.jpg\" alt=\"OLYMPUS DIGITAL CAMERA\" width=\"423\" height=\"317\" srcset=\"https:\/\/www.terenna-doprava.sk\/wp-content\/uploads\/2016\/02\/GAZ-UAZ-300x225.jpg 300w, https:\/\/www.terenna-doprava.sk\/wp-content\/uploads\/2016\/02\/GAZ-UAZ.jpg 480w\" sizes=\"auto, (max-width: 423px) 100vw, 423px\" \/><\/p>\n<p>vizu\u00e1lne porovnanie\u00a0vlo\u017eiek listov\u00fdch pru\u017e\u00edn GAZ-UAZ<\/p>\n<p><img loading=\"lazy\" decoding=\"async\" class=\" wp-image-126\" src=\"http:\/\/nova.terenna-doprava.sk\/wp-content\/uploads\/2016\/02\/pastorok-300x237.jpg\" alt=\"OLYMPUS DIGITAL CAMERA\" width=\"422\" height=\"333\" srcset=\"https:\/\/www.terenna-doprava.sk\/wp-content\/uploads\/2016\/02\/pastorok-300x237.jpg 300w, https:\/\/www.terenna-doprava.sk\/wp-content\/uploads\/2016\/02\/pastorok.jpg 480w\" sizes=\"auto, (max-width: 422px) 100vw, 422px\" \/><\/p>\n<p>pastorok diferenci\u00e1lu<\/p>\n<p><img loading=\"lazy\" decoding=\"async\" class=\" wp-image-125\" src=\"http:\/\/nova.terenna-doprava.sk\/wp-content\/uploads\/2016\/02\/vackDIF-300x224.jpg\" alt=\"OLYMPUS DIGITAL CAMERA\" width=\"425\" height=\"317\" srcset=\"https:\/\/www.terenna-doprava.sk\/wp-content\/uploads\/2016\/02\/vackDIF-300x224.jpg 300w, https:\/\/www.terenna-doprava.sk\/wp-content\/uploads\/2016\/02\/vackDIF.jpg 480w\" sizes=\"auto, (max-width: 425px) 100vw, 425px\" \/><\/p>\n<p>va\u010dkov\u00fd diferenci\u00e1l<\/p>\n<p><img loading=\"lazy\" decoding=\"async\" class=\" wp-image-124\" src=\"http:\/\/nova.terenna-doprava.sk\/wp-content\/uploads\/2016\/02\/stahLOZISKA-300x224.jpg\" alt=\"OLYMPUS DIGITAL CAMERA\" width=\"429\" height=\"320\" srcset=\"https:\/\/www.terenna-doprava.sk\/wp-content\/uploads\/2016\/02\/stahLOZISKA-300x224.jpg 300w, https:\/\/www.terenna-doprava.sk\/wp-content\/uploads\/2016\/02\/stahLOZISKA.jpg 480w\" sizes=\"auto, (max-width: 429px) 100vw, 429px\" \/><\/p>\n<p>s\u0165ahovanie lo\u017eiska z klietky va\u010dkov\u00e9ho samosvoru<\/p>\n<p><img loading=\"lazy\" decoding=\"async\" class=\" wp-image-123\" src=\"http:\/\/nova.terenna-doprava.sk\/wp-content\/uploads\/2016\/02\/aussia-300x225.jpg\" alt=\"OLYMPUS DIGITAL CAMERA\" width=\"427\" height=\"320\" srcset=\"https:\/\/www.terenna-doprava.sk\/wp-content\/uploads\/2016\/02\/aussia-300x225.jpg 300w, https:\/\/www.terenna-doprava.sk\/wp-content\/uploads\/2016\/02\/aussia.jpg 480w\" sizes=\"auto, (max-width: 427px) 100vw, 427px\" \/><\/p>\n<p>k\u00f4\u0161 diferenci\u00e1lu s namontovanou &#8222;aussia locker&#8220; ur\u010den\u00fd do zadnej n\u00e1pravy<\/p>\n<p><img loading=\"lazy\" decoding=\"async\" class=\" wp-image-122\" src=\"http:\/\/nova.terenna-doprava.sk\/wp-content\/uploads\/2016\/02\/zaberFARBA-300x224.jpg\" alt=\"OLYMPUS DIGITAL CAMERA\" width=\"429\" height=\"320\" srcset=\"https:\/\/www.terenna-doprava.sk\/wp-content\/uploads\/2016\/02\/zaberFARBA-300x224.jpg 300w, https:\/\/www.terenna-doprava.sk\/wp-content\/uploads\/2016\/02\/zaberFARBA.jpg 480w\" sizes=\"auto, (max-width: 429px) 100vw, 429px\" \/><\/p>\n<p>nastavenie z\u00e1beru &#8222;na farbu&#8220; &#8211; zatia\u013e e\u0161te nevyhovuje<\/p>\n<p><img loading=\"lazy\" decoding=\"async\" class=\"alignnone wp-image-121\" src=\"http:\/\/nova.terenna-doprava.sk\/wp-content\/uploads\/2016\/02\/silentblPIER-300x206.jpg\" alt=\"silentblPIER\" width=\"430\" height=\"295\" srcset=\"https:\/\/www.terenna-doprava.sk\/wp-content\/uploads\/2016\/02\/silentblPIER-300x206.jpg 300w, https:\/\/www.terenna-doprava.sk\/wp-content\/uploads\/2016\/02\/silentblPIER.jpg 480w\" sizes=\"auto, (max-width: 430px) 100vw, 430px\" \/><\/p>\n<p>silentbloky pier z Ukrajiny po dvoch rokoch prev\u00e1dzky<\/p>\n<p><img loading=\"lazy\" decoding=\"async\" class=\"alignnone wp-image-120\" src=\"http:\/\/nova.terenna-doprava.sk\/wp-content\/uploads\/2016\/02\/plechVLOZKApera-300x224.jpg\" alt=\"plechVLOZKApera\" width=\"432\" height=\"323\" srcset=\"https:\/\/www.terenna-doprava.sk\/wp-content\/uploads\/2016\/02\/plechVLOZKApera-300x224.jpg 300w, https:\/\/www.terenna-doprava.sk\/wp-content\/uploads\/2016\/02\/plechVLOZKApera.jpg 480w\" sizes=\"auto, (max-width: 432px) 100vw, 432px\" \/><\/p>\n<p>novovyroben\u00e1 plechov\u00e1 vlo\u017eka do oka pera<\/p>\n<p><img loading=\"lazy\" decoding=\"async\" class=\"alignnone wp-image-119\" src=\"http:\/\/nova.terenna-doprava.sk\/wp-content\/uploads\/2016\/02\/skladaniePERA-300x224.jpg\" alt=\"skladaniePERA\" width=\"433\" height=\"323\" srcset=\"https:\/\/www.terenna-doprava.sk\/wp-content\/uploads\/2016\/02\/skladaniePERA-300x224.jpg 300w, https:\/\/www.terenna-doprava.sk\/wp-content\/uploads\/2016\/02\/skladaniePERA.jpg 480w\" sizes=\"auto, (max-width: 433px) 100vw, 433px\" \/><\/p>\n<p>skladanie listov\u00e9ho pera<\/p>\n<p><img loading=\"lazy\" decoding=\"async\" class=\"alignnone wp-image-118\" src=\"http:\/\/nova.terenna-doprava.sk\/wp-content\/uploads\/2016\/02\/zlozenePERO-300x181.jpg\" alt=\"zlozenePERO\" width=\"434\" height=\"262\" srcset=\"https:\/\/www.terenna-doprava.sk\/wp-content\/uploads\/2016\/02\/zlozenePERO-300x181.jpg 300w, https:\/\/www.terenna-doprava.sk\/wp-content\/uploads\/2016\/02\/zlozenePERO.jpg 480w\" sizes=\"auto, (max-width: 434px) 100vw, 434px\" \/><\/p>\n<p>zlo\u017een\u00e9 pero pred nastriekan\u00edm \u010diernou farbou<\/p>\n<p><img loading=\"lazy\" decoding=\"async\" class=\" wp-image-117\" src=\"http:\/\/nova.terenna-doprava.sk\/wp-content\/uploads\/2016\/02\/PURgumaSILON-300x224.jpg\" alt=\"OLYMPUS DIGITAL CAMERA\" width=\"437\" height=\"326\" srcset=\"https:\/\/www.terenna-doprava.sk\/wp-content\/uploads\/2016\/02\/PURgumaSILON-300x224.jpg 300w, https:\/\/www.terenna-doprava.sk\/wp-content\/uploads\/2016\/02\/PURgumaSILON.jpg 480w\" sizes=\"auto, (max-width: 437px) 100vw, 437px\" \/><\/p>\n<p class=\"rtecenter\">\u017elt\u00e9-silentbloky polyuret\u00e1nov\u00e9, biely-vyto\u010den\u00fd zo silonu, \u010dierny-p\u00f4vodn\u00fd gumen\u00fd<\/p>\n<p><strong>Po dlh\u0161ej dobe sa na rad dostala predn\u00e1 n\u00e1prava &#8211; vy\u010disti\u0165 a premaza\u0165 listov\u00e9 per\u00e1 a hlavne vlo\u017ei\u0165 dopredu va\u010dkov\u00fd samosvorn\u00fd diferenci\u00e1l. Prv\u00e9 subjekt\u00edvne pocity pri jazde s predn\u00fdm va\u010dkov\u00fdm (kol\u00ed\u010dkov\u00fdm) diferenci\u00e1lom s\u00fa vcelku priazniv\u00e9. Zd\u00e1 sa mi, \u017ee pri zaradenom prednom n\u00e1hone ide riadenie tuh\u0161ie ale nie je to ni\u010d stra\u0161n\u00e9. Ani na prachu resp. blate som nepozoroval nejak\u00fa neochotu zat\u00e1\u010da\u0165, alebo nejak\u00e9 nevypo\u010d\u00edtate\u013en\u00e9 jazdn\u00e9 vlastnosti. Uvid\u00edme v zime s namontovan\u00fdm pluhom.<\/strong><\/p>\n<p><img loading=\"lazy\" decoding=\"async\" class=\" wp-image-116\" src=\"http:\/\/nova.terenna-doprava.sk\/wp-content\/uploads\/2016\/02\/roazpolenaPREDNA-300x224.jpg\" alt=\"OLYMPUS DIGITAL CAMERA\" width=\"437\" height=\"326\" srcset=\"https:\/\/www.terenna-doprava.sk\/wp-content\/uploads\/2016\/02\/roazpolenaPREDNA-300x224.jpg 300w, https:\/\/www.terenna-doprava.sk\/wp-content\/uploads\/2016\/02\/roazpolenaPREDNA.jpg 480w\" sizes=\"auto, (max-width: 437px) 100vw, 437px\" \/><\/p>\n<p>rozpolen\u00e1 predn\u00e1 n\u00e1prava<\/p>\n<p><img loading=\"lazy\" decoding=\"async\" class=\" wp-image-115\" src=\"http:\/\/nova.terenna-doprava.sk\/wp-content\/uploads\/2016\/02\/zaberFARBA_0-300x224.jpg\" alt=\"OLYMPUS DIGITAL CAMERA\" width=\"437\" height=\"326\" srcset=\"https:\/\/www.terenna-doprava.sk\/wp-content\/uploads\/2016\/02\/zaberFARBA_0-300x224.jpg 300w, https:\/\/www.terenna-doprava.sk\/wp-content\/uploads\/2016\/02\/zaberFARBA_0.jpg 480w\" sizes=\"auto, (max-width: 437px) 100vw, 437px\" \/><\/p>\n<p>nastavenie z\u00e1beru &#8222;na farbu&#8220;<\/p>\n<p><img loading=\"lazy\" decoding=\"async\" class=\" wp-image-114\" src=\"http:\/\/nova.terenna-doprava.sk\/wp-content\/uploads\/2016\/02\/zmontPRpera-300x224.jpg\" alt=\"OLYMPUS DIGITAL CAMERA\" width=\"438\" height=\"327\" srcset=\"https:\/\/www.terenna-doprava.sk\/wp-content\/uploads\/2016\/02\/zmontPRpera-300x224.jpg 300w, https:\/\/www.terenna-doprava.sk\/wp-content\/uploads\/2016\/02\/zmontPRpera.jpg 480w\" sizes=\"auto, (max-width: 438px) 100vw, 438px\" \/><\/p>\n<p class=\"rtecenter\">zamontovan\u00e9 predn\u00e9 per\u00e1<\/p>\n<p><strong>Ako posklada\u0165 k\u013ab prednej poloosi ak sa po demont\u00e1\u017ei rozpadne?<\/strong><\/p>\n<p>Dlh\u0161iu \u010das\u0165 upn\u00fa\u0165 do zver\u00e1ka. Najprv vlo\u017ei\u0165 stredov\u00fa guli\u010dku, (m\u00e1 trochu v\u00e4\u010d\u0161\u00ed priemer ako ostatn\u00e9 \u0161tyri) potom prilo\u017ei\u0165 druh\u00fa \u010das\u0165 polosi a vlo\u017ei\u0165 dve guli\u010dky z jednej strany. Po vych\u00fdlen\u00ed vlo\u017ei\u0165 tretiu guli\u010dku. \u0160tvrt\u00e1 je najv\u00e4\u010d\u0161\u00ed probl\u00e9m ale ide to \u013eahko ak krat\u0161iu \u010das\u0165 poloosi trochu nadvihneme vo\u010di druhej \u010dasti.<\/p>\n<p><img loading=\"lazy\" decoding=\"async\" class=\" wp-image-113\" src=\"http:\/\/nova.terenna-doprava.sk\/wp-content\/uploads\/2016\/02\/zmontHOMOKLBU_0-232x300.jpg\" alt=\"OLYMPUS DIGITAL CAMERA\" width=\"437\" height=\"565\" srcset=\"https:\/\/www.terenna-doprava.sk\/wp-content\/uploads\/2016\/02\/zmontHOMOKLBU_0-232x300.jpg 232w, https:\/\/www.terenna-doprava.sk\/wp-content\/uploads\/2016\/02\/zmontHOMOKLBU_0-300x389.jpg 300w, https:\/\/www.terenna-doprava.sk\/wp-content\/uploads\/2016\/02\/zmontHOMOKLBU_0.jpg 480w\" sizes=\"auto, (max-width: 437px) 100vw, 437px\" \/><\/p>\n<p style=\"text-align: justify;\">po nadvihnut\u00ed\u00a0krat\u0161ej \u010dasti\u00a0sa d\u00e1 aj posledn\u00e1 guli\u010dka \u013eahko vlo\u017ei\u0165. Pri \u010fal\u0161ej manipul\u00e1cii ale pozor,\u00a0k\u013ab treba dr\u017ea\u0165 pokope aby sa nerozpadol. Ak je u\u017e zamontovan\u00fd\u00a0vo vn\u00fatri, kon\u0161trukcia oto\u010dn\u00e9ho \u010dapu ho dr\u017e\u00ed sama.<\/p>\n<h2><strong>\u010co nov\u00e9ho v roku 2011?<\/strong><\/h2>\n<p><img loading=\"lazy\" decoding=\"async\" class=\" wp-image-112\" src=\"http:\/\/nova.terenna-doprava.sk\/wp-content\/uploads\/2016\/02\/pluh-300x224.jpg\" alt=\"OLYMPUS DIGITAL CAMERA\" width=\"438\" height=\"327\" srcset=\"https:\/\/www.terenna-doprava.sk\/wp-content\/uploads\/2016\/02\/pluh-300x224.jpg 300w, https:\/\/www.terenna-doprava.sk\/wp-content\/uploads\/2016\/02\/pluh.jpg 480w\" sizes=\"auto, (max-width: 438px) 100vw, 438px\" \/><\/p>\n<p>na GAZa pribudlo elektrick\u00fdm navij\u00e1kom ovl\u00e1dan\u00e9 zdv\u00edhanie sne\u017en\u00e9ho pluhu s do\u010dasn\u00fdm umiesten\u00edm ovl\u00e1dania<\/p>\n<p><img loading=\"lazy\" decoding=\"async\" class=\"alignnone wp-image-111\" src=\"http:\/\/nova.terenna-doprava.sk\/wp-content\/uploads\/2016\/02\/ZIL-300x225.jpg\" alt=\"ZIL\" width=\"440\" height=\"330\" srcset=\"https:\/\/www.terenna-doprava.sk\/wp-content\/uploads\/2016\/02\/ZIL-300x225.jpg 300w, https:\/\/www.terenna-doprava.sk\/wp-content\/uploads\/2016\/02\/ZIL.jpg 480w\" sizes=\"auto, (max-width: 440px) 100vw, 440px\" \/><\/p>\n<p>dlho nebolo \u010do opravova\u0165 \ud83d\ude42 tak aspo\u0148 jedna pekn\u00e1 fotografia<\/p>\n<h1 class=\"rtecenter\" style=\"text-align: justify;\">Rok 2012<\/h1>\n<p style=\"text-align: justify;\">Dostalo sa mi do r\u00fak dynamo zo sne\u017enej fr\u00e9zy D470 &#8211; na b\u00e1ze ZIL157. Dynamo nedob\u00edjalo u\u017e zrejme dlh\u0161iu dobu. Po rozobrat\u00ed (bolo potrebn\u00e9 vyrobi\u0165 \u0161peci\u00e1lny k\u013e\u00fa\u010d) som zistil skrat na kostru jednej \u010dasti budiaceho vinutia a drobn\u00e9 po\u0161kodenie komut\u00e1tora od hl\u00e1v skrutiek. Po oprave dynamo dob\u00edja tak ako m\u00e1.<\/p>\n<p style=\"text-align: justify;\">Na dyname (motor na pohon fr\u00e9zy je radov\u00fd \u0161es\u0165valec &#8211; 1\/2 motora T34) je zauj\u00edmavo rie\u0161en\u00fd pohon &#8211; cez pru\u017en\u00fa hardyspojku s\u00a0trecou spojkou\u00a0proti pre\u0165a\u017eeniu a tie\u017e budiace vinutie ktor\u00e9 je rozdelen\u00e9 na dve dvojice cievok. Regul\u00e1tor dynama m\u00e1 tie\u017e dva samostatn\u00e9 v\u00fdvody pre budenie. Pre\u010do je to tak neviem, sn\u00e1\u010f t\u00fdm bolo sledovan\u00e9 ni\u017e\u0161ie pr\u00fadov\u00e9 za\u0165a\u017eenie ka\u017edej vetvy budenia.<\/p>\n<p><img loading=\"lazy\" decoding=\"async\" class=\" wp-image-110\" src=\"http:\/\/nova.terenna-doprava.sk\/wp-content\/uploads\/2016\/02\/D470-300x224.jpg\" alt=\"OLYMPUS DIGITAL CAMERA\" width=\"442\" height=\"330\" srcset=\"https:\/\/www.terenna-doprava.sk\/wp-content\/uploads\/2016\/02\/D470-300x224.jpg 300w, https:\/\/www.terenna-doprava.sk\/wp-content\/uploads\/2016\/02\/D470.jpg 480w\" sizes=\"auto, (max-width: 442px) 100vw, 442px\" \/><\/p>\n<p><img loading=\"lazy\" decoding=\"async\" class=\" wp-image-109\" src=\"http:\/\/nova.terenna-doprava.sk\/wp-content\/uploads\/2016\/02\/dynamoD470-300x192.jpg\" alt=\"OLYMPUS DIGITAL CAMERA\" width=\"444\" height=\"284\" srcset=\"https:\/\/www.terenna-doprava.sk\/wp-content\/uploads\/2016\/02\/dynamoD470-300x192.jpg 300w, https:\/\/www.terenna-doprava.sk\/wp-content\/uploads\/2016\/02\/dynamoD470.jpg 480w\" sizes=\"auto, (max-width: 444px) 100vw, 444px\" \/><\/p>\n<p>dynamo24V, cca 1500W<\/p>\n<p><img loading=\"lazy\" decoding=\"async\" class=\" wp-image-108\" src=\"http:\/\/nova.terenna-doprava.sk\/wp-content\/uploads\/2016\/02\/komutator-300x233.jpg\" alt=\"OLYMPUS DIGITAL CAMERA\" width=\"445\" height=\"346\" srcset=\"https:\/\/www.terenna-doprava.sk\/wp-content\/uploads\/2016\/02\/komutator-300x233.jpg 300w, https:\/\/www.terenna-doprava.sk\/wp-content\/uploads\/2016\/02\/komutator.jpg 480w\" sizes=\"auto, (max-width: 445px) 100vw, 445px\" \/><\/p>\n<p>po\u0161kodenie komut\u00e1tora od hl\u00e1v skrutiek<\/p>\n<p><img loading=\"lazy\" decoding=\"async\" class=\"alignnone wp-image-107\" src=\"http:\/\/nova.terenna-doprava.sk\/wp-content\/uploads\/2016\/02\/vinutie-300x224.jpg\" alt=\"vinutie\" width=\"445\" height=\"332\" srcset=\"https:\/\/www.terenna-doprava.sk\/wp-content\/uploads\/2016\/02\/vinutie-300x224.jpg 300w, https:\/\/www.terenna-doprava.sk\/wp-content\/uploads\/2016\/02\/vinutie.jpg 480w\" sizes=\"auto, (max-width: 445px) 100vw, 445px\" \/><\/p>\n<p>tu bolo vinutie skratovan\u00e9 na kostru<\/p>\n<p><img loading=\"lazy\" decoding=\"async\" class=\" wp-image-106\" src=\"http:\/\/nova.terenna-doprava.sk\/wp-content\/uploads\/2016\/02\/skuska-300x224.jpg\" alt=\"OLYMPUS DIGITAL CAMERA\" width=\"446\" height=\"333\" srcset=\"https:\/\/www.terenna-doprava.sk\/wp-content\/uploads\/2016\/02\/skuska-300x224.jpg 300w, https:\/\/www.terenna-doprava.sk\/wp-content\/uploads\/2016\/02\/skuska.jpg 480w\" sizes=\"auto, (max-width: 446px) 100vw, 446px\" \/><\/p>\n<p>sk\u00fa\u0161ka: pohon 3kW motorom rozbrusova\u010dky, nap\u00e4tie cez 28V,pr\u00fad cca 20A<\/p>\n<p><div style=\"width: 474px;\" class=\"wp-video\"><video class=\"wp-video-shortcode\" id=\"video-37-1\" width=\"474\" height=\"267\" preload=\"metadata\" controls=\"controls\"><source type=\"video\/mp4\" src=\"http:\/\/www.terenna-doprava.sk\/wp-content\/uploads\/2016\/02\/o2.mp4?_=1\" \/><a href=\"http:\/\/www.terenna-doprava.sk\/wp-content\/uploads\/2016\/02\/o2.mp4\">http:\/\/www.terenna-doprava.sk\/wp-content\/uploads\/2016\/02\/o2.mp4<\/a><\/video><\/div><br \/>\nMotor M20, prv\u00fd \u0161tart po GO<\/p>\n<p>&nbsp;<\/p>\n<p>&nbsp;<\/p>\n","protected":false},"excerpt":{"rendered":"<p>V r\u00e1mci servisu GAZ\/UAZ vykon\u00e1vame: v\u00fdmenu prev\u00e1dzkov\u00fdch kvapal\u00edn, kontrolu a nastavenie motorov, kontrolu a repas\u00e1ciu podvozkov\u00fdch a prevodov\u00fdch skup\u00edn. sada tesnen\u00ed na oto\u010dn\u00e9 hlavy prednej n\u00e1pravy zvisl\u00e9 \u010dapy UAZ n\u00e1hrada klzn\u00e9ho ulo\u017eenia valiv\u00fdm vizu\u00e1lne porovnanie\u00a0vlo\u017eiek listov\u00fdch pru\u017e\u00edn GAZ-UAZ pastorok diferenci\u00e1lu va\u010dkov\u00fd diferenci\u00e1l s\u0165ahovanie lo\u017eiska z klietky va\u010dkov\u00e9ho samosvoru k\u00f4\u0161 diferenci\u00e1lu s namontovanou &#8222;aussia locker&#8220; ur\u010den\u00fd &hellip; <a href=\"https:\/\/www.terenna-doprava.sk\/?page_id=37\" class=\"more-link\">Pokra\u010dova\u0165 na <span class=\"screen-reader-text\">Servis vozidiel GAZ a UAZ<\/span> <span class=\"meta-nav\">&rarr;<\/span><\/a><\/p>\n","protected":false},"author":1,"featured_media":0,"parent":0,"menu_order":0,"comment_status":"closed","ping_status":"closed","template":"","meta":{"footnotes":""},"class_list":["post-37","page","type-page","status-publish","hentry"],"_links":{"self":[{"href":"https:\/\/www.terenna-doprava.sk\/index.php?rest_route=\/wp\/v2\/pages\/37","targetHints":{"allow":["GET"]}}],"collection":[{"href":"https:\/\/www.terenna-doprava.sk\/index.php?rest_route=\/wp\/v2\/pages"}],"about":[{"href":"https:\/\/www.terenna-doprava.sk\/index.php?rest_route=\/wp\/v2\/types\/page"}],"author":[{"embeddable":true,"href":"https:\/\/www.terenna-doprava.sk\/index.php?rest_route=\/wp\/v2\/users\/1"}],"replies":[{"embeddable":true,"href":"https:\/\/www.terenna-doprava.sk\/index.php?rest_route=%2Fwp%2Fv2%2Fcomments&post=37"}],"version-history":[{"count":5,"href":"https:\/\/www.terenna-doprava.sk\/index.php?rest_route=\/wp\/v2\/pages\/37\/revisions"}],"predecessor-version":[{"id":670,"href":"https:\/\/www.terenna-doprava.sk\/index.php?rest_route=\/wp\/v2\/pages\/37\/revisions\/670"}],"wp:attachment":[{"href":"https:\/\/www.terenna-doprava.sk\/index.php?rest_route=%2Fwp%2Fv2%2Fmedia&parent=37"}],"curies":[{"name":"wp","href":"https:\/\/api.w.org\/{rel}","templated":true}]}}