{"id":39,"date":"2016-02-26T14:52:26","date_gmt":"2016-02-26T12:52:26","guid":{"rendered":"http:\/\/nova.terenna-doprava.sk\/?page_id=39"},"modified":"2016-02-26T15:51:03","modified_gmt":"2016-02-26T13:51:03","slug":"odborna-sposobilost-podla-noveho-zakona-562012-z-z","status":"publish","type":"page","link":"https:\/\/www.terenna-doprava.sk\/?page_id=39","title":{"rendered":"Odborn\u00e1 sp\u00f4sobilos\u0165 pod\u013ea nov\u00e9ho z\u00e1kona 56\/2012 Z.z."},"content":{"rendered":"<p>Za\u010d\u00ednate podnika\u0165 v doprave a ch\u00fdba V\u00e1m odborn\u00e1 sp\u00f4sobilos\u0165?<\/p>\n<p>Pon\u00fakame V\u00e1m na\u0161e slu\u017eby &#8211; poradenstvo a zodpovedn\u00fa osobu s odbornou sp\u00f4sobilos\u0165ou.<\/p>\n<p><strong>Odborn\u00e1 sp\u00f4sobilos\u0165 pod\u013ea nov\u00fdch pravidiel (z\u00e1kon 56\/2012 Z.z.) pre cestn\u00fa n\u00e1kladn\u00fa\/osobn\u00fa dopravu a pre taxislu\u017ebu.<\/strong><\/p>\n<p><img loading=\"lazy\" decoding=\"async\" class=\"alignnone  wp-image-80\" src=\"http:\/\/nova.terenna-doprava.sk\/wp-content\/uploads\/2016\/02\/taxi-uprava-webka-212x300.jpg\" alt=\"taxi-uprava-webka\" width=\"379\" height=\"536\" srcset=\"https:\/\/www.terenna-doprava.sk\/wp-content\/uploads\/2016\/02\/taxi-uprava-webka-212x300.jpg 212w, https:\/\/www.terenna-doprava.sk\/wp-content\/uploads\/2016\/02\/taxi-uprava-webka-300x424.jpg 300w, https:\/\/www.terenna-doprava.sk\/wp-content\/uploads\/2016\/02\/taxi-uprava-webka.jpg 480w\" sizes=\"auto, (max-width: 379px) 100vw, 379px\" \/><\/p>\n<p><img loading=\"lazy\" decoding=\"async\" class=\"alignnone  wp-image-81\" src=\"http:\/\/nova.terenna-doprava.sk\/wp-content\/uploads\/2016\/02\/osobna-nakladna-uprava-webka-212x300.jpg\" alt=\"osobna-nakladna-uprava-webka\" width=\"383\" height=\"542\" srcset=\"https:\/\/www.terenna-doprava.sk\/wp-content\/uploads\/2016\/02\/osobna-nakladna-uprava-webka-212x300.jpg 212w, https:\/\/www.terenna-doprava.sk\/wp-content\/uploads\/2016\/02\/osobna-nakladna-uprava-webka-300x424.jpg 300w, https:\/\/www.terenna-doprava.sk\/wp-content\/uploads\/2016\/02\/osobna-nakladna-uprava-webka.jpg 480w\" sizes=\"auto, (max-width: 383px) 100vw, 383px\" \/><\/p>\n","protected":false},"excerpt":{"rendered":"<p>Za\u010d\u00ednate podnika\u0165 v doprave a ch\u00fdba V\u00e1m odborn\u00e1 sp\u00f4sobilos\u0165? Pon\u00fakame V\u00e1m na\u0161e slu\u017eby &#8211; poradenstvo a zodpovedn\u00fa osobu s odbornou sp\u00f4sobilos\u0165ou. Odborn\u00e1 sp\u00f4sobilos\u0165 pod\u013ea nov\u00fdch pravidiel (z\u00e1kon 56\/2012 Z.z.) pre cestn\u00fa n\u00e1kladn\u00fa\/osobn\u00fa dopravu a pre taxislu\u017ebu.<\/p>\n","protected":false},"author":1,"featured_media":0,"parent":0,"menu_order":0,"comment_status":"closed","ping_status":"closed","template":"","meta":{"footnotes":""},"class_list":["post-39","page","type-page","status-publish","hentry"],"_links":{"self":[{"href":"https:\/\/www.terenna-doprava.sk\/index.php?rest_route=\/wp\/v2\/pages\/39","targetHints":{"allow":["GET"]}}],"collection":[{"href":"https:\/\/www.terenna-doprava.sk\/index.php?rest_route=\/wp\/v2\/pages"}],"about":[{"href":"https:\/\/www.terenna-doprava.sk\/index.php?rest_route=\/wp\/v2\/types\/page"}],"author":[{"embeddable":true,"href":"https:\/\/www.terenna-doprava.sk\/index.php?rest_route=\/wp\/v2\/users\/1"}],"replies":[{"embeddable":true,"href":"https:\/\/www.terenna-doprava.sk\/index.php?rest_route=%2Fwp%2Fv2%2Fcomments&post=39"}],"version-history":[{"count":3,"href":"https:\/\/www.terenna-doprava.sk\/index.php?rest_route=\/wp\/v2\/pages\/39\/revisions"}],"predecessor-version":[{"id":83,"href":"https:\/\/www.terenna-doprava.sk\/index.php?rest_route=\/wp\/v2\/pages\/39\/revisions\/83"}],"wp:attachment":[{"href":"https:\/\/www.terenna-doprava.sk\/index.php?rest_route=%2Fwp%2Fv2%2Fmedia&parent=39"}],"curies":[{"name":"wp","href":"https:\/\/api.w.org\/{rel}","templated":true}]}}