{"id":52,"date":"2016-02-26T14:57:41","date_gmt":"2016-02-26T12:57:41","guid":{"rendered":"http:\/\/nova.terenna-doprava.sk\/?page_id=52"},"modified":"2016-02-26T15:59:55","modified_gmt":"2016-02-26T13:59:55","slug":"gaz-69","status":"publish","type":"page","link":"https:\/\/www.terenna-doprava.sk\/?page_id=52","title":{"rendered":"GAZ 69"},"content":{"rendered":"<p><strong>GAZ 69 <\/strong>&#8211; osobn\u00fd ter\u00e9nny automobil ur\u010den\u00fd na prepravu os\u00f4b a n\u00e1kladu, pohon 4&#215;4:<\/p>\n<ul>\n<li>trval\u00fd pohon zadnej n\u00e1pravy, priradite\u013en\u00fd pohon prednej n\u00e1pravy<\/li>\n<li>motor radov\u00fd \u0161tvorvalec typu SV, v\u00fdkon\u00a045 KW, zdvihov\u00fd objem 2120 ccm<\/li>\n<li>kapacita\u00a08 os\u00f4b alebo\u00a02 osoby + 500 kg n\u00e1kladu<\/li>\n<li>mo\u017enos\u0165 pripojenia pr\u00edvesu s\u00a0celkovou hmotnos\u0165ou cca 600 kg<\/li>\n<li>st\u00fapavos\u0165 na pevnom podklade bez pr\u00edvesu 30\u00b0<\/li>\n<li>najmen\u0161ia svetl\u00e1 v\u00fd\u0161ka pod diferenci\u00e1lmi 210 mm<\/li>\n<li>extra:\u00a0predn\u00e1 a zadn\u00e1\u00a0n\u00e1prava vybaven\u00e1\u00a0automatick\u00fdmi uz\u00e1vierkami\u00a0diferenci\u00e1lov<\/li>\n<li>extra: elektrick\u00fd navij\u00e1k vpredu, mo\u017enos\u0165 upevnenia snehov\u00e9ho pluhu<\/li>\n<\/ul>\n<p><img loading=\"lazy\" decoding=\"async\" class=\" wp-image-99\" src=\"http:\/\/nova.terenna-doprava.sk\/wp-content\/uploads\/2016\/02\/gaz69-300x209.jpg\" alt=\"OLYMPUS DIGITAL CAMERA\" width=\"451\" height=\"314\" srcset=\"https:\/\/www.terenna-doprava.sk\/wp-content\/uploads\/2016\/02\/gaz69-300x209.jpg 300w, https:\/\/www.terenna-doprava.sk\/wp-content\/uploads\/2016\/02\/gaz69.jpg 480w\" sizes=\"auto, (max-width: 451px) 100vw, 451px\" \/><\/p>\n<p><img loading=\"lazy\" decoding=\"async\" class=\" wp-image-98\" src=\"http:\/\/nova.terenna-doprava.sk\/wp-content\/uploads\/2016\/02\/krizenie-300x224.jpg\" alt=\"OLYMPUS DIGITAL CAMERA\" width=\"451\" height=\"337\" srcset=\"https:\/\/www.terenna-doprava.sk\/wp-content\/uploads\/2016\/02\/krizenie-300x224.jpg 300w, https:\/\/www.terenna-doprava.sk\/wp-content\/uploads\/2016\/02\/krizenie.jpg 480w\" sizes=\"auto, (max-width: 451px) 100vw, 451px\" \/><\/p>\n<p><img loading=\"lazy\" decoding=\"async\" class=\" wp-image-97\" src=\"http:\/\/nova.terenna-doprava.sk\/wp-content\/uploads\/2016\/02\/GAZ_GAZ480xXXX-300x225.jpg\" alt=\"OLYMPUS DIGITAL CAMERA\" width=\"452\" height=\"339\" srcset=\"https:\/\/www.terenna-doprava.sk\/wp-content\/uploads\/2016\/02\/GAZ_GAZ480xXXX-300x225.jpg 300w, https:\/\/www.terenna-doprava.sk\/wp-content\/uploads\/2016\/02\/GAZ_GAZ480xXXX.jpg 480w\" sizes=\"auto, (max-width: 452px) 100vw, 452px\" \/><\/p>\n","protected":false},"excerpt":{"rendered":"<p>GAZ 69 &#8211; osobn\u00fd ter\u00e9nny automobil ur\u010den\u00fd na prepravu os\u00f4b a n\u00e1kladu, pohon 4&#215;4: trval\u00fd pohon zadnej n\u00e1pravy, priradite\u013en\u00fd pohon prednej n\u00e1pravy motor radov\u00fd \u0161tvorvalec typu SV, v\u00fdkon\u00a045 KW, zdvihov\u00fd objem 2120 ccm kapacita\u00a08 os\u00f4b alebo\u00a02 osoby + 500 kg n\u00e1kladu mo\u017enos\u0165 pripojenia pr\u00edvesu s\u00a0celkovou hmotnos\u0165ou cca 600 kg st\u00fapavos\u0165 na pevnom podklade bez pr\u00edvesu &hellip; <a href=\"https:\/\/www.terenna-doprava.sk\/?page_id=52\" class=\"more-link\">Pokra\u010dova\u0165 na <span class=\"screen-reader-text\">GAZ 69<\/span> <span class=\"meta-nav\">&rarr;<\/span><\/a><\/p>\n","protected":false},"author":1,"featured_media":0,"parent":0,"menu_order":0,"comment_status":"closed","ping_status":"closed","template":"","meta":{"footnotes":""},"class_list":["post-52","page","type-page","status-publish","hentry"],"_links":{"self":[{"href":"https:\/\/www.terenna-doprava.sk\/index.php?rest_route=\/wp\/v2\/pages\/52","targetHints":{"allow":["GET"]}}],"collection":[{"href":"https:\/\/www.terenna-doprava.sk\/index.php?rest_route=\/wp\/v2\/pages"}],"about":[{"href":"https:\/\/www.terenna-doprava.sk\/index.php?rest_route=\/wp\/v2\/types\/page"}],"author":[{"embeddable":true,"href":"https:\/\/www.terenna-doprava.sk\/index.php?rest_route=\/wp\/v2\/users\/1"}],"replies":[{"embeddable":true,"href":"https:\/\/www.terenna-doprava.sk\/index.php?rest_route=%2Fwp%2Fv2%2Fcomments&post=52"}],"version-history":[{"count":2,"href":"https:\/\/www.terenna-doprava.sk\/index.php?rest_route=\/wp\/v2\/pages\/52\/revisions"}],"predecessor-version":[{"id":104,"href":"https:\/\/www.terenna-doprava.sk\/index.php?rest_route=\/wp\/v2\/pages\/52\/revisions\/104"}],"wp:attachment":[{"href":"https:\/\/www.terenna-doprava.sk\/index.php?rest_route=%2Fwp%2Fv2%2Fmedia&parent=52"}],"curies":[{"name":"wp","href":"https:\/\/api.w.org\/{rel}","templated":true}]}}