{"id":58,"date":"2016-02-26T15:00:27","date_gmt":"2016-02-26T13:00:27","guid":{"rendered":"http:\/\/nova.terenna-doprava.sk\/?page_id=58"},"modified":"2021-11-24T14:11:53","modified_gmt":"2021-11-24T12:11:53","slug":"cennik","status":"publish","type":"page","link":"https:\/\/www.terenna-doprava.sk\/?page_id=58","title":{"rendered":"Cenn\u00edk slu\u017eieb"},"content":{"rendered":"\n<figure class=\"wp-block-table\"><table><tbody><tr><td>&nbsp;<\/td><td>Ka\u017ed\u00fdch za\u010dat\u00fdch 15 min\u00fat jazdy v ter\u00e9ne<\/td><td>Ka\u017ed\u00fdch za\u010dat\u00fdch 15 min\u00fat pr\u00e1ce s HR<\/td><td>Ka\u017ed\u00fdch za\u010dat\u00fdch 15 min\u00fat stojn\u00e9<\/td><\/tr><tr><td><strong>GAZ 69<\/strong><\/td><td><strong>5,5&nbsp;\u20ac<\/strong><\/td><td><strong>0,45 \u20ac\/1 km <\/strong>(cestn\u00e1 komunik\u00e1cia)<\/td><td><strong>2,5 \u20ac<\/strong><\/td><\/tr><tr><td><strong>UAZ<\/strong> <strong>452<\/strong><\/td><td><\/td><td><\/td><td><\/td><\/tr><\/tbody><\/table><\/figure>\n\n\n\n<p>Uveden\u00e9 ceny s\u00fa orienta\u010dn\u00e9, skuto\u010dn\u00e1 cena m\u00f4\u017ee by\u0165 predmetom dohody a z\u00e1vis\u00ed hlavne od obtia\u017enosti ter\u00e9nu a hmotnosti prepravovan\u00e9ho n\u00e1kladu.<\/p>\n\n\n\n<figure class=\"wp-block-table\"><table><tbody><tr><td>&nbsp;<\/td><td>1 km jazdy<\/td><td>Ka\u017ed\u00fdch za\u010dat\u00fdch 15 min\u00fat pr\u00e1ce s HR<\/td><td>Ka\u017ed\u00fdch za\u010dat\u00fdch 15 min\u00fat stojn\u00e9<\/td><\/tr><tr><td><strong>MAN 18.224<\/strong><\/td><td><strong>1,0 \u20ac +m\u00fdtne poplatky<\/strong><\/td><td><strong>7,50 \u20ac<\/strong><\/td><td><strong>2,50 \u20ac<\/strong><\/td><\/tr><\/tbody><\/table><\/figure>\n\n\n\n<p>Uveden\u00e9 ceny m\u00f4\u017eu by\u0165 predmetom dohody v pr\u00edpade opakovan\u00fdch prepr\u00e1v, resp. v\u00e4\u010d\u0161ieho objemu prepr\u00e1v.<\/p>\n\n\n\n<figure class=\"wp-block-table\"><table><tbody><tr><td>Servis GAZ\/UAZ<\/td><td><strong>12,5 \u20ac\/hod<\/strong><\/td><\/tr><tr><td>Odborn\u00e1 sp\u00f4sobilos\u0165<\/td><td><strong>20 \u20ac\/mesiac<\/strong><\/td><\/tr><tr><td>Poradenstvo<\/td><td><strong>16 \u20ac\/hodina alebo dohodnut\u00e1 \u010diastka za \u00fakon<\/strong><\/td><\/tr><\/tbody><\/table><\/figure>\n\n\n\n<p>Nie sme platcovia DPH.<\/p>\n\r\n","protected":false},"excerpt":{"rendered":"<p>&nbsp; Ka\u017ed\u00fdch za\u010dat\u00fdch 15 min\u00fat jazdy v ter\u00e9ne Ka\u017ed\u00fdch za\u010dat\u00fdch 15 min\u00fat pr\u00e1ce s HR Ka\u017ed\u00fdch za\u010dat\u00fdch 15 min\u00fat stojn\u00e9 GAZ 69 5,5&nbsp;\u20ac 0,45 \u20ac\/1 km (cestn\u00e1 komunik\u00e1cia) 2,5 \u20ac UAZ 452 Uveden\u00e9 ceny s\u00fa orienta\u010dn\u00e9, skuto\u010dn\u00e1 cena m\u00f4\u017ee by\u0165 predmetom dohody a z\u00e1vis\u00ed hlavne od obtia\u017enosti ter\u00e9nu a hmotnosti prepravovan\u00e9ho n\u00e1kladu. &nbsp; 1 km &hellip; <a href=\"https:\/\/www.terenna-doprava.sk\/?page_id=58\" class=\"more-link\">Pokra\u010dova\u0165 na <span class=\"screen-reader-text\">Cenn\u00edk slu\u017eieb<\/span> <span class=\"meta-nav\">&rarr;<\/span><\/a><\/p>\n","protected":false},"author":1,"featured_media":0,"parent":0,"menu_order":0,"comment_status":"closed","ping_status":"closed","template":"","meta":{"footnotes":""},"class_list":["post-58","page","type-page","status-publish","hentry"],"_links":{"self":[{"href":"https:\/\/www.terenna-doprava.sk\/index.php?rest_route=\/wp\/v2\/pages\/58","targetHints":{"allow":["GET"]}}],"collection":[{"href":"https:\/\/www.terenna-doprava.sk\/index.php?rest_route=\/wp\/v2\/pages"}],"about":[{"href":"https:\/\/www.terenna-doprava.sk\/index.php?rest_route=\/wp\/v2\/types\/page"}],"author":[{"embeddable":true,"href":"https:\/\/www.terenna-doprava.sk\/index.php?rest_route=\/wp\/v2\/users\/1"}],"replies":[{"embeddable":true,"href":"https:\/\/www.terenna-doprava.sk\/index.php?rest_route=%2Fwp%2Fv2%2Fcomments&post=58"}],"version-history":[{"count":3,"href":"https:\/\/www.terenna-doprava.sk\/index.php?rest_route=\/wp\/v2\/pages\/58\/revisions"}],"predecessor-version":[{"id":1143,"href":"https:\/\/www.terenna-doprava.sk\/index.php?rest_route=\/wp\/v2\/pages\/58\/revisions\/1143"}],"wp:attachment":[{"href":"https:\/\/www.terenna-doprava.sk\/index.php?rest_route=%2Fwp%2Fv2%2Fmedia&parent=58"}],"curies":[{"name":"wp","href":"https:\/\/api.w.org\/{rel}","templated":true}]}}