{"id":584,"date":"2016-03-04T09:23:04","date_gmt":"2016-03-04T07:23:04","guid":{"rendered":"http:\/\/nova.terenna-doprava.sk\/?page_id=584"},"modified":"2016-03-04T10:14:22","modified_gmt":"2016-03-04T08:14:22","slug":"prenesenie-celeho-vykonu-motora-jednym-kolesom","status":"publish","type":"page","link":"https:\/\/www.terenna-doprava.sk\/?page_id=584","title":{"rendered":"Prenesenie cel\u00e9ho v\u00fdkonu motora jedn\u00fdm kolesom :-)"},"content":{"rendered":"<p>Mo\u017eno niektor\u00ed postrehli, \u017ee pri prezent\u00e1cii nov\u00fdch modelov ter\u00e9nnych vozidiel sa v\u00fdrobca chv\u00e1li, \u017ee v pr\u00edpade potreby dok\u00e1\u017ee vyspel\u00fd syst\u00e9m pohonu v pr\u00edpade potreby posla\u0165 v\u0161etku silu motora na koleso s dobrou pri\u013enavos\u0165ou. Nikdy mi to ne\u0161lo do hlavy, preto\u017ee mi bolo jasn\u00e9, \u017ee jedna poloos nedok\u00e1\u017ee prenies\u0165 cel\u00fd v\u00fdkon, lep\u0161ie povedan\u00e9 redukciami zn\u00e1soben\u00fd kr\u00fatiaci moment motora bez ujmy. Tak som si to v r\u00e1mci \u0161koly jazdy v ter\u00e9ne overil a zistil som (s\u00edce na GAZe) \u017ee tomu tak naozaj nie je.<\/p>\n<p>Na statickom zariaden\u00ed som lo\u017eiskami imitoval pod troma kolesami (dve zadn\u00e9 a prav\u00e9 predn\u00e9) povrch s nulovou pri\u013enavos\u0165ou. V\u010faka tomu, \u017ee m\u00f4j GAZ m\u00e1 vzadu automatick\u00fa 100% uz\u00e1vierku a vpredu va\u010dkov\u00fd samosvor tak som po\u010d\u00edtal, \u017ee aj jedn\u00fdm kolesom na pevnom podklade sa dok\u00e1\u017ee pohn\u00fa\u0165.<\/p>\n<p>Skuto\u010dne sa aj pohol, aj dopredu aj dozadu pokia\u013e som mu pod \u013eav\u00e9 predn\u00e9 koleso z oboch str\u00e1n nevlo\u017eil kliny. Po vlo\u017een\u00ed klinov a pokuse pohn\u00fa\u0165 sa na redukovanej jednotke  \u013eav\u00e9 predn\u00e9 koleso prehrablo, ozvalo sa &#8222;pr\u00e1\u00e1\u00e1sk&#8220; a bolo po poloosi.<\/p>\n<p>Poloos sa zlomila nie v k\u013abe (koles\u00e1 boli rovno) ale asi 15cm za k\u013abom. Dalo by sa namieta\u0165, \u017ee mohla by\u0165 v tom mieste vada. Zrejme vadn\u00e1 nebola, preto\u017ee dr\u00e1\u017ekovan\u00fd koniec ktor\u00fd zapad\u00e1 v difer\u00e1ku do dr\u00e1\u017eok plan\u00e9tov\u00e9ho kolesa bol skr\u00faten\u00fd tak, \u017ee poloos som musel vybera\u0165 vyrazen\u00edm z opa\u010dnej strany &#8211; po demont\u00e1\u017ei prav\u00e9ho predn\u00e9ho kolesa.<\/p>\n<figure id=\"attachment_629\" aria-describedby=\"caption-attachment-629\" style=\"width: 300px\" class=\"wp-caption alignnone\"><img loading=\"lazy\" decoding=\"async\" src=\"http:\/\/nova.terenna-doprava.sk\/wp-content\/uploads\/2016\/03\/pohlad-dovnutra-nohavice-300x224.jpg\" alt=\"OLYMPUS DIGITAL CAMERA\" width=\"300\" height=\"224\" class=\"size-medium wp-image-629\" srcset=\"https:\/\/www.terenna-doprava.sk\/wp-content\/uploads\/2016\/03\/pohlad-dovnutra-nohavice-300x224.jpg 300w, https:\/\/www.terenna-doprava.sk\/wp-content\/uploads\/2016\/03\/pohlad-dovnutra-nohavice.jpg 480w\" sizes=\"auto, (max-width: 300px) 100vw, 300px\" \/><figcaption id=\"caption-attachment-629\" class=\"wp-caption-text\">poh\u013ead dovn\u00fatra nohavice na zlomen\u00fa poloos<\/figcaption><\/figure>\n<figure id=\"attachment_628\" aria-describedby=\"caption-attachment-628\" style=\"width: 300px\" class=\"wp-caption alignnone\"><img loading=\"lazy\" decoding=\"async\" src=\"http:\/\/nova.terenna-doprava.sk\/wp-content\/uploads\/2016\/03\/zlomenina-300x224.jpg\" alt=\"OLYMPUS DIGITAL CAMERA\" width=\"300\" height=\"224\" class=\"size-medium wp-image-628\" srcset=\"https:\/\/www.terenna-doprava.sk\/wp-content\/uploads\/2016\/03\/zlomenina-300x224.jpg 300w, https:\/\/www.terenna-doprava.sk\/wp-content\/uploads\/2016\/03\/zlomenina.jpg 480w\" sizes=\"auto, (max-width: 300px) 100vw, 300px\" \/><figcaption id=\"caption-attachment-628\" class=\"wp-caption-text\">druh\u00e1 \u010das\u0165 zlomenej poloosi<\/figcaption><\/figure>\n<figure id=\"attachment_626\" aria-describedby=\"caption-attachment-626\" style=\"width: 300px\" class=\"wp-caption alignnone\"><img loading=\"lazy\" decoding=\"async\" src=\"http:\/\/nova.terenna-doprava.sk\/wp-content\/uploads\/2016\/03\/skuska_0-300x223.jpg\" alt=\"skuska_0\" width=\"300\" height=\"223\" class=\"alignnone size-medium wp-image-627\" srcset=\"https:\/\/www.terenna-doprava.sk\/wp-content\/uploads\/2016\/03\/skuska_0-300x223.jpg 300w, https:\/\/www.terenna-doprava.sk\/wp-content\/uploads\/2016\/03\/skuska_0.jpg 480w\" sizes=\"auto, (max-width: 300px) 100vw, 300px\" \/><figcaption id=\"caption-attachment-626\" class=\"wp-caption-text\"><br \/>\nPred sk\u00fa\u0161kou &#8211; tri koles\u00e1 na plo\u0161in\u00e1ch s valiv\u00fdm ulo\u017een\u00edm &#8230;<\/figcaption><\/figure>\n<figure id=\"attachment_626\" aria-describedby=\"caption-attachment-626\" style=\"width: 300px\" class=\"wp-caption alignnone\"><img loading=\"lazy\" decoding=\"async\" src=\"http:\/\/nova.terenna-doprava.sk\/wp-content\/uploads\/2016\/03\/kliny-300x224.jpg\" alt=\"OLYMPUS DIGITAL CAMERA\" width=\"300\" height=\"224\" class=\"size-medium wp-image-626\" srcset=\"https:\/\/www.terenna-doprava.sk\/wp-content\/uploads\/2016\/03\/kliny-300x224.jpg 300w, https:\/\/www.terenna-doprava.sk\/wp-content\/uploads\/2016\/03\/kliny.jpg 480w\" sizes=\"auto, (max-width: 300px) 100vw, 300px\" \/><figcaption id=\"caption-attachment-626\" class=\"wp-caption-text\">&#8230; a \u0161tvrt\u00e9 koleso podlo\u017een\u00e9 neve\u013ek\u00fdmi klinmy<\/figcaption><\/figure>\n","protected":false},"excerpt":{"rendered":"<p>Mo\u017eno niektor\u00ed postrehli, \u017ee pri prezent\u00e1cii nov\u00fdch modelov ter\u00e9nnych vozidiel sa v\u00fdrobca chv\u00e1li, \u017ee v pr\u00edpade potreby dok\u00e1\u017ee vyspel\u00fd syst\u00e9m pohonu v pr\u00edpade potreby posla\u0165 v\u0161etku silu motora na koleso s dobrou pri\u013enavos\u0165ou. Nikdy mi to ne\u0161lo do hlavy, preto\u017ee mi bolo jasn\u00e9, \u017ee jedna poloos nedok\u00e1\u017ee prenies\u0165 cel\u00fd v\u00fdkon, lep\u0161ie povedan\u00e9 redukciami zn\u00e1soben\u00fd kr\u00fatiaci &hellip; <a href=\"https:\/\/www.terenna-doprava.sk\/?page_id=584\" class=\"more-link\">Pokra\u010dova\u0165 na <span class=\"screen-reader-text\">Prenesenie cel\u00e9ho v\u00fdkonu motora jedn\u00fdm kolesom \ud83d\ude42<\/span> <span class=\"meta-nav\">&rarr;<\/span><\/a><\/p>\n","protected":false},"author":1,"featured_media":0,"parent":0,"menu_order":0,"comment_status":"closed","ping_status":"closed","template":"","meta":{"footnotes":""},"class_list":["post-584","page","type-page","status-publish","hentry"],"_links":{"self":[{"href":"https:\/\/www.terenna-doprava.sk\/index.php?rest_route=\/wp\/v2\/pages\/584","targetHints":{"allow":["GET"]}}],"collection":[{"href":"https:\/\/www.terenna-doprava.sk\/index.php?rest_route=\/wp\/v2\/pages"}],"about":[{"href":"https:\/\/www.terenna-doprava.sk\/index.php?rest_route=\/wp\/v2\/types\/page"}],"author":[{"embeddable":true,"href":"https:\/\/www.terenna-doprava.sk\/index.php?rest_route=\/wp\/v2\/users\/1"}],"replies":[{"embeddable":true,"href":"https:\/\/www.terenna-doprava.sk\/index.php?rest_route=%2Fwp%2Fv2%2Fcomments&post=584"}],"version-history":[{"count":8,"href":"https:\/\/www.terenna-doprava.sk\/index.php?rest_route=\/wp\/v2\/pages\/584\/revisions"}],"predecessor-version":[{"id":636,"href":"https:\/\/www.terenna-doprava.sk\/index.php?rest_route=\/wp\/v2\/pages\/584\/revisions\/636"}],"wp:attachment":[{"href":"https:\/\/www.terenna-doprava.sk\/index.php?rest_route=%2Fwp%2Fv2%2Fmedia&parent=584"}],"curies":[{"name":"wp","href":"https:\/\/api.w.org\/{rel}","templated":true}]}}