{"id":586,"date":"2016-03-04T09:23:59","date_gmt":"2016-03-04T07:23:59","guid":{"rendered":"http:\/\/nova.terenna-doprava.sk\/?page_id=586"},"modified":"2016-03-04T09:23:59","modified_gmt":"2016-03-04T07:23:59","slug":"jazda-v-terene-vseobecne","status":"publish","type":"page","link":"https:\/\/www.terenna-doprava.sk\/?page_id=586","title":{"rendered":"Jazda v ter\u00e9ne v\u0161eobecne"},"content":{"rendered":"<p>V\u0161eobecn\u00e9 z\u00e1sady jazdy v ter\u00e9ne mo\u017eno sumarizova\u0165 nasledovne:<\/p>\n<p>    treba by\u0165 s\u00fastreden\u00fd a pozorova\u0165 ter\u00e9n nielen tesne pred vozidlom ale aj \u010falej v smere jazdy,<br \/>\n    treba ma\u0165 dobr\u00fd odhad ve\u013ekosti prek\u00e1\u017eok (hlavne v\u00fd\u0161ky a h\u013ebky) a v tejto s\u00favislosti pozna\u0165 mo\u017enosti vozidla,<br \/>\n    pos\u00fadi\u0165 \u010di je cesta zjazdn\u00e1 aj opa\u010dnym smerom, pr\u00edpadne \u010di existuje in\u00e1 cesta sp\u00e4\u0165 a to aj s oh\u013eadom na zmenu po\u010dasia,<br \/>\n    nepodcenova\u0165 prek\u00e1\u017eky a trvalo vyhodnocova\u0165 situ\u00e1ciu.<\/p>\n<p>U  vodi\u010da by malo by\u0165 samozrejmos\u0165ou zvl\u00e1dnutie:<\/p>\n<p>    plynulej jazdy bez &#8222;\u0161kubania&#8220;,<br \/>\n    citliv\u00e9 nar\u00e1banie plynov\u00fdm ped\u00e1lom,<br \/>\n    ponech\u00e1vanie z\u00e1lohy v\u00fdkonu pre kritick\u00e9 momenty,<br \/>\n    radenie potrebn\u00fdch prevodov\u00fdch stup\u0148ov, pr\u00eddavn\u00fdch n\u00e1honov a uz\u00e1vierok v\u010das tak, aby sa n\u00e1sledne mohol plne venova\u0165 prek\u00e1\u017eke.<\/p>\n","protected":false},"excerpt":{"rendered":"<p>V\u0161eobecn\u00e9 z\u00e1sady jazdy v ter\u00e9ne mo\u017eno sumarizova\u0165 nasledovne: treba by\u0165 s\u00fastreden\u00fd a pozorova\u0165 ter\u00e9n nielen tesne pred vozidlom ale aj \u010falej v smere jazdy, treba ma\u0165 dobr\u00fd odhad ve\u013ekosti prek\u00e1\u017eok (hlavne v\u00fd\u0161ky a h\u013ebky) a v tejto s\u00favislosti pozna\u0165 mo\u017enosti vozidla, pos\u00fadi\u0165 \u010di je cesta zjazdn\u00e1 aj opa\u010dnym smerom, pr\u00edpadne \u010di existuje in\u00e1 cesta sp\u00e4\u0165 &hellip; <a href=\"https:\/\/www.terenna-doprava.sk\/?page_id=586\" class=\"more-link\">Pokra\u010dova\u0165 na <span class=\"screen-reader-text\">Jazda v ter\u00e9ne v\u0161eobecne<\/span> <span class=\"meta-nav\">&rarr;<\/span><\/a><\/p>\n","protected":false},"author":1,"featured_media":0,"parent":0,"menu_order":0,"comment_status":"closed","ping_status":"closed","template":"","meta":{"footnotes":""},"class_list":["post-586","page","type-page","status-publish","hentry"],"_links":{"self":[{"href":"https:\/\/www.terenna-doprava.sk\/index.php?rest_route=\/wp\/v2\/pages\/586","targetHints":{"allow":["GET"]}}],"collection":[{"href":"https:\/\/www.terenna-doprava.sk\/index.php?rest_route=\/wp\/v2\/pages"}],"about":[{"href":"https:\/\/www.terenna-doprava.sk\/index.php?rest_route=\/wp\/v2\/types\/page"}],"author":[{"embeddable":true,"href":"https:\/\/www.terenna-doprava.sk\/index.php?rest_route=\/wp\/v2\/users\/1"}],"replies":[{"embeddable":true,"href":"https:\/\/www.terenna-doprava.sk\/index.php?rest_route=%2Fwp%2Fv2%2Fcomments&post=586"}],"version-history":[{"count":1,"href":"https:\/\/www.terenna-doprava.sk\/index.php?rest_route=\/wp\/v2\/pages\/586\/revisions"}],"predecessor-version":[{"id":587,"href":"https:\/\/www.terenna-doprava.sk\/index.php?rest_route=\/wp\/v2\/pages\/586\/revisions\/587"}],"wp:attachment":[{"href":"https:\/\/www.terenna-doprava.sk\/index.php?rest_route=%2Fwp%2Fv2%2Fmedia&parent=586"}],"curies":[{"name":"wp","href":"https:\/\/api.w.org\/{rel}","templated":true}]}}