{"id":588,"date":"2016-03-04T09:24:30","date_gmt":"2016-03-04T07:24:30","guid":{"rendered":"http:\/\/nova.terenna-doprava.sk\/?page_id=588"},"modified":"2016-03-04T09:24:30","modified_gmt":"2016-03-04T07:24:30","slug":"jazda-sikmo-po-svahu-alebo-po-vrstevnici","status":"publish","type":"page","link":"https:\/\/www.terenna-doprava.sk\/?page_id=588","title":{"rendered":"Jazda \u0161ikmo po svahu alebo po vrstevnici"},"content":{"rendered":"<p>Pri jazde \u0161ikmo po svahu je dobre si uvedomi\u0165, \u017ee je zv\u00fd\u0161en\u00e9 riziko bo\u010dn\u00e9ho \u0161myknutia vozidla. Ak pri takomto \u0161myknut\u00ed naberie vozidlo v\u00e4\u010d\u0161iu bo\u010dn\u00fa r\u00fdchlos\u0165 a n\u00e1sledne d\u00f4jde k zastavenie bo\u010dn\u00e9ho posunu na ter\u00e9nnej nerovnosti m\u00f4\u017ee v d\u00f4sledku zotrva\u010dnosti d\u00f4js\u0165 \u013eahko k prevr\u00e1teniu vozidla. Z\u00e1sadn\u00fd vplyv pri jazde na \u0161ikmo po svahu alebo po vrstevnici maj\u00fa spr\u00e1vne nahusten\u00e9 pneumatiky a dobre rozmiestnen\u00fd a fixovan\u00fd n\u00e1klad. Podhusten\u00e9 pneumatiky sa vych\u00fdlia smerom k svahu a t\u00fdm poru\u0161ia stabilitu vozidla.<\/p>\n<p>Pri jazde po vrstevnici alebo \u0161ikmo po svahu resp. je potrebn\u00e9:<\/p>\n<p>    usadi\u0165 prev\u00e1\u017ean\u00e9 osoby smerom k svahu, v \u017eiadnom pr\u00edpade by nemali st\u00e1\u0165,<br \/>\n    poriadne upevni\u0165 n\u00e1klad &#8211; pri jeho pr\u00edpadnom posunut\u00ed a zastaven\u00ed m\u00f4\u017ee d\u00f4js\u0165 k dynamick\u00e9mu r\u00e1zu a prevr\u00e1teniu vozidla,<br \/>\n    uvedomi\u0165 si riziko bo\u010dn\u00e9ho \u0161myku (aj na suchom svahu), na mokrom svahu je jazda po vrstevnici takmer nerealizovate\u013en\u00e1,<br \/>\n    vyh\u013ead\u00e1va\u0165 ter\u00e9nne \u010diary a vies\u0165 jednu stranu vozidla cez ne, \u010d\u00edm sa zn\u00ed\u017ei riziko bo\u010dn\u00e9ho \u0161myku.<\/p>\n<p>Tie\u017e je dobr\u00e9 si uvedomi\u0165,\u017ee pri jazde \u0161ikmo po svahu pri absencii osovej u\u00e1vierky (resp. ak je vypnut\u00e1) vozidlo lep\u0161ie dr\u017e\u00ed stopu a menej sa \u0161m\u00fdka bokom, preto\u017ee pre\u0161mykne len koleso, ktor\u00e9 prv\u00e9 strat\u00ed trakciu. To druh\u00e9 na tej istej osi zatia\u013e zabezpe\u010d\u00ed bo\u010dn\u00e9 vedenie. Pri zapnut\u00ed osovej uz\u00e1vierky za prevdepodobne dostaneme \u010falej, riziko bo\u010dn\u00e9ho \u0161myku je podstatne vy\u0161\u0161ie. Ak je na to \u010das a sk\u00fasenosti, d\u00e1 sa podhusti\u0165 koleso privr\u00e1ten\u00e9 ku svahu (to, ktor\u00e9 je vy\u0161\u0161ie). Jednak sa t\u00fdm \u010diasto\u010dne zlep\u0161\u00ed poloha \u0165a\u017eiska, a takisto sa zlep\u0161\u00ed trakcia od\u013eah\u010den\u00e9ho kolesa.<\/p>\n","protected":false},"excerpt":{"rendered":"<p>Pri jazde \u0161ikmo po svahu je dobre si uvedomi\u0165, \u017ee je zv\u00fd\u0161en\u00e9 riziko bo\u010dn\u00e9ho \u0161myknutia vozidla. Ak pri takomto \u0161myknut\u00ed naberie vozidlo v\u00e4\u010d\u0161iu bo\u010dn\u00fa r\u00fdchlos\u0165 a n\u00e1sledne d\u00f4jde k zastavenie bo\u010dn\u00e9ho posunu na ter\u00e9nnej nerovnosti m\u00f4\u017ee v d\u00f4sledku zotrva\u010dnosti d\u00f4js\u0165 \u013eahko k prevr\u00e1teniu vozidla. Z\u00e1sadn\u00fd vplyv pri jazde na \u0161ikmo po svahu alebo po vrstevnici &hellip; <a href=\"https:\/\/www.terenna-doprava.sk\/?page_id=588\" class=\"more-link\">Pokra\u010dova\u0165 na <span class=\"screen-reader-text\">Jazda \u0161ikmo po svahu alebo po vrstevnici<\/span> <span class=\"meta-nav\">&rarr;<\/span><\/a><\/p>\n","protected":false},"author":1,"featured_media":0,"parent":0,"menu_order":0,"comment_status":"closed","ping_status":"closed","template":"","meta":{"footnotes":""},"class_list":["post-588","page","type-page","status-publish","hentry"],"_links":{"self":[{"href":"https:\/\/www.terenna-doprava.sk\/index.php?rest_route=\/wp\/v2\/pages\/588","targetHints":{"allow":["GET"]}}],"collection":[{"href":"https:\/\/www.terenna-doprava.sk\/index.php?rest_route=\/wp\/v2\/pages"}],"about":[{"href":"https:\/\/www.terenna-doprava.sk\/index.php?rest_route=\/wp\/v2\/types\/page"}],"author":[{"embeddable":true,"href":"https:\/\/www.terenna-doprava.sk\/index.php?rest_route=\/wp\/v2\/users\/1"}],"replies":[{"embeddable":true,"href":"https:\/\/www.terenna-doprava.sk\/index.php?rest_route=%2Fwp%2Fv2%2Fcomments&post=588"}],"version-history":[{"count":1,"href":"https:\/\/www.terenna-doprava.sk\/index.php?rest_route=\/wp\/v2\/pages\/588\/revisions"}],"predecessor-version":[{"id":589,"href":"https:\/\/www.terenna-doprava.sk\/index.php?rest_route=\/wp\/v2\/pages\/588\/revisions\/589"}],"wp:attachment":[{"href":"https:\/\/www.terenna-doprava.sk\/index.php?rest_route=%2Fwp%2Fv2%2Fmedia&parent=588"}],"curies":[{"name":"wp","href":"https:\/\/api.w.org\/{rel}","templated":true}]}}