{"id":590,"date":"2016-03-04T09:24:51","date_gmt":"2016-03-04T07:24:51","guid":{"rendered":"http:\/\/nova.terenna-doprava.sk\/?page_id=590"},"modified":"2016-03-04T09:25:04","modified_gmt":"2016-03-04T07:25:04","slug":"jazda-v-lese","status":"publish","type":"page","link":"https:\/\/www.terenna-doprava.sk\/?page_id=590","title":{"rendered":"Jazda v lese"},"content":{"rendered":"<p>Jazda lesom po dostato\u010dne \u0161irokej lesnej ceste nepredstavuje nebezpe\u010denstvo. Pri \u00fazkych cest\u00e1ch je v\u0161ak potrebn\u00fd prieskum cesty a to z poh\u013eadu v\u00fd\u0161kovej a \u0161\u00edrkovej prejazdnosti  a kontroly pr\u00edtomnosti p\u0148ov po vyrezan\u00fdch alebo vyvr\u00e1ten\u00fdch stromoch, ktor\u00e9 m\u00f4\u017eu po\u0161kodi\u0165 spodok vozidla (obzvl\u00e1\u0161\u0165 v zime m\u00f4\u017eu by\u0165 \u013eahko prehliadnut\u00e9). Treba sa vyh\u00fdba\u0165 miestam s krov\u00edm a paprad\u00edm, ktor\u00e9 v\u00e4\u010d\u0161inou signalizuj\u00fa vlhk\u00e9 miesta, v ktor\u00fdch mo\u017eno \u013eahko zapadn\u00fa\u0165. V\u0161eobecne sa sna\u017e\u00edme vozidlo vies\u0165 po preh\u013eadn\u00fdch \u00fasekoch, kde je mo\u017enos\u0165 sledovania trasy. V opa\u010dnom pr\u00edpade je vhodn\u00e9 ak pomocn\u00edk rob\u00ed prieskum ter\u00e9nu.<br \/>\nE\u0161te treba doda\u0165, \u017ee pre jazdu v lese s\u00fa v\u00fdhodnej\u0161ie vozidl\u00e1 s ni\u017e\u0161ou siluetou ktor\u00fdm hroz\u00ed men\u0161ie po\u0161kodenie od n\u00edzkopolo\u017een\u00fdch kon\u00e1rov<\/p>\n","protected":false},"excerpt":{"rendered":"<p>Jazda lesom po dostato\u010dne \u0161irokej lesnej ceste nepredstavuje nebezpe\u010denstvo. Pri \u00fazkych cest\u00e1ch je v\u0161ak potrebn\u00fd prieskum cesty a to z poh\u013eadu v\u00fd\u0161kovej a \u0161\u00edrkovej prejazdnosti a kontroly pr\u00edtomnosti p\u0148ov po vyrezan\u00fdch alebo vyvr\u00e1ten\u00fdch stromoch, ktor\u00e9 m\u00f4\u017eu po\u0161kodi\u0165 spodok vozidla (obzvl\u00e1\u0161\u0165 v zime m\u00f4\u017eu by\u0165 \u013eahko prehliadnut\u00e9). Treba sa vyh\u00fdba\u0165 miestam s krov\u00edm a paprad\u00edm, ktor\u00e9 &hellip; <a href=\"https:\/\/www.terenna-doprava.sk\/?page_id=590\" class=\"more-link\">Pokra\u010dova\u0165 na <span class=\"screen-reader-text\">Jazda v lese<\/span> <span class=\"meta-nav\">&rarr;<\/span><\/a><\/p>\n","protected":false},"author":1,"featured_media":0,"parent":0,"menu_order":0,"comment_status":"closed","ping_status":"closed","template":"","meta":{"footnotes":""},"class_list":["post-590","page","type-page","status-publish","hentry"],"_links":{"self":[{"href":"https:\/\/www.terenna-doprava.sk\/index.php?rest_route=\/wp\/v2\/pages\/590","targetHints":{"allow":["GET"]}}],"collection":[{"href":"https:\/\/www.terenna-doprava.sk\/index.php?rest_route=\/wp\/v2\/pages"}],"about":[{"href":"https:\/\/www.terenna-doprava.sk\/index.php?rest_route=\/wp\/v2\/types\/page"}],"author":[{"embeddable":true,"href":"https:\/\/www.terenna-doprava.sk\/index.php?rest_route=\/wp\/v2\/users\/1"}],"replies":[{"embeddable":true,"href":"https:\/\/www.terenna-doprava.sk\/index.php?rest_route=%2Fwp%2Fv2%2Fcomments&post=590"}],"version-history":[{"count":2,"href":"https:\/\/www.terenna-doprava.sk\/index.php?rest_route=\/wp\/v2\/pages\/590\/revisions"}],"predecessor-version":[{"id":592,"href":"https:\/\/www.terenna-doprava.sk\/index.php?rest_route=\/wp\/v2\/pages\/590\/revisions\/592"}],"wp:attachment":[{"href":"https:\/\/www.terenna-doprava.sk\/index.php?rest_route=%2Fwp%2Fv2%2Fmedia&parent=590"}],"curies":[{"name":"wp","href":"https:\/\/api.w.org\/{rel}","templated":true}]}}