{"id":597,"date":"2016-03-04T09:26:45","date_gmt":"2016-03-04T07:26:45","guid":{"rendered":"http:\/\/nova.terenna-doprava.sk\/?page_id=597"},"modified":"2016-03-04T09:26:45","modified_gmt":"2016-03-04T07:26:45","slug":"prekonavanie-dlhsieho-vlniteho-useku","status":"publish","type":"page","link":"https:\/\/www.terenna-doprava.sk\/?page_id=597","title":{"rendered":"Prekon\u00e1vanie dlh\u0161ieho vlnit\u00e9ho \u00faseku"},"content":{"rendered":"<p>Typick\u00fdm pr\u00edkladom vlnit\u00e9ho \u00faseku b\u00fdva jazda cez orani\u0161te. Kr\u00e1t\u0161\u00ed \u00fasek mo\u017eno prekona\u0165 jazdou kolmo na vlny na prvom alebo druhom redukovanom stupni. Kolm\u00e1 jazda v d\u00f4sledku periodick\u00fdch otrasov prin\u00e1\u0161a zv\u00fd\u0161en\u00fa n\u00e1mahu vozdidla a do \u00favahy treba bra\u0165 aj dopad na prev\u00e1\u017ean\u00fd n\u00e1klad pr\u00edpadne osoby. Dlh\u0161ie vlnit\u00e9 \u00faseky je preto potrebn\u00e9 prekon\u00e1va\u0165 v smere br\u00e1zd, tak aby koles\u00e1 i\u0161li medzi br\u00e1zdami. Treba \u00fav\u00e1\u017ei\u0165, \u017ee vlhk\u00e1 p\u00f4da sa lep\u00ed na pneumatiky, zalepuje medzery dvojmont\u00e1\u017ee a celkovo zvy\u0161uje jazdn\u00fd odpor. Z t\u00fdchto d\u00f4vodov je v\u00fdhodnej\u0161ie sa jazde po \u010derstvom resp. mokrom orani\u0161ti vyhn\u00fa\u0165.<\/p>\n","protected":false},"excerpt":{"rendered":"<p>Typick\u00fdm pr\u00edkladom vlnit\u00e9ho \u00faseku b\u00fdva jazda cez orani\u0161te. Kr\u00e1t\u0161\u00ed \u00fasek mo\u017eno prekona\u0165 jazdou kolmo na vlny na prvom alebo druhom redukovanom stupni. Kolm\u00e1 jazda v d\u00f4sledku periodick\u00fdch otrasov prin\u00e1\u0161a zv\u00fd\u0161en\u00fa n\u00e1mahu vozdidla a do \u00favahy treba bra\u0165 aj dopad na prev\u00e1\u017ean\u00fd n\u00e1klad pr\u00edpadne osoby. Dlh\u0161ie vlnit\u00e9 \u00faseky je preto potrebn\u00e9 prekon\u00e1va\u0165 v smere br\u00e1zd, tak &hellip; <a href=\"https:\/\/www.terenna-doprava.sk\/?page_id=597\" class=\"more-link\">Pokra\u010dova\u0165 na <span class=\"screen-reader-text\">Prekon\u00e1vanie dlh\u0161ieho vlnit\u00e9ho \u00faseku<\/span> <span class=\"meta-nav\">&rarr;<\/span><\/a><\/p>\n","protected":false},"author":1,"featured_media":0,"parent":0,"menu_order":0,"comment_status":"closed","ping_status":"closed","template":"","meta":{"footnotes":""},"class_list":["post-597","page","type-page","status-publish","hentry"],"_links":{"self":[{"href":"https:\/\/www.terenna-doprava.sk\/index.php?rest_route=\/wp\/v2\/pages\/597","targetHints":{"allow":["GET"]}}],"collection":[{"href":"https:\/\/www.terenna-doprava.sk\/index.php?rest_route=\/wp\/v2\/pages"}],"about":[{"href":"https:\/\/www.terenna-doprava.sk\/index.php?rest_route=\/wp\/v2\/types\/page"}],"author":[{"embeddable":true,"href":"https:\/\/www.terenna-doprava.sk\/index.php?rest_route=\/wp\/v2\/users\/1"}],"replies":[{"embeddable":true,"href":"https:\/\/www.terenna-doprava.sk\/index.php?rest_route=%2Fwp%2Fv2%2Fcomments&post=597"}],"version-history":[{"count":1,"href":"https:\/\/www.terenna-doprava.sk\/index.php?rest_route=\/wp\/v2\/pages\/597\/revisions"}],"predecessor-version":[{"id":598,"href":"https:\/\/www.terenna-doprava.sk\/index.php?rest_route=\/wp\/v2\/pages\/597\/revisions\/598"}],"wp:attachment":[{"href":"https:\/\/www.terenna-doprava.sk\/index.php?rest_route=%2Fwp%2Fv2%2Fmedia&parent=597"}],"curies":[{"name":"wp","href":"https:\/\/api.w.org\/{rel}","templated":true}]}}