{"id":61,"date":"2016-02-26T15:03:36","date_gmt":"2016-02-26T13:03:36","guid":{"rendered":"http:\/\/nova.terenna-doprava.sk\/?page_id=61"},"modified":"2022-12-15T08:40:08","modified_gmt":"2022-12-15T06:40:08","slug":"nahradne-diely-na-vozidla-gaz-a-uaz","status":"publish","type":"page","link":"https:\/\/www.terenna-doprava.sk\/?page_id=61","title":{"rendered":"N\u00e1hradn\u00e9 diely na vozidl\u00e1 GAZ a UAZ"},"content":{"rendered":"\n<p class=\"has-text-color has-large-font-size\" style=\"color:#f1060a\"><\/p>\n\n\n<p>\u00a0<\/p>\n<p style=\"text-align: center;\">\u00a0 \u00a0 \u00a0 Vyu\u017e\u00edvame slu\u017eby Slovenskej po\u0161ty.\u00a0<img loading=\"lazy\" decoding=\"async\" class=\"alignnone size-full wp-image-880\" src=\"http:\/\/www.terenna-doprava.sk\/wp-content\/uploads\/2016\/02\/A1.1-Logotyp-RGB-72-dpi.jpg\" alt=\"\" width=\"197\" height=\"181\" \/><\/p>\n<p><span style=\"color: #ff0000;\">V s\u00favislosti s mno\u017estvom obmedzen\u00ed uvalen\u00fdch na RF je \u0165a\u017ek\u00e9 z\u00edskava\u0165 nov\u00e9 ND. Zvy\u0161ky ND ktor\u00e9 m\u00e1m, si nech\u00e1vam pre vlastn\u00fa potrebu. Str\u00e1nku nech\u00e1vam funk\u010dn\u00fa, objedn\u00e1vka sa ale nebude da\u0165 urobi\u0165. Ak nie\u010do potrebujete, p\u00ed\u0161te na email, u niektor\u00fdch vec\u00ed sa mo\u017eno dohodneme, je potrebn\u00e9 po\u010d\u00edta\u0165 s vy\u0161\u0161ou cenou ako je na str\u00e1nke. Je mo\u017en\u00e9 \u017ee sa situ\u00e1cia \u010dasom vr\u00e1ti do norm\u00e1lu.<\/span><\/p>\n<p style=\"text-align: justify;\">V\u00edtame v\u00e1s v internetovom obchode <a title=\"www.terenna-doprava.sk\" href=\"http:\/\/www.terenna-doprava.sk\">www.terenna-doprava.sk<\/a>. Obchod je prednostne zameran\u00fd na predaj n\u00e1hradn\u00fdch dielov na vozidl\u00e1 UAZ a GAZ. Jedn\u00e1 sa hlavne o star\u0161ie ro\u010dn\u00edky plnopohonn\u00fdch vozidiel &#8211; UAZ 469, 452, GAZ 69, GAZ 66 a o diely na VOLGA GAZ 21 a GAZ 24.<\/p>\n<p style=\"text-align: justify;\">Ve\u013ea skup\u00edn t\u00fdchto vozidiel je spolo\u010dn\u00fdch pr\u00edpadne z\u00e1menn\u00fdch v plnom alebo \u010diastkovom rozsahu, resp. s\u00fa vhodn\u00e9 aj pre niektor\u00e9 \u010fal\u0161ie vozidl\u00e1 rusk\u00e9ho (sovietskeho) p\u00f4vodu. Preto aj \u010dlenenie\u00a0 dielov nie je pod\u013ea typu vozidla ale pod\u013ea \u010dast\u00ed vozidiel.<\/p>\n<p style=\"text-align: justify;\">Okrem \u0161tandardn\u00e9ho sp\u00f4sobu doru\u010denia\u00a0dielov (dobierka) je mo\u017en\u00fd po predch\u00e1dzaj\u00facej dohode osobn\u00fd odber dielov v Ru\u017eomberku.<\/p>\n<p style=\"text-align: justify;\">V\u0161etky zobrazen\u00e9 diely s\u00fa v\u017edy na sklade<strong> (neplat\u00ed pre sekciu Baz\u00e1r)<\/strong>. Po vypredan\u00ed je pr\u00edslu\u0161n\u00fd diel stiahnut\u00fd zo zobrazenia na str\u00e1nke.<\/p>\n<p style=\"text-align: justify;\">V obchode pribudla polo\u017eka &#8222;Baz\u00e1r n\u00e1hradn\u00fdch dielov&#8220;. Bude v nej sprostredkovan\u00fd predaj dielov (nov\u00e9 aj pou\u017eit\u00e9) na ktor\u00e9 nebude mo\u017en\u00e9 vystavi\u0165 fakt\u00faru. Baz\u00e1r n\u00e1hradn\u00fdch dielov sa bude priebe\u017ene dop\u013a\u0148a\u0165<\/p>\n<p style=\"text-align: justify;\">Po zmene doru\u010dovac\u00edch podmienok Slovenskej po\u0161ty budeme na doru\u010dovacom l\u00edstku uv\u00e1dza\u0165 telef\u00f3nne \u010d\u00edslo z\u00e1kazn\u00edka. Zjednodu\u0161\u00ed to cel\u00fd proces doru\u010denia hlavne v pr\u00edpade v\u00e4\u010d\u0161\u00edch z\u00e1sielok. Ak si z\u00e1kazn\u00edk ne\u017eel\u00e1 tak\u00e9to zverejnenie telef\u00f3nneho \u010d\u00edsla nap\u00ed\u0161te to pros\u00edm do spr\u00e1vy pri objedn\u00e1vke alebo \u010d\u00edslo neuve\u010fte.<\/p>\n<h1><span style=\"color: #ff0000;\"><strong>\u00a0<\/strong><\/span><\/h1>\n<p><a href=\"?product_cat=motor\">Motor<\/a><br \/><a href=\"?product_cat=palivo\">Palivov\u00e1 s\u00fastava<\/a><br \/><a href=\"?product_cat=vyfuk\">V\u00fdfukov\u00e1 s\u00fastava<\/a><br \/><a href=\"?product_cat=chladenie\">Chladiaca s\u00fastava<\/a><br \/><a href=\"?product_cat=spojka\">Spojka<\/a><br \/><a href=\"?product_cat=hlavna_prevodovka\">Prevodovka hlavn\u00e1<\/a><br \/><a href=\"?product_cat=pridavna_prevodovka\">Prevodovka pr\u00eddavn\u00e1<\/a><br \/><a href=\"?product_cat=kardan\">Spojovacie hriadele<\/a><br \/><a href=\"?product_cat=napravy\">N\u00e1pravy<\/a><br \/><a href=\"?product_cat=naprava_predna\">N\u00e1prava predn\u00e1<\/a><br \/><a href=\"?product_cat=naprava_zadna\">N\u00e1prava zadn\u00e1<\/a><br \/><a href=\"http:\/\/www.terenna-doprava.sk\/?product_cat=zavesenie_kolies\">Zavesenie kolies<\/a><br \/><a href=\"?product_cat=ram\">\u0160asi &#8211; r\u00e1m<\/a><br \/><a href=\"?product_cat=disky_pneumatiky\">Disky, pneumatiky<\/a><br \/><a href=\"?product_cat=riadenie\">Riadenie<\/a><br \/><a href=\"?product_cat=brzdy\">Brzdy<\/a><br \/><a href=\"?product_cat=elektricke_vybavenie\">Elektrick\u00e9 vybavenie<\/a><br \/><a href=\"?product_cat=karoseria\">Karos\u00e9ria<\/a><br \/><a href=\"?product_cat=bazar\">Baz\u00e1r n\u00e1hradn\u00fdch dielov<\/a><\/p>\r\n","protected":false},"excerpt":{"rendered":"<p>\u00a0 \u00a0 \u00a0 \u00a0 Vyu\u017e\u00edvame slu\u017eby Slovenskej po\u0161ty.\u00a0 V s\u00favislosti s mno\u017estvom obmedzen\u00ed uvalen\u00fdch na RF je \u0165a\u017ek\u00e9 z\u00edskava\u0165 nov\u00e9 ND. Zvy\u0161ky ND ktor\u00e9 m\u00e1m, si nech\u00e1vam pre vlastn\u00fa potrebu. Str\u00e1nku nech\u00e1vam funk\u010dn\u00fa, objedn\u00e1vka sa ale nebude da\u0165 urobi\u0165. Ak nie\u010do potrebujete, p\u00ed\u0161te na email, u niektor\u00fdch vec\u00ed sa mo\u017eno dohodneme, je potrebn\u00e9 po\u010d\u00edta\u0165 s &hellip; <a href=\"https:\/\/www.terenna-doprava.sk\/?page_id=61\" class=\"more-link\">Pokra\u010dova\u0165 na <span class=\"screen-reader-text\">N\u00e1hradn\u00e9 diely na vozidl\u00e1 GAZ a UAZ<\/span> <span class=\"meta-nav\">&rarr;<\/span><\/a><\/p>\n","protected":false},"author":1,"featured_media":0,"parent":0,"menu_order":0,"comment_status":"closed","ping_status":"closed","template":"","meta":{"footnotes":""},"class_list":["post-61","page","type-page","status-publish","hentry"],"_links":{"self":[{"href":"https:\/\/www.terenna-doprava.sk\/index.php?rest_route=\/wp\/v2\/pages\/61","targetHints":{"allow":["GET"]}}],"collection":[{"href":"https:\/\/www.terenna-doprava.sk\/index.php?rest_route=\/wp\/v2\/pages"}],"about":[{"href":"https:\/\/www.terenna-doprava.sk\/index.php?rest_route=\/wp\/v2\/types\/page"}],"author":[{"embeddable":true,"href":"https:\/\/www.terenna-doprava.sk\/index.php?rest_route=\/wp\/v2\/users\/1"}],"replies":[{"embeddable":true,"href":"https:\/\/www.terenna-doprava.sk\/index.php?rest_route=%2Fwp%2Fv2%2Fcomments&post=61"}],"version-history":[{"count":27,"href":"https:\/\/www.terenna-doprava.sk\/index.php?rest_route=\/wp\/v2\/pages\/61\/revisions"}],"predecessor-version":[{"id":1168,"href":"https:\/\/www.terenna-doprava.sk\/index.php?rest_route=\/wp\/v2\/pages\/61\/revisions\/1168"}],"wp:attachment":[{"href":"https:\/\/www.terenna-doprava.sk\/index.php?rest_route=%2Fwp%2Fv2%2Fmedia&parent=61"}],"curies":[{"name":"wp","href":"https:\/\/api.w.org\/{rel}","templated":true}]}}