{"id":9,"date":"2016-02-26T14:28:35","date_gmt":"2016-02-26T12:28:35","guid":{"rendered":"http:\/\/nova.terenna-doprava.sk\/?page_id=9"},"modified":"2026-01-30T18:06:26","modified_gmt":"2026-01-30T16:06:26","slug":"terenna-doprava","status":"publish","type":"page","link":"https:\/\/www.terenna-doprava.sk\/","title":{"rendered":"Ter\u00e9nna doprava"},"content":{"rendered":"\n<p class=\"has-text-color has-large-font-size\" style=\"color:#f60d01\"><\/p>\n\n\n<p style=\"text-align: justify;\">Bezpe\u010dn\u00e1 doprava \u010di u\u017e os\u00f4b alebo materi\u00e1lu v \u0165a\u017ekom ter\u00e9nne je kombin\u00e1ciou zru\u010dnost\u00ed, sk\u00fasenosti a teoretick\u00fdch vedomost\u00ed os\u00f4b ako aj spo\u013eahlivosti a v\u00fdkonnosti pou\u017eitej techniky. Sme skupina nad\u0161encov, ktor\u00e1 ma dlhoro\u010dn\u00e9 sk\u00fasenosti s transportom n\u00e1kladu a os\u00f4b v \u0165a\u017ekom ter\u00e9ne prostredn\u00edctvom klasickej kolesovej techniky.<\/p>\n<p style=\"text-align: justify;\">Dlhoro\u010dn\u00e9 venovanie sa vlastn\u00fdm, preva\u017ene plnopohonn\u00fdm vozidl\u00e1m zna\u010dky GAZ a UAZ n\u00e1s viedli k my\u0161lienke venova\u0165 sa servisnej \u010dinnosti na star\u0161\u00edch ro\u010dn\u00edkoch vozidiel t\u00fdchto zna\u010diek. A z toho takmer automaticky vyplynul aj predaj n\u00e1hradn\u00fdch dielov na vozidl\u00e1 GAZ a UAZ.<br \/>V \u010dasti &#8222;N\u00e1hradn\u00e9 diely na vozidl\u00e1 GAZ a UAZ&#8220; pribudol <a href=\"?product_cat=bazar\">Baz\u00e1r n\u00e1hradn\u00fdch dielov <\/a><\/p>\n<p><span style=\"color: #ff0000;\">V s\u00favislosti s mno\u017estvom obmedzen\u00ed uvalen\u00fdch na RF je \u0165a\u017ek\u00e9 z\u00edskava\u0165 nov\u00e9 ND. Zvy\u0161ky ND ktor\u00e9 m\u00e1m, si nech\u00e1vam pre vlastn\u00fa potrebu. Str\u00e1nku nech\u00e1vam funk\u010dn\u00fa, objedn\u00e1vka sa ale nebude da\u0165 urobi\u0165. Ak nie\u010do potrebujete, p\u00ed\u0161te na email, u niektor\u00fdch vec\u00ed sa mo\u017eno dohodneme, je potrebn\u00e9 po\u010d\u00edta\u0165 s vy\u0161\u0161ou cenou ako je na str\u00e1nke. Je mo\u017en\u00e9 \u017ee sa situ\u00e1cia \u010dasom vr\u00e1ti do norm\u00e1lu.<\/span><\/p>\n<h4 style=\"text-align: center;\"><em><strong>Nov\u00e9 diely v obchode\u00a0<\/strong><\/em><\/h4>\n<p><span style=\"color: #008000;\"><a href=\"https:\/\/www.terenna-doprava.sk\/?product=v24-uaz452-469-opravna-sada-ac-pumpy\">V24\/UAZ452\/469 opravn\u00e1 sada AC pumpy<\/a><\/span><\/p>\n<p><img loading=\"lazy\" decoding=\"async\" class=\"alignnone size-medium wp-image-1256\" src=\"http:\/\/www.terenna-doprava.sk\/wp-content\/uploads\/2025\/10\/UAZ-opr-sada-ACpumpy-300x231.jpg\" alt=\"\" width=\"300\" height=\"231\" srcset=\"https:\/\/www.terenna-doprava.sk\/wp-content\/uploads\/2025\/10\/UAZ-opr-sada-ACpumpy-300x231.jpg 300w, https:\/\/www.terenna-doprava.sk\/wp-content\/uploads\/2025\/10\/UAZ-opr-sada-ACpumpy.jpg 640w\" sizes=\"auto, (max-width: 300px) 100vw, 300px\" \/><\/p>\n<p><a href=\"https:\/\/www.terenna-doprava.sk\/?product=g69-zil157-predna-smerovka-obrysovka\">G69\/ZIL157 \u2026 predn\u00e1 smerovka \/ obrysovka<\/a><\/p>\n<p><img loading=\"lazy\" decoding=\"async\" class=\"alignnone size-medium wp-image-1220\" src=\"http:\/\/www.terenna-doprava.sk\/wp-content\/uploads\/2023\/11\/G69-pr-smerovka-300x179.jpg\" alt=\"\" width=\"300\" height=\"179\" srcset=\"https:\/\/www.terenna-doprava.sk\/wp-content\/uploads\/2023\/11\/G69-pr-smerovka-300x179.jpg 300w, https:\/\/www.terenna-doprava.sk\/wp-content\/uploads\/2023\/11\/G69-pr-smerovka.jpg 640w\" sizes=\"auto, (max-width: 300px) 100vw, 300px\" \/><\/p>\n<p><a href=\"https:\/\/www.terenna-doprava.sk\/?product=gaz-69-piestny-cap\"><span style=\"color: #808000;\"><span style=\"color: #008000;\">GAZ 69 &#8211; piestny \u010dap<\/span><\/span><\/a><\/p>\n<p><img loading=\"lazy\" decoding=\"async\" class=\"alignnone size-medium wp-image-1190\" src=\"http:\/\/www.terenna-doprava.sk\/wp-content\/uploads\/2023\/05\/G69-p-cap-219x300.jpg\" alt=\"\" width=\"219\" height=\"300\" srcset=\"https:\/\/www.terenna-doprava.sk\/wp-content\/uploads\/2023\/05\/G69-p-cap-219x300.jpg 219w, https:\/\/www.terenna-doprava.sk\/wp-content\/uploads\/2023\/05\/G69-p-cap-300x411.jpg 300w, https:\/\/www.terenna-doprava.sk\/wp-content\/uploads\/2023\/05\/G69-p-cap.jpg 330w\" sizes=\"auto, (max-width: 219px) 100vw, 219px\" \/><\/p>\n\n\n<p><\/p>\n\r\n","protected":false},"excerpt":{"rendered":"<p>Bezpe\u010dn\u00e1 doprava \u010di u\u017e os\u00f4b alebo materi\u00e1lu v \u0165a\u017ekom ter\u00e9nne je kombin\u00e1ciou zru\u010dnost\u00ed, sk\u00fasenosti a teoretick\u00fdch vedomost\u00ed os\u00f4b ako aj spo\u013eahlivosti a v\u00fdkonnosti pou\u017eitej techniky. Sme skupina nad\u0161encov, ktor\u00e1 ma dlhoro\u010dn\u00e9 sk\u00fasenosti s transportom n\u00e1kladu a os\u00f4b v \u0165a\u017ekom ter\u00e9ne prostredn\u00edctvom klasickej kolesovej techniky. Dlhoro\u010dn\u00e9 venovanie sa vlastn\u00fdm, preva\u017ene plnopohonn\u00fdm vozidl\u00e1m zna\u010dky GAZ a UAZ &hellip; <a href=\"https:\/\/www.terenna-doprava.sk\/\" class=\"more-link\">Pokra\u010dova\u0165 na <span class=\"screen-reader-text\">Ter\u00e9nna doprava<\/span> <span class=\"meta-nav\">&rarr;<\/span><\/a><\/p>\n","protected":false},"author":1,"featured_media":0,"parent":0,"menu_order":0,"comment_status":"closed","ping_status":"closed","template":"","meta":{"footnotes":""},"class_list":["post-9","page","type-page","status-publish","hentry"],"_links":{"self":[{"href":"https:\/\/www.terenna-doprava.sk\/index.php?rest_route=\/wp\/v2\/pages\/9","targetHints":{"allow":["GET"]}}],"collection":[{"href":"https:\/\/www.terenna-doprava.sk\/index.php?rest_route=\/wp\/v2\/pages"}],"about":[{"href":"https:\/\/www.terenna-doprava.sk\/index.php?rest_route=\/wp\/v2\/types\/page"}],"author":[{"embeddable":true,"href":"https:\/\/www.terenna-doprava.sk\/index.php?rest_route=\/wp\/v2\/users\/1"}],"replies":[{"embeddable":true,"href":"https:\/\/www.terenna-doprava.sk\/index.php?rest_route=%2Fwp%2Fv2%2Fcomments&post=9"}],"version-history":[{"count":66,"href":"https:\/\/www.terenna-doprava.sk\/index.php?rest_route=\/wp\/v2\/pages\/9\/revisions"}],"predecessor-version":[{"id":1273,"href":"https:\/\/www.terenna-doprava.sk\/index.php?rest_route=\/wp\/v2\/pages\/9\/revisions\/1273"}],"wp:attachment":[{"href":"https:\/\/www.terenna-doprava.sk\/index.php?rest_route=%2Fwp%2Fv2%2Fmedia&parent=9"}],"curies":[{"name":"wp","href":"https:\/\/api.w.org\/{rel}","templated":true}]}}