{"id":1017,"date":"2021-07-08T20:18:25","date_gmt":"2021-07-08T18:18:25","guid":{"rendered":"https:\/\/www.terenna-doprava.sk\/?post_type=product&#038;p=1017"},"modified":"2021-07-08T20:18:25","modified_gmt":"2021-07-08T18:18:25","slug":"v24-uaz-zavrtna-skrutka-hlavy-valcov-m12x150","status":"publish","type":"product","link":"https:\/\/www.terenna-doprava.sk\/?product=v24-uaz-zavrtna-skrutka-hlavy-valcov-m12x150","title":{"rendered":"V24, UAZ z\u00e1vrtn\u00e1 skrutka hlavy valcov M12x150"},"content":{"rendered":"<p>Z\u00e1vit M12x1,75 do Al bloku, M12x1,25 na maticu hlavy valcov. Celkov\u00e1 d\u013a\u017eka 150mm.<\/p>\n","protected":false},"excerpt":{"rendered":"<p>Z\u00e1vit M12x1,75 do Al bloku, M12x1,25 na maticu hlavy valcov. Celkov\u00e1 d\u013a\u017eka 150mm.<\/p>\n","protected":false},"featured_media":1018,"comment_status":"closed","ping_status":"closed","template":"","meta":[],"product_brand":[],"product_cat":[15,47],"product_tag":[],"class_list":{"0":"post-1017","1":"product","2":"type-product","3":"status-publish","4":"has-post-thumbnail","6":"product_cat-motor","7":"product_cat-nezaradene","10":"first","11":"instock","12":"shipping-taxable","13":"purchasable","14":"product-type-simple"},"_links":{"self":[{"href":"https:\/\/www.terenna-doprava.sk\/index.php?rest_route=\/wp\/v2\/product\/1017","targetHints":{"allow":["GET"]}}],"collection":[{"href":"https:\/\/www.terenna-doprava.sk\/index.php?rest_route=\/wp\/v2\/product"}],"about":[{"href":"https:\/\/www.terenna-doprava.sk\/index.php?rest_route=\/wp\/v2\/types\/product"}],"replies":[{"embeddable":true,"href":"https:\/\/www.terenna-doprava.sk\/index.php?rest_route=%2Fwp%2Fv2%2Fcomments&post=1017"}],"wp:featuredmedia":[{"embeddable":true,"href":"https:\/\/www.terenna-doprava.sk\/index.php?rest_route=\/wp\/v2\/media\/1018"}],"wp:attachment":[{"href":"https:\/\/www.terenna-doprava.sk\/index.php?rest_route=%2Fwp%2Fv2%2Fmedia&parent=1017"}],"wp:term":[{"taxonomy":"product_brand","embeddable":true,"href":"https:\/\/www.terenna-doprava.sk\/index.php?rest_route=%2Fwp%2Fv2%2Fproduct_brand&post=1017"},{"taxonomy":"product_cat","embeddable":true,"href":"https:\/\/www.terenna-doprava.sk\/index.php?rest_route=%2Fwp%2Fv2%2Fproduct_cat&post=1017"},{"taxonomy":"product_tag","embeddable":true,"href":"https:\/\/www.terenna-doprava.sk\/index.php?rest_route=%2Fwp%2Fv2%2Fproduct_tag&post=1017"}],"curies":[{"name":"wp","href":"https:\/\/api.w.org\/{rel}","templated":true}]}}