{"id":1022,"date":"2021-07-08T20:28:06","date_gmt":"2021-07-08T18:28:06","guid":{"rendered":"https:\/\/www.terenna-doprava.sk\/?post_type=product&#038;p=1022"},"modified":"2021-07-08T20:28:07","modified_gmt":"2021-07-08T18:28:07","slug":"v24-uaz-vlozeny-hriadel-nahonu-rozdelovaca","status":"publish","type":"product","link":"https:\/\/www.terenna-doprava.sk\/?product=v24-uaz-vlozeny-hriadel-nahonu-rozdelovaca","title":{"rendered":"V24, UAZ vlo\u017een\u00fd hriade\u013e n\u00e1honu rozde\u013eova\u010da"},"content":{"rendered":"","protected":false},"excerpt":{"rendered":"","protected":false},"featured_media":1023,"comment_status":"closed","ping_status":"closed","template":"","meta":[],"product_brand":[],"product_cat":[15],"product_tag":[],"class_list":{"0":"post-1022","1":"product","2":"type-product","3":"status-publish","4":"has-post-thumbnail","6":"product_cat-motor","9":"first","10":"instock","11":"shipping-taxable","12":"purchasable","13":"product-type-simple"},"_links":{"self":[{"href":"https:\/\/www.terenna-doprava.sk\/index.php?rest_route=\/wp\/v2\/product\/1022","targetHints":{"allow":["GET"]}}],"collection":[{"href":"https:\/\/www.terenna-doprava.sk\/index.php?rest_route=\/wp\/v2\/product"}],"about":[{"href":"https:\/\/www.terenna-doprava.sk\/index.php?rest_route=\/wp\/v2\/types\/product"}],"replies":[{"embeddable":true,"href":"https:\/\/www.terenna-doprava.sk\/index.php?rest_route=%2Fwp%2Fv2%2Fcomments&post=1022"}],"wp:featuredmedia":[{"embeddable":true,"href":"https:\/\/www.terenna-doprava.sk\/index.php?rest_route=\/wp\/v2\/media\/1023"}],"wp:attachment":[{"href":"https:\/\/www.terenna-doprava.sk\/index.php?rest_route=%2Fwp%2Fv2%2Fmedia&parent=1022"}],"wp:term":[{"taxonomy":"product_brand","embeddable":true,"href":"https:\/\/www.terenna-doprava.sk\/index.php?rest_route=%2Fwp%2Fv2%2Fproduct_brand&post=1022"},{"taxonomy":"product_cat","embeddable":true,"href":"https:\/\/www.terenna-doprava.sk\/index.php?rest_route=%2Fwp%2Fv2%2Fproduct_cat&post=1022"},{"taxonomy":"product_tag","embeddable":true,"href":"https:\/\/www.terenna-doprava.sk\/index.php?rest_route=%2Fwp%2Fv2%2Fproduct_tag&post=1022"}],"curies":[{"name":"wp","href":"https:\/\/api.w.org\/{rel}","templated":true}]}}