{"id":1028,"date":"2021-07-08T21:10:19","date_gmt":"2021-07-08T19:10:19","guid":{"rendered":"https:\/\/www.terenna-doprava.sk\/?post_type=product&#038;p=1028"},"modified":"2021-07-08T21:15:39","modified_gmt":"2021-07-08T19:15:39","slug":"v24-uaz-piestne-kruzky-priemer-925mm","status":"publish","type":"product","link":"https:\/\/www.terenna-doprava.sk\/?product=v24-uaz-piestne-kruzky-priemer-925mm","title":{"rendered":"V24, UAZ piestne kr\u00fa\u017eky priemer 92,5mm"},"content":{"rendered":"<p>Cena je za sadu na jeden piest, t.j. 3 kr\u00fa\u017eky (2x tesniaci, 1x stieraci)<\/p>\n","protected":false},"excerpt":{"rendered":"<p>Cena je za sadu na jeden piest, t.j. 3 kr\u00fa\u017eky (2x tesniaci, 1x stieraci)<\/p>\n","protected":false},"featured_media":1029,"comment_status":"closed","ping_status":"closed","template":"","meta":[],"product_brand":[],"product_cat":[15],"product_tag":[],"class_list":{"0":"post-1028","1":"product","2":"type-product","3":"status-publish","4":"has-post-thumbnail","6":"product_cat-motor","9":"first","10":"instock","11":"shipping-taxable","12":"purchasable","13":"product-type-simple"},"_links":{"self":[{"href":"https:\/\/www.terenna-doprava.sk\/index.php?rest_route=\/wp\/v2\/product\/1028","targetHints":{"allow":["GET"]}}],"collection":[{"href":"https:\/\/www.terenna-doprava.sk\/index.php?rest_route=\/wp\/v2\/product"}],"about":[{"href":"https:\/\/www.terenna-doprava.sk\/index.php?rest_route=\/wp\/v2\/types\/product"}],"replies":[{"embeddable":true,"href":"https:\/\/www.terenna-doprava.sk\/index.php?rest_route=%2Fwp%2Fv2%2Fcomments&post=1028"}],"wp:featuredmedia":[{"embeddable":true,"href":"https:\/\/www.terenna-doprava.sk\/index.php?rest_route=\/wp\/v2\/media\/1029"}],"wp:attachment":[{"href":"https:\/\/www.terenna-doprava.sk\/index.php?rest_route=%2Fwp%2Fv2%2Fmedia&parent=1028"}],"wp:term":[{"taxonomy":"product_brand","embeddable":true,"href":"https:\/\/www.terenna-doprava.sk\/index.php?rest_route=%2Fwp%2Fv2%2Fproduct_brand&post=1028"},{"taxonomy":"product_cat","embeddable":true,"href":"https:\/\/www.terenna-doprava.sk\/index.php?rest_route=%2Fwp%2Fv2%2Fproduct_cat&post=1028"},{"taxonomy":"product_tag","embeddable":true,"href":"https:\/\/www.terenna-doprava.sk\/index.php?rest_route=%2Fwp%2Fv2%2Fproduct_tag&post=1028"}],"curies":[{"name":"wp","href":"https:\/\/api.w.org\/{rel}","templated":true}]}}