{"id":1031,"date":"2021-07-08T21:20:05","date_gmt":"2021-07-08T19:20:05","guid":{"rendered":"https:\/\/www.terenna-doprava.sk\/?post_type=product&#038;p=1031"},"modified":"2021-07-08T21:20:06","modified_gmt":"2021-07-08T19:20:06","slug":"v24-uaz-zavrtna-skrutka-hlavy-valcov-m11x150","status":"publish","type":"product","link":"https:\/\/www.terenna-doprava.sk\/?product=v24-uaz-zavrtna-skrutka-hlavy-valcov-m11x150","title":{"rendered":"V24, UAZ z\u00e1vrtn\u00e1 skrutka hlavy valcov M11x150"},"content":{"rendered":"<p>Z\u00e1vit M11x1,75 do Al bloku, M11x1 na maticu hlavy valcov. Celkov\u00e1 d\u013a\u017eka 150mm.<\/p>\n","protected":false},"excerpt":{"rendered":"<p>Z\u00e1vit M11x1,75 do Al bloku, M11x1 na maticu hlavy valcov. Celkov\u00e1 d\u013a\u017eka 150mm.<\/p>\n","protected":false},"featured_media":1032,"comment_status":"closed","ping_status":"closed","template":"","meta":[],"product_brand":[],"product_cat":[15],"product_tag":[],"class_list":{"0":"post-1031","1":"product","2":"type-product","3":"status-publish","4":"has-post-thumbnail","6":"product_cat-motor","9":"first","10":"instock","11":"shipping-taxable","12":"purchasable","13":"product-type-simple"},"_links":{"self":[{"href":"https:\/\/www.terenna-doprava.sk\/index.php?rest_route=\/wp\/v2\/product\/1031","targetHints":{"allow":["GET"]}}],"collection":[{"href":"https:\/\/www.terenna-doprava.sk\/index.php?rest_route=\/wp\/v2\/product"}],"about":[{"href":"https:\/\/www.terenna-doprava.sk\/index.php?rest_route=\/wp\/v2\/types\/product"}],"replies":[{"embeddable":true,"href":"https:\/\/www.terenna-doprava.sk\/index.php?rest_route=%2Fwp%2Fv2%2Fcomments&post=1031"}],"wp:featuredmedia":[{"embeddable":true,"href":"https:\/\/www.terenna-doprava.sk\/index.php?rest_route=\/wp\/v2\/media\/1032"}],"wp:attachment":[{"href":"https:\/\/www.terenna-doprava.sk\/index.php?rest_route=%2Fwp%2Fv2%2Fmedia&parent=1031"}],"wp:term":[{"taxonomy":"product_brand","embeddable":true,"href":"https:\/\/www.terenna-doprava.sk\/index.php?rest_route=%2Fwp%2Fv2%2Fproduct_brand&post=1031"},{"taxonomy":"product_cat","embeddable":true,"href":"https:\/\/www.terenna-doprava.sk\/index.php?rest_route=%2Fwp%2Fv2%2Fproduct_cat&post=1031"},{"taxonomy":"product_tag","embeddable":true,"href":"https:\/\/www.terenna-doprava.sk\/index.php?rest_route=%2Fwp%2Fv2%2Fproduct_tag&post=1031"}],"curies":[{"name":"wp","href":"https:\/\/api.w.org\/{rel}","templated":true}]}}