{"id":1074,"date":"2021-07-19T20:20:06","date_gmt":"2021-07-19T18:20:06","guid":{"rendered":"https:\/\/www.terenna-doprava.sk\/?post_type=product&#038;p=1074"},"modified":"2021-07-19T20:20:06","modified_gmt":"2021-07-19T18:20:06","slug":"paka-prevodu-parkovacej-brzdy","status":"publish","type":"product","link":"https:\/\/www.terenna-doprava.sk\/?product=paka-prevodu-parkovacej-brzdy","title":{"rendered":"P\u00e1ka prevodu parkovacej brzdy"},"content":{"rendered":"<p>Pou\u017e\u00edva sa, ak je parkovacia brzda ovl\u00e1dan\u00e1 oce\u013eov\u00fdm tiahlom (nie lankom)<\/p>\n","protected":false},"excerpt":{"rendered":"<p>Pou\u017e\u00edva sa, ak je parkovacia brzda ovl\u00e1dan\u00e1 oce\u013eov\u00fdm tiahlom (nie lankom)<\/p>\n","protected":false},"featured_media":1075,"comment_status":"closed","ping_status":"closed","template":"","meta":[],"product_brand":[],"product_cat":[30],"product_tag":[],"class_list":{"0":"post-1074","1":"product","2":"type-product","3":"status-publish","4":"has-post-thumbnail","6":"product_cat-brzdy","9":"first","10":"instock","11":"shipping-taxable","12":"purchasable","13":"product-type-simple"},"_links":{"self":[{"href":"https:\/\/www.terenna-doprava.sk\/index.php?rest_route=\/wp\/v2\/product\/1074","targetHints":{"allow":["GET"]}}],"collection":[{"href":"https:\/\/www.terenna-doprava.sk\/index.php?rest_route=\/wp\/v2\/product"}],"about":[{"href":"https:\/\/www.terenna-doprava.sk\/index.php?rest_route=\/wp\/v2\/types\/product"}],"replies":[{"embeddable":true,"href":"https:\/\/www.terenna-doprava.sk\/index.php?rest_route=%2Fwp%2Fv2%2Fcomments&post=1074"}],"wp:featuredmedia":[{"embeddable":true,"href":"https:\/\/www.terenna-doprava.sk\/index.php?rest_route=\/wp\/v2\/media\/1075"}],"wp:attachment":[{"href":"https:\/\/www.terenna-doprava.sk\/index.php?rest_route=%2Fwp%2Fv2%2Fmedia&parent=1074"}],"wp:term":[{"taxonomy":"product_brand","embeddable":true,"href":"https:\/\/www.terenna-doprava.sk\/index.php?rest_route=%2Fwp%2Fv2%2Fproduct_brand&post=1074"},{"taxonomy":"product_cat","embeddable":true,"href":"https:\/\/www.terenna-doprava.sk\/index.php?rest_route=%2Fwp%2Fv2%2Fproduct_cat&post=1074"},{"taxonomy":"product_tag","embeddable":true,"href":"https:\/\/www.terenna-doprava.sk\/index.php?rest_route=%2Fwp%2Fv2%2Fproduct_tag&post=1074"}],"curies":[{"name":"wp","href":"https:\/\/api.w.org\/{rel}","templated":true}]}}