{"id":1078,"date":"2021-07-19T21:03:09","date_gmt":"2021-07-19T19:03:09","guid":{"rendered":"https:\/\/www.terenna-doprava.sk\/?post_type=product&#038;p=1078"},"modified":"2025-07-01T20:40:48","modified_gmt":"2025-07-01T18:40:48","slug":"brzdovy-valcek-25mm-samostavny-zadny","status":"publish","type":"product","link":"https:\/\/www.terenna-doprava.sk\/?product=brzdovy-valcek-25mm-samostavny-zadny","title":{"rendered":"Brzdov\u00fd val\u010dek 25mm samostavn\u00fd zadn\u00fd"},"content":{"rendered":"<p>Upev\u0148ovacie rozmery odpovedaj\u00fa klasick\u00fdm 32mm val\u010dekom, z\u00e1vit na holender brzdovej r\u00farky je ale M10. U val\u010dekov 32mm je M12.<\/p>\n","protected":false},"excerpt":{"rendered":"<p>Upev\u0148ovacie rozmery odpovedaj\u00fa klasick\u00fdm 32mm val\u010dekom, z\u00e1vit na holender brzdovej r\u00farky je ale M10. U val\u010dekov 32mm je M12.<\/p>\n","protected":false},"featured_media":1077,"comment_status":"closed","ping_status":"closed","template":"","meta":[],"product_brand":[],"product_cat":[30],"product_tag":[],"class_list":{"0":"post-1078","1":"product","2":"type-product","3":"status-publish","4":"has-post-thumbnail","6":"product_cat-brzdy","9":"first","10":"instock","11":"shipping-taxable","12":"purchasable","13":"product-type-simple"},"_links":{"self":[{"href":"https:\/\/www.terenna-doprava.sk\/index.php?rest_route=\/wp\/v2\/product\/1078","targetHints":{"allow":["GET"]}}],"collection":[{"href":"https:\/\/www.terenna-doprava.sk\/index.php?rest_route=\/wp\/v2\/product"}],"about":[{"href":"https:\/\/www.terenna-doprava.sk\/index.php?rest_route=\/wp\/v2\/types\/product"}],"replies":[{"embeddable":true,"href":"https:\/\/www.terenna-doprava.sk\/index.php?rest_route=%2Fwp%2Fv2%2Fcomments&post=1078"}],"wp:featuredmedia":[{"embeddable":true,"href":"https:\/\/www.terenna-doprava.sk\/index.php?rest_route=\/wp\/v2\/media\/1077"}],"wp:attachment":[{"href":"https:\/\/www.terenna-doprava.sk\/index.php?rest_route=%2Fwp%2Fv2%2Fmedia&parent=1078"}],"wp:term":[{"taxonomy":"product_brand","embeddable":true,"href":"https:\/\/www.terenna-doprava.sk\/index.php?rest_route=%2Fwp%2Fv2%2Fproduct_brand&post=1078"},{"taxonomy":"product_cat","embeddable":true,"href":"https:\/\/www.terenna-doprava.sk\/index.php?rest_route=%2Fwp%2Fv2%2Fproduct_cat&post=1078"},{"taxonomy":"product_tag","embeddable":true,"href":"https:\/\/www.terenna-doprava.sk\/index.php?rest_route=%2Fwp%2Fv2%2Fproduct_tag&post=1078"}],"curies":[{"name":"wp","href":"https:\/\/api.w.org\/{rel}","templated":true}]}}