{"id":1084,"date":"2021-07-21T10:13:30","date_gmt":"2021-07-21T08:13:30","guid":{"rendered":"https:\/\/www.terenna-doprava.sk\/?post_type=product&#038;p=1084"},"modified":"2021-07-21T10:17:08","modified_gmt":"2021-07-21T08:17:08","slug":"g69-logo-kozlik-male","status":"publish","type":"product","link":"https:\/\/www.terenna-doprava.sk\/?product=g69-logo-kozlik-male","title":{"rendered":"G69 &#8211; logo &#8222;kozlik&#8220; mal\u00e9"},"content":{"rendered":"<p>V RF m\u00e1 G69 prez\u00fdvku &#8222;kozlik&#8220;, rusky \u043a\u043e\u0437\u043b\u0438\u043a .<\/p>\n<p>Logo je z nehrdzavej\u00facej ocele.<\/p>\n","protected":false},"excerpt":{"rendered":"<p>V RF m\u00e1 G69 prez\u00fdvku &#8222;kozlik&#8220;, rusky \u043a\u043e\u0437\u043b\u0438\u043a . Logo je z nehrdzavej\u00facej ocele.<\/p>\n","protected":false},"featured_media":1085,"comment_status":"closed","ping_status":"closed","template":"","meta":[],"product_brand":[],"product_cat":[32],"product_tag":[],"class_list":{"0":"post-1084","1":"product","2":"type-product","3":"status-publish","4":"has-post-thumbnail","6":"product_cat-karoseria","9":"first","10":"instock","11":"shipping-taxable","12":"purchasable","13":"product-type-simple"},"_links":{"self":[{"href":"https:\/\/www.terenna-doprava.sk\/index.php?rest_route=\/wp\/v2\/product\/1084","targetHints":{"allow":["GET"]}}],"collection":[{"href":"https:\/\/www.terenna-doprava.sk\/index.php?rest_route=\/wp\/v2\/product"}],"about":[{"href":"https:\/\/www.terenna-doprava.sk\/index.php?rest_route=\/wp\/v2\/types\/product"}],"replies":[{"embeddable":true,"href":"https:\/\/www.terenna-doprava.sk\/index.php?rest_route=%2Fwp%2Fv2%2Fcomments&post=1084"}],"wp:featuredmedia":[{"embeddable":true,"href":"https:\/\/www.terenna-doprava.sk\/index.php?rest_route=\/wp\/v2\/media\/1085"}],"wp:attachment":[{"href":"https:\/\/www.terenna-doprava.sk\/index.php?rest_route=%2Fwp%2Fv2%2Fmedia&parent=1084"}],"wp:term":[{"taxonomy":"product_brand","embeddable":true,"href":"https:\/\/www.terenna-doprava.sk\/index.php?rest_route=%2Fwp%2Fv2%2Fproduct_brand&post=1084"},{"taxonomy":"product_cat","embeddable":true,"href":"https:\/\/www.terenna-doprava.sk\/index.php?rest_route=%2Fwp%2Fv2%2Fproduct_cat&post=1084"},{"taxonomy":"product_tag","embeddable":true,"href":"https:\/\/www.terenna-doprava.sk\/index.php?rest_route=%2Fwp%2Fv2%2Fproduct_tag&post=1084"}],"curies":[{"name":"wp","href":"https:\/\/api.w.org\/{rel}","templated":true}]}}