{"id":1228,"date":"2023-11-01T23:16:34","date_gmt":"2023-11-01T21:16:34","guid":{"rendered":"https:\/\/www.terenna-doprava.sk\/?post_type=product&#038;p=1228"},"modified":"2023-11-01T23:16:35","modified_gmt":"2023-11-01T21:16:35","slug":"uaz-452-spinac-spatneho-svetla-maly","status":"publish","type":"product","link":"https:\/\/www.terenna-doprava.sk\/?product=uaz-452-spinac-spatneho-svetla-maly","title":{"rendered":"UAZ 452 sp\u00edna\u010d sp\u00e4tn\u00e9ho svetla (mal\u00fd)"},"content":{"rendered":"<p>Z\u00e1vit M16x1,5, sp\u00ednanie kontaktov zatla\u010den\u00edm gu\u013e\u00f4\u010dky.<\/p>\n<p>Vhodn\u00fd aj na in\u00e9 aut\u00e1 &#8211; LADA, MOSKVI\u010c &#8230;<\/p>\n","protected":false},"excerpt":{"rendered":"<p>Z\u00e1vit M16x1,5, sp\u00ednanie kontaktov zatla\u010den\u00edm gu\u013e\u00f4\u010dky. Vhodn\u00fd aj na in\u00e9 aut\u00e1 &#8211; LADA, MOSKVI\u010c &#8230;<\/p>\n","protected":false},"featured_media":1229,"comment_status":"closed","ping_status":"closed","template":"","meta":[],"product_brand":[],"product_cat":[31],"product_tag":[],"class_list":{"0":"post-1228","1":"product","2":"type-product","3":"status-publish","4":"has-post-thumbnail","6":"product_cat-elektricke_vybavenie","9":"first","10":"instock","11":"shipping-taxable","12":"purchasable","13":"product-type-simple"},"_links":{"self":[{"href":"https:\/\/www.terenna-doprava.sk\/index.php?rest_route=\/wp\/v2\/product\/1228","targetHints":{"allow":["GET"]}}],"collection":[{"href":"https:\/\/www.terenna-doprava.sk\/index.php?rest_route=\/wp\/v2\/product"}],"about":[{"href":"https:\/\/www.terenna-doprava.sk\/index.php?rest_route=\/wp\/v2\/types\/product"}],"replies":[{"embeddable":true,"href":"https:\/\/www.terenna-doprava.sk\/index.php?rest_route=%2Fwp%2Fv2%2Fcomments&post=1228"}],"wp:featuredmedia":[{"embeddable":true,"href":"https:\/\/www.terenna-doprava.sk\/index.php?rest_route=\/wp\/v2\/media\/1229"}],"wp:attachment":[{"href":"https:\/\/www.terenna-doprava.sk\/index.php?rest_route=%2Fwp%2Fv2%2Fmedia&parent=1228"}],"wp:term":[{"taxonomy":"product_brand","embeddable":true,"href":"https:\/\/www.terenna-doprava.sk\/index.php?rest_route=%2Fwp%2Fv2%2Fproduct_brand&post=1228"},{"taxonomy":"product_cat","embeddable":true,"href":"https:\/\/www.terenna-doprava.sk\/index.php?rest_route=%2Fwp%2Fv2%2Fproduct_cat&post=1228"},{"taxonomy":"product_tag","embeddable":true,"href":"https:\/\/www.terenna-doprava.sk\/index.php?rest_route=%2Fwp%2Fv2%2Fproduct_tag&post=1228"}],"curies":[{"name":"wp","href":"https:\/\/api.w.org\/{rel}","templated":true}]}}