{"id":1258,"date":"2025-10-29T21:30:13","date_gmt":"2025-10-29T19:30:13","guid":{"rendered":"https:\/\/www.terenna-doprava.sk\/?post_type=product&#038;p=1258"},"modified":"2025-10-29T21:30:14","modified_gmt":"2025-10-29T19:30:14","slug":"v24-uaz-manzeta-hbv-priemer-28-mm","status":"publish","type":"product","link":"https:\/\/www.terenna-doprava.sk\/?product=v24-uaz-manzeta-hbv-priemer-28-mm","title":{"rendered":"V24\/UAZ man\u017eeta HBV priemer 28 mm"},"content":{"rendered":"<p>Vhodn\u00e1 do dvojokruhov\u00fdch bezdov\u00fdch valcov.<\/p>\n","protected":false},"excerpt":{"rendered":"<p>Vhodn\u00e1 do dvojokruhov\u00fdch bezdov\u00fdch valcov.<\/p>\n","protected":false},"featured_media":1259,"comment_status":"closed","ping_status":"closed","template":"","meta":[],"product_brand":[],"product_cat":[30],"product_tag":[],"class_list":{"0":"post-1258","1":"product","2":"type-product","3":"status-publish","4":"has-post-thumbnail","6":"product_cat-brzdy","9":"first","10":"instock","11":"shipping-taxable","12":"purchasable","13":"product-type-simple"},"_links":{"self":[{"href":"https:\/\/www.terenna-doprava.sk\/index.php?rest_route=\/wp\/v2\/product\/1258","targetHints":{"allow":["GET"]}}],"collection":[{"href":"https:\/\/www.terenna-doprava.sk\/index.php?rest_route=\/wp\/v2\/product"}],"about":[{"href":"https:\/\/www.terenna-doprava.sk\/index.php?rest_route=\/wp\/v2\/types\/product"}],"replies":[{"embeddable":true,"href":"https:\/\/www.terenna-doprava.sk\/index.php?rest_route=%2Fwp%2Fv2%2Fcomments&post=1258"}],"wp:featuredmedia":[{"embeddable":true,"href":"https:\/\/www.terenna-doprava.sk\/index.php?rest_route=\/wp\/v2\/media\/1259"}],"wp:attachment":[{"href":"https:\/\/www.terenna-doprava.sk\/index.php?rest_route=%2Fwp%2Fv2%2Fmedia&parent=1258"}],"wp:term":[{"taxonomy":"product_brand","embeddable":true,"href":"https:\/\/www.terenna-doprava.sk\/index.php?rest_route=%2Fwp%2Fv2%2Fproduct_brand&post=1258"},{"taxonomy":"product_cat","embeddable":true,"href":"https:\/\/www.terenna-doprava.sk\/index.php?rest_route=%2Fwp%2Fv2%2Fproduct_cat&post=1258"},{"taxonomy":"product_tag","embeddable":true,"href":"https:\/\/www.terenna-doprava.sk\/index.php?rest_route=%2Fwp%2Fv2%2Fproduct_tag&post=1258"}],"curies":[{"name":"wp","href":"https:\/\/api.w.org\/{rel}","templated":true}]}}