{"id":1263,"date":"2025-10-29T21:53:17","date_gmt":"2025-10-29T19:53:17","guid":{"rendered":"https:\/\/www.terenna-doprava.sk\/?post_type=product&#038;p=1263"},"modified":"2025-10-29T22:27:56","modified_gmt":"2025-10-29T20:27:56","slug":"bezkontaktne-zapalovanie","status":"publish","type":"product","link":"https:\/\/www.terenna-doprava.sk\/?product=bezkontaktne-zapalovanie","title":{"rendered":"Bezkontaktn\u00e9 zapa\u013eovanie"},"content":{"rendered":"<p>Kompatibiln\u00e9 s elektronickou zapa\u013eovacou\u00a0 cievkou B115\u00a0 a bezkontaktov\u00fdm rozde\u013eova\u010dom.<\/p>\n","protected":false},"excerpt":{"rendered":"<p>Kompatibiln\u00e9 s elektronickou zapa\u013eovacou\u00a0 cievkou B115\u00a0 a bezkontaktov\u00fdm rozde\u013eova\u010dom.<\/p>\n","protected":false},"featured_media":1264,"comment_status":"closed","ping_status":"closed","template":"","meta":[],"product_brand":[],"product_cat":[31],"product_tag":[],"class_list":{"0":"post-1263","1":"product","2":"type-product","3":"status-publish","4":"has-post-thumbnail","6":"product_cat-elektricke_vybavenie","9":"first","10":"instock","11":"shipping-taxable","12":"purchasable","13":"product-type-simple"},"_links":{"self":[{"href":"https:\/\/www.terenna-doprava.sk\/index.php?rest_route=\/wp\/v2\/product\/1263","targetHints":{"allow":["GET"]}}],"collection":[{"href":"https:\/\/www.terenna-doprava.sk\/index.php?rest_route=\/wp\/v2\/product"}],"about":[{"href":"https:\/\/www.terenna-doprava.sk\/index.php?rest_route=\/wp\/v2\/types\/product"}],"replies":[{"embeddable":true,"href":"https:\/\/www.terenna-doprava.sk\/index.php?rest_route=%2Fwp%2Fv2%2Fcomments&post=1263"}],"wp:featuredmedia":[{"embeddable":true,"href":"https:\/\/www.terenna-doprava.sk\/index.php?rest_route=\/wp\/v2\/media\/1264"}],"wp:attachment":[{"href":"https:\/\/www.terenna-doprava.sk\/index.php?rest_route=%2Fwp%2Fv2%2Fmedia&parent=1263"}],"wp:term":[{"taxonomy":"product_brand","embeddable":true,"href":"https:\/\/www.terenna-doprava.sk\/index.php?rest_route=%2Fwp%2Fv2%2Fproduct_brand&post=1263"},{"taxonomy":"product_cat","embeddable":true,"href":"https:\/\/www.terenna-doprava.sk\/index.php?rest_route=%2Fwp%2Fv2%2Fproduct_cat&post=1263"},{"taxonomy":"product_tag","embeddable":true,"href":"https:\/\/www.terenna-doprava.sk\/index.php?rest_route=%2Fwp%2Fv2%2Fproduct_tag&post=1263"}],"curies":[{"name":"wp","href":"https:\/\/api.w.org\/{rel}","templated":true}]}}