{"id":183,"date":"2016-02-29T21:46:19","date_gmt":"2016-02-29T19:46:19","guid":{"rendered":"http:\/\/nova.terenna-doprava.sk\/?post_type=product&#038;p=183"},"modified":"2025-07-02T09:03:46","modified_gmt":"2025-07-02T07:03:46","slug":"karburator-k126gu-opravna-sada","status":"publish","type":"product","link":"https:\/\/www.terenna-doprava.sk\/?product=karburator-k126gu-opravna-sada","title":{"rendered":"Karbur\u00e1tor K126GU &#8211; opravn\u00e1 sada"},"content":{"rendered":"","protected":false},"excerpt":{"rendered":"<p>Obsah sady pribli\u017ene zodpoved\u00e1 obr\u00e1zku. Na po\u017eiadanie vymenujeme presne \u010do sada obsahuje, preto\u017ee obsah nie je v\u017edy presne rovnak\u00fd.<\/p>\n","protected":false},"featured_media":184,"comment_status":"closed","ping_status":"closed","template":"","meta":[],"product_brand":[],"product_cat":[16],"product_tag":[],"class_list":{"0":"post-183","1":"product","2":"type-product","3":"status-publish","4":"has-post-thumbnail","6":"product_cat-palivo","9":"first","10":"instock","11":"shipping-taxable","12":"purchasable","13":"product-type-simple"},"_links":{"self":[{"href":"https:\/\/www.terenna-doprava.sk\/index.php?rest_route=\/wp\/v2\/product\/183","targetHints":{"allow":["GET"]}}],"collection":[{"href":"https:\/\/www.terenna-doprava.sk\/index.php?rest_route=\/wp\/v2\/product"}],"about":[{"href":"https:\/\/www.terenna-doprava.sk\/index.php?rest_route=\/wp\/v2\/types\/product"}],"replies":[{"embeddable":true,"href":"https:\/\/www.terenna-doprava.sk\/index.php?rest_route=%2Fwp%2Fv2%2Fcomments&post=183"}],"wp:featuredmedia":[{"embeddable":true,"href":"https:\/\/www.terenna-doprava.sk\/index.php?rest_route=\/wp\/v2\/media\/184"}],"wp:attachment":[{"href":"https:\/\/www.terenna-doprava.sk\/index.php?rest_route=%2Fwp%2Fv2%2Fmedia&parent=183"}],"wp:term":[{"taxonomy":"product_brand","embeddable":true,"href":"https:\/\/www.terenna-doprava.sk\/index.php?rest_route=%2Fwp%2Fv2%2Fproduct_brand&post=183"},{"taxonomy":"product_cat","embeddable":true,"href":"https:\/\/www.terenna-doprava.sk\/index.php?rest_route=%2Fwp%2Fv2%2Fproduct_cat&post=183"},{"taxonomy":"product_tag","embeddable":true,"href":"https:\/\/www.terenna-doprava.sk\/index.php?rest_route=%2Fwp%2Fv2%2Fproduct_tag&post=183"}],"curies":[{"name":"wp","href":"https:\/\/api.w.org\/{rel}","templated":true}]}}