{"id":189,"date":"2016-02-29T21:50:27","date_gmt":"2016-02-29T19:50:27","guid":{"rendered":"http:\/\/nova.terenna-doprava.sk\/?post_type=product&#038;p=189"},"modified":"2022-07-27T10:18:47","modified_gmt":"2022-07-27T08:18:47","slug":"membranove-platno-03mm-na-membranove-palivove-cerpadlo","status":"publish","type":"product","link":"https:\/\/www.terenna-doprava.sk\/?product=membranove-platno-03mm-na-membranove-palivove-cerpadlo","title":{"rendered":"Membr\u00e1nov\u00e9 pl\u00e1tno 0,3mm na palivov\u00e9 \u010derpadlo"},"content":{"rendered":"","protected":false},"excerpt":{"rendered":"<p>Cena je za 1dm2, t.j. \u0161tvorec 10x10cm. Tento rozmer sta\u010d\u00ed na jednu vrstvu membr\u00e1ny na be\u017en\u00e9 rusk\u00e9 (sovietske) vozidl\u00e1.<\/p>\n<p>Na palivov\u00e9 \u010derpadlo je potrebn\u00e9 pou\u017ei\u0165 3 a\u017e 4 vrstvy membr\u00e1nov\u00e9ho pl\u00e1tna do ktor\u00e9ho sa mus\u00ed vydierova\u0165 pr\u00edslu\u0161n\u00fd po\u010det dier. Pri kone\u010dnom kompletovan\u00ed palivov\u00e9ho \u010derpadla je potrebn\u00e9 u\u0165ahova\u0165 obvodov\u00e9 skrutky ktor\u00e9 dr\u017eia membr\u00e1nu pri najv\u00e4\u010d\u0161om priehybe membr\u00e1ny smerom dolu (t.j. je potrebn\u00e9 membr\u00e1nu &#8222;natiahnu\u0165&#8220; ru\u010dnou pod\u00e1vacou p\u00e1kou).<\/p>\n<p>Jedn\u00e1 sa o novovyroben\u00e9 pl\u00e1tno s vysokou trvanlivos\u0165ou, nejedn\u00e1 sa o star\u00e9 spr\u00e1chniven\u00e9 z\u00e1soby.<\/p>\n","protected":false},"featured_media":190,"comment_status":"closed","ping_status":"closed","template":"","meta":[],"product_brand":[],"product_cat":[16],"product_tag":[],"class_list":{"0":"post-189","1":"product","2":"type-product","3":"status-publish","4":"has-post-thumbnail","6":"product_cat-palivo","9":"first","10":"instock","11":"shipping-taxable","12":"purchasable","13":"product-type-simple"},"_links":{"self":[{"href":"https:\/\/www.terenna-doprava.sk\/index.php?rest_route=\/wp\/v2\/product\/189","targetHints":{"allow":["GET"]}}],"collection":[{"href":"https:\/\/www.terenna-doprava.sk\/index.php?rest_route=\/wp\/v2\/product"}],"about":[{"href":"https:\/\/www.terenna-doprava.sk\/index.php?rest_route=\/wp\/v2\/types\/product"}],"replies":[{"embeddable":true,"href":"https:\/\/www.terenna-doprava.sk\/index.php?rest_route=%2Fwp%2Fv2%2Fcomments&post=189"}],"wp:featuredmedia":[{"embeddable":true,"href":"https:\/\/www.terenna-doprava.sk\/index.php?rest_route=\/wp\/v2\/media\/190"}],"wp:attachment":[{"href":"https:\/\/www.terenna-doprava.sk\/index.php?rest_route=%2Fwp%2Fv2%2Fmedia&parent=189"}],"wp:term":[{"taxonomy":"product_brand","embeddable":true,"href":"https:\/\/www.terenna-doprava.sk\/index.php?rest_route=%2Fwp%2Fv2%2Fproduct_brand&post=189"},{"taxonomy":"product_cat","embeddable":true,"href":"https:\/\/www.terenna-doprava.sk\/index.php?rest_route=%2Fwp%2Fv2%2Fproduct_cat&post=189"},{"taxonomy":"product_tag","embeddable":true,"href":"https:\/\/www.terenna-doprava.sk\/index.php?rest_route=%2Fwp%2Fv2%2Fproduct_tag&post=189"}],"curies":[{"name":"wp","href":"https:\/\/api.w.org\/{rel}","templated":true}]}}