{"id":235,"date":"2016-02-29T22:24:18","date_gmt":"2016-02-29T20:24:18","guid":{"rendered":"http:\/\/nova.terenna-doprava.sk\/?post_type=product&#038;p=235"},"modified":"2021-11-10T14:02:36","modified_gmt":"2021-11-10T12:02:36","slug":"gulovy-cap","status":"publish","type":"product","link":"https:\/\/www.terenna-doprava.sk\/?product=gulovy-cap","title":{"rendered":"Gu\u013eov\u00fd \u010dap"},"content":{"rendered":"","protected":false},"excerpt":{"rendered":"<p>Z\u00e1vit na spojovaciu ty\u010d riadenia (M18x1,5) m\u00f4\u017ee by\u0165 prav\u00fd alebo \u013eav\u00fd, je potrebn\u00e9 \u0161pecifikova\u0165 v objedn\u00e1vke.<\/p>\n<p>Z\u00e1vit na upnutie ku\u017ee\u013ea je M14x1,5.<\/p>\n","protected":false},"featured_media":236,"comment_status":"closed","ping_status":"closed","template":"","meta":[],"product_brand":[],"product_cat":[29],"product_tag":[],"class_list":{"0":"post-235","1":"product","2":"type-product","3":"status-publish","4":"has-post-thumbnail","6":"product_cat-riadenie","9":"first","10":"instock","11":"shipping-taxable","12":"purchasable","13":"product-type-simple"},"_links":{"self":[{"href":"https:\/\/www.terenna-doprava.sk\/index.php?rest_route=\/wp\/v2\/product\/235","targetHints":{"allow":["GET"]}}],"collection":[{"href":"https:\/\/www.terenna-doprava.sk\/index.php?rest_route=\/wp\/v2\/product"}],"about":[{"href":"https:\/\/www.terenna-doprava.sk\/index.php?rest_route=\/wp\/v2\/types\/product"}],"replies":[{"embeddable":true,"href":"https:\/\/www.terenna-doprava.sk\/index.php?rest_route=%2Fwp%2Fv2%2Fcomments&post=235"}],"wp:featuredmedia":[{"embeddable":true,"href":"https:\/\/www.terenna-doprava.sk\/index.php?rest_route=\/wp\/v2\/media\/236"}],"wp:attachment":[{"href":"https:\/\/www.terenna-doprava.sk\/index.php?rest_route=%2Fwp%2Fv2%2Fmedia&parent=235"}],"wp:term":[{"taxonomy":"product_brand","embeddable":true,"href":"https:\/\/www.terenna-doprava.sk\/index.php?rest_route=%2Fwp%2Fv2%2Fproduct_brand&post=235"},{"taxonomy":"product_cat","embeddable":true,"href":"https:\/\/www.terenna-doprava.sk\/index.php?rest_route=%2Fwp%2Fv2%2Fproduct_cat&post=235"},{"taxonomy":"product_tag","embeddable":true,"href":"https:\/\/www.terenna-doprava.sk\/index.php?rest_route=%2Fwp%2Fv2%2Fproduct_tag&post=235"}],"curies":[{"name":"wp","href":"https:\/\/api.w.org\/{rel}","templated":true}]}}