{"id":237,"date":"2016-02-29T22:25:23","date_gmt":"2016-02-29T20:25:23","guid":{"rendered":"http:\/\/nova.terenna-doprava.sk\/?post_type=product&#038;p=237"},"modified":"2023-01-07T20:43:19","modified_gmt":"2023-01-07T18:43:19","slug":"brzdova-celust-g69uaz452469v24","status":"publish","type":"product","link":"https:\/\/www.terenna-doprava.sk\/?product=brzdova-celust-g69uaz452469v24","title":{"rendered":"Brzdov\u00e1 \u010de\u013eus\u0165 G69\/UAZ452,469\/V24"},"content":{"rendered":"","protected":false},"excerpt":{"rendered":"<p>Brzdov\u00e1 \u010de\u013eus\u0165 G69\/UAZ452,469\/V24<\/p>\n","protected":false},"featured_media":238,"comment_status":"closed","ping_status":"closed","template":"","meta":[],"product_brand":[],"product_cat":[30],"product_tag":[],"class_list":{"0":"post-237","1":"product","2":"type-product","3":"status-publish","4":"has-post-thumbnail","6":"product_cat-brzdy","9":"first","10":"instock","11":"shipping-taxable","12":"purchasable","13":"product-type-simple"},"_links":{"self":[{"href":"https:\/\/www.terenna-doprava.sk\/index.php?rest_route=\/wp\/v2\/product\/237","targetHints":{"allow":["GET"]}}],"collection":[{"href":"https:\/\/www.terenna-doprava.sk\/index.php?rest_route=\/wp\/v2\/product"}],"about":[{"href":"https:\/\/www.terenna-doprava.sk\/index.php?rest_route=\/wp\/v2\/types\/product"}],"replies":[{"embeddable":true,"href":"https:\/\/www.terenna-doprava.sk\/index.php?rest_route=%2Fwp%2Fv2%2Fcomments&post=237"}],"wp:featuredmedia":[{"embeddable":true,"href":"https:\/\/www.terenna-doprava.sk\/index.php?rest_route=\/wp\/v2\/media\/238"}],"wp:attachment":[{"href":"https:\/\/www.terenna-doprava.sk\/index.php?rest_route=%2Fwp%2Fv2%2Fmedia&parent=237"}],"wp:term":[{"taxonomy":"product_brand","embeddable":true,"href":"https:\/\/www.terenna-doprava.sk\/index.php?rest_route=%2Fwp%2Fv2%2Fproduct_brand&post=237"},{"taxonomy":"product_cat","embeddable":true,"href":"https:\/\/www.terenna-doprava.sk\/index.php?rest_route=%2Fwp%2Fv2%2Fproduct_cat&post=237"},{"taxonomy":"product_tag","embeddable":true,"href":"https:\/\/www.terenna-doprava.sk\/index.php?rest_route=%2Fwp%2Fv2%2Fproduct_tag&post=237"}],"curies":[{"name":"wp","href":"https:\/\/api.w.org\/{rel}","templated":true}]}}