{"id":243,"date":"2016-02-29T22:30:23","date_gmt":"2016-02-29T20:30:23","guid":{"rendered":"http:\/\/nova.terenna-doprava.sk\/?post_type=product&#038;p=243"},"modified":"2016-02-29T22:30:23","modified_gmt":"2016-02-29T20:30:23","slug":"brzdova-pakna","status":"publish","type":"product","link":"https:\/\/www.terenna-doprava.sk\/?product=brzdova-pakna","title":{"rendered":"Brzdov\u00e1 pak\u0148a"},"content":{"rendered":"","protected":false},"excerpt":{"rendered":"<p>Pakne s\u00fa nov\u00e9, nie s\u00fa v\u0161ak z jednej s\u00e9rie tak\u017ee sa ned\u00e1 zaru\u010di\u0165 rovnak\u00fd s\u00fa\u010dinite\u013e trenia. Vhodn\u00e9 preto sk\u00f4r na malotraktor. Pakne s\u00fa dlh\u0161ie (n\u00e1be\u017en\u00e9) aj krat\u0161ie (\u00fabe\u017en\u00e9).<\/p>\n","protected":false},"featured_media":245,"comment_status":"closed","ping_status":"closed","template":"","meta":[],"product_brand":[],"product_cat":[33],"product_tag":[],"class_list":{"0":"post-243","1":"product","2":"type-product","3":"status-publish","4":"has-post-thumbnail","6":"product_cat-bazar","9":"first","10":"instock","11":"shipping-taxable","12":"purchasable","13":"product-type-simple"},"_links":{"self":[{"href":"https:\/\/www.terenna-doprava.sk\/index.php?rest_route=\/wp\/v2\/product\/243","targetHints":{"allow":["GET"]}}],"collection":[{"href":"https:\/\/www.terenna-doprava.sk\/index.php?rest_route=\/wp\/v2\/product"}],"about":[{"href":"https:\/\/www.terenna-doprava.sk\/index.php?rest_route=\/wp\/v2\/types\/product"}],"replies":[{"embeddable":true,"href":"https:\/\/www.terenna-doprava.sk\/index.php?rest_route=%2Fwp%2Fv2%2Fcomments&post=243"}],"wp:featuredmedia":[{"embeddable":true,"href":"https:\/\/www.terenna-doprava.sk\/index.php?rest_route=\/wp\/v2\/media\/245"}],"wp:attachment":[{"href":"https:\/\/www.terenna-doprava.sk\/index.php?rest_route=%2Fwp%2Fv2%2Fmedia&parent=243"}],"wp:term":[{"taxonomy":"product_brand","embeddable":true,"href":"https:\/\/www.terenna-doprava.sk\/index.php?rest_route=%2Fwp%2Fv2%2Fproduct_brand&post=243"},{"taxonomy":"product_cat","embeddable":true,"href":"https:\/\/www.terenna-doprava.sk\/index.php?rest_route=%2Fwp%2Fv2%2Fproduct_cat&post=243"},{"taxonomy":"product_tag","embeddable":true,"href":"https:\/\/www.terenna-doprava.sk\/index.php?rest_route=%2Fwp%2Fv2%2Fproduct_tag&post=243"}],"curies":[{"name":"wp","href":"https:\/\/api.w.org\/{rel}","templated":true}]}}