{"id":305,"date":"2016-03-02T15:37:51","date_gmt":"2016-03-02T13:37:51","guid":{"rendered":"http:\/\/nova.terenna-doprava.sk\/?post_type=product&#038;p=305"},"modified":"2021-08-05T08:07:39","modified_gmt":"2021-08-05T06:07:39","slug":"spojka-pracovny-valcek-uaz452","status":"publish","type":"product","link":"https:\/\/www.terenna-doprava.sk\/?product=spojka-pracovny-valcek-uaz452","title":{"rendered":"Spojka &#8211; pracovn\u00fd val\u010dek UAZ452\/469\/V24\/V21"},"content":{"rendered":"<p>Do objedn\u00e1vky nap\u00ed\u0161te vn\u00fatorn\u00fd priemer val\u010deka a umiestnenie odvzdu\u0161\u0148ovacej (v osi val\u010deka alebo kolmo na os) skrutky.<\/p>\n","protected":false},"excerpt":{"rendered":"<p class=\"with-tabs\">Spojka &#8211; pracovn\u00fd val\u010dek UAZ452<\/p>\n","protected":false},"featured_media":306,"comment_status":"closed","ping_status":"closed","template":"","meta":[],"product_brand":[],"product_cat":[19],"product_tag":[],"class_list":{"0":"post-305","1":"product","2":"type-product","3":"status-publish","4":"has-post-thumbnail","6":"product_cat-spojka","9":"first","10":"instock","11":"shipping-taxable","12":"purchasable","13":"product-type-simple"},"_links":{"self":[{"href":"https:\/\/www.terenna-doprava.sk\/index.php?rest_route=\/wp\/v2\/product\/305","targetHints":{"allow":["GET"]}}],"collection":[{"href":"https:\/\/www.terenna-doprava.sk\/index.php?rest_route=\/wp\/v2\/product"}],"about":[{"href":"https:\/\/www.terenna-doprava.sk\/index.php?rest_route=\/wp\/v2\/types\/product"}],"replies":[{"embeddable":true,"href":"https:\/\/www.terenna-doprava.sk\/index.php?rest_route=%2Fwp%2Fv2%2Fcomments&post=305"}],"wp:featuredmedia":[{"embeddable":true,"href":"https:\/\/www.terenna-doprava.sk\/index.php?rest_route=\/wp\/v2\/media\/306"}],"wp:attachment":[{"href":"https:\/\/www.terenna-doprava.sk\/index.php?rest_route=%2Fwp%2Fv2%2Fmedia&parent=305"}],"wp:term":[{"taxonomy":"product_brand","embeddable":true,"href":"https:\/\/www.terenna-doprava.sk\/index.php?rest_route=%2Fwp%2Fv2%2Fproduct_brand&post=305"},{"taxonomy":"product_cat","embeddable":true,"href":"https:\/\/www.terenna-doprava.sk\/index.php?rest_route=%2Fwp%2Fv2%2Fproduct_cat&post=305"},{"taxonomy":"product_tag","embeddable":true,"href":"https:\/\/www.terenna-doprava.sk\/index.php?rest_route=%2Fwp%2Fv2%2Fproduct_tag&post=305"}],"curies":[{"name":"wp","href":"https:\/\/api.w.org\/{rel}","templated":true}]}}