{"id":334,"date":"2016-03-02T21:49:13","date_gmt":"2016-03-02T19:49:13","guid":{"rendered":"http:\/\/nova.terenna-doprava.sk\/?post_type=product&#038;p=334"},"modified":"2016-03-02T22:30:25","modified_gmt":"2016-03-02T20:30:25","slug":"kolesova-matica-m14x15-kuzel-uzavreta-gaz69uaz452469","status":"publish","type":"product","link":"https:\/\/www.terenna-doprava.sk\/?product=kolesova-matica-m14x15-kuzel-uzavreta-gaz69uaz452469","title":{"rendered":"Kolesov\u00e1 matica M14x1,5 ku\u017ee\u013e, uzavret\u00e1 GAZ69\/UAZ"},"content":{"rendered":"","protected":false},"excerpt":{"rendered":"<p class=\"with-tabs\">Kolesov\u00e1 matica M14x1,5 ku\u017ee\u013e, uzavret\u00e1 GAZ69\/UAZ452\/469<\/p>\n","protected":false},"featured_media":335,"comment_status":"closed","ping_status":"closed","template":"","meta":[],"product_brand":[],"product_cat":[23],"product_tag":[],"class_list":{"0":"post-334","1":"product","2":"type-product","3":"status-publish","4":"has-post-thumbnail","6":"product_cat-napravy","9":"first","10":"instock","11":"shipping-taxable","12":"purchasable","13":"product-type-simple"},"_links":{"self":[{"href":"https:\/\/www.terenna-doprava.sk\/index.php?rest_route=\/wp\/v2\/product\/334","targetHints":{"allow":["GET"]}}],"collection":[{"href":"https:\/\/www.terenna-doprava.sk\/index.php?rest_route=\/wp\/v2\/product"}],"about":[{"href":"https:\/\/www.terenna-doprava.sk\/index.php?rest_route=\/wp\/v2\/types\/product"}],"replies":[{"embeddable":true,"href":"https:\/\/www.terenna-doprava.sk\/index.php?rest_route=%2Fwp%2Fv2%2Fcomments&post=334"}],"wp:featuredmedia":[{"embeddable":true,"href":"https:\/\/www.terenna-doprava.sk\/index.php?rest_route=\/wp\/v2\/media\/335"}],"wp:attachment":[{"href":"https:\/\/www.terenna-doprava.sk\/index.php?rest_route=%2Fwp%2Fv2%2Fmedia&parent=334"}],"wp:term":[{"taxonomy":"product_brand","embeddable":true,"href":"https:\/\/www.terenna-doprava.sk\/index.php?rest_route=%2Fwp%2Fv2%2Fproduct_brand&post=334"},{"taxonomy":"product_cat","embeddable":true,"href":"https:\/\/www.terenna-doprava.sk\/index.php?rest_route=%2Fwp%2Fv2%2Fproduct_cat&post=334"},{"taxonomy":"product_tag","embeddable":true,"href":"https:\/\/www.terenna-doprava.sk\/index.php?rest_route=%2Fwp%2Fv2%2Fproduct_tag&post=334"}],"curies":[{"name":"wp","href":"https:\/\/api.w.org\/{rel}","templated":true}]}}