{"id":338,"date":"2016-03-02T21:51:33","date_gmt":"2016-03-02T19:51:33","guid":{"rendered":"http:\/\/nova.terenna-doprava.sk\/?post_type=product&#038;p=338"},"modified":"2016-03-02T21:51:33","modified_gmt":"2016-03-02T19:51:33","slug":"kuzelove-dvojlozisko-hrusky-diferencialu","status":"publish","type":"product","link":"https:\/\/www.terenna-doprava.sk\/?product=kuzelove-dvojlozisko-hrusky-diferencialu","title":{"rendered":"Ku\u017ee\u013eov\u00e9 dvojlo\u017eisko hru\u0161ky diferenci\u00e1lu"},"content":{"rendered":"","protected":false},"excerpt":{"rendered":"<p class=\"with-tabs\">Ku\u017ee\u013eov\u00e9 dvojlo\u017eisko hru\u0161ky diferenci\u00e1lu<\/p>\n","protected":false},"featured_media":339,"comment_status":"closed","ping_status":"closed","template":"","meta":[],"product_brand":[],"product_cat":[23],"product_tag":[],"class_list":{"0":"post-338","1":"product","2":"type-product","3":"status-publish","4":"has-post-thumbnail","6":"product_cat-napravy","9":"first","10":"instock","11":"shipping-taxable","12":"purchasable","13":"product-type-simple"},"_links":{"self":[{"href":"https:\/\/www.terenna-doprava.sk\/index.php?rest_route=\/wp\/v2\/product\/338","targetHints":{"allow":["GET"]}}],"collection":[{"href":"https:\/\/www.terenna-doprava.sk\/index.php?rest_route=\/wp\/v2\/product"}],"about":[{"href":"https:\/\/www.terenna-doprava.sk\/index.php?rest_route=\/wp\/v2\/types\/product"}],"replies":[{"embeddable":true,"href":"https:\/\/www.terenna-doprava.sk\/index.php?rest_route=%2Fwp%2Fv2%2Fcomments&post=338"}],"wp:featuredmedia":[{"embeddable":true,"href":"https:\/\/www.terenna-doprava.sk\/index.php?rest_route=\/wp\/v2\/media\/339"}],"wp:attachment":[{"href":"https:\/\/www.terenna-doprava.sk\/index.php?rest_route=%2Fwp%2Fv2%2Fmedia&parent=338"}],"wp:term":[{"taxonomy":"product_brand","embeddable":true,"href":"https:\/\/www.terenna-doprava.sk\/index.php?rest_route=%2Fwp%2Fv2%2Fproduct_brand&post=338"},{"taxonomy":"product_cat","embeddable":true,"href":"https:\/\/www.terenna-doprava.sk\/index.php?rest_route=%2Fwp%2Fv2%2Fproduct_cat&post=338"},{"taxonomy":"product_tag","embeddable":true,"href":"https:\/\/www.terenna-doprava.sk\/index.php?rest_route=%2Fwp%2Fv2%2Fproduct_tag&post=338"}],"curies":[{"name":"wp","href":"https:\/\/api.w.org\/{rel}","templated":true}]}}