{"id":346,"date":"2016-03-02T21:56:04","date_gmt":"2016-03-02T19:56:04","guid":{"rendered":"http:\/\/nova.terenna-doprava.sk\/?post_type=product&#038;p=346"},"modified":"2018-09-19T20:27:17","modified_gmt":"2018-09-19T18:27:17","slug":"sukolesie-staleho-prevodu-napravy-5125-gaz69","status":"publish","type":"product","link":"https:\/\/www.terenna-doprava.sk\/?product=sukolesie-staleho-prevodu-napravy-5125-gaz69","title":{"rendered":"S\u00fakolesie st\u00e1leho prevodu n\u00e1pravy 5,125 &#8211; GAZ69"},"content":{"rendered":"","protected":false},"excerpt":{"rendered":"<p class=\"with-tabs\">Jedn\u00e1 sa o najkvalitnej\u0161ie s\u00fakolesie (produkcia b\u00fdval\u00e9 ZSSR) zabalen\u00e9 v papieri a konzerva\u010dnej vazel\u00edne. V\u0161eobecne sa d\u00e1 poveda\u0165, \u017ee &#8222;\u017eelezu&#8220; z produkcie ZSSR sa nevyrovn\u00e1 \u017eiadna s\u00fa\u010dasn\u00e1 produkcia. Je ho mo\u017en\u00e9 pou\u017ei\u0165 aj na UAZ 452\/469.<\/p>\n","protected":false},"featured_media":347,"comment_status":"closed","ping_status":"closed","template":"","meta":[],"product_brand":[],"product_cat":[23],"product_tag":[],"class_list":{"0":"post-346","1":"product","2":"type-product","3":"status-publish","4":"has-post-thumbnail","6":"product_cat-napravy","9":"first","10":"instock","11":"shipping-taxable","12":"purchasable","13":"product-type-simple"},"_links":{"self":[{"href":"https:\/\/www.terenna-doprava.sk\/index.php?rest_route=\/wp\/v2\/product\/346","targetHints":{"allow":["GET"]}}],"collection":[{"href":"https:\/\/www.terenna-doprava.sk\/index.php?rest_route=\/wp\/v2\/product"}],"about":[{"href":"https:\/\/www.terenna-doprava.sk\/index.php?rest_route=\/wp\/v2\/types\/product"}],"replies":[{"embeddable":true,"href":"https:\/\/www.terenna-doprava.sk\/index.php?rest_route=%2Fwp%2Fv2%2Fcomments&post=346"}],"wp:featuredmedia":[{"embeddable":true,"href":"https:\/\/www.terenna-doprava.sk\/index.php?rest_route=\/wp\/v2\/media\/347"}],"wp:attachment":[{"href":"https:\/\/www.terenna-doprava.sk\/index.php?rest_route=%2Fwp%2Fv2%2Fmedia&parent=346"}],"wp:term":[{"taxonomy":"product_brand","embeddable":true,"href":"https:\/\/www.terenna-doprava.sk\/index.php?rest_route=%2Fwp%2Fv2%2Fproduct_brand&post=346"},{"taxonomy":"product_cat","embeddable":true,"href":"https:\/\/www.terenna-doprava.sk\/index.php?rest_route=%2Fwp%2Fv2%2Fproduct_cat&post=346"},{"taxonomy":"product_tag","embeddable":true,"href":"https:\/\/www.terenna-doprava.sk\/index.php?rest_route=%2Fwp%2Fv2%2Fproduct_tag&post=346"}],"curies":[{"name":"wp","href":"https:\/\/api.w.org\/{rel}","templated":true}]}}