{"id":365,"date":"2016-03-02T22:09:02","date_gmt":"2016-03-02T20:09:02","guid":{"rendered":"http:\/\/nova.terenna-doprava.sk\/?post_type=product&#038;p=365"},"modified":"2016-03-02T22:09:02","modified_gmt":"2016-03-02T20:09:02","slug":"poistny-kolik-zvislych-capov-uaz","status":"publish","type":"product","link":"https:\/\/www.terenna-doprava.sk\/?product=poistny-kolik-zvislych-capov-uaz","title":{"rendered":"Poistn\u00fd kol\u00edk zvisl\u00fdch \u010dapov UAZ"},"content":{"rendered":"","protected":false},"excerpt":{"rendered":"<p class=\"with-tabs\">Poistn\u00fd kol\u00edk zvisl\u00fdch \u010dapov UAZ<\/p>\n","protected":false},"featured_media":366,"comment_status":"closed","ping_status":"closed","template":"","meta":[],"product_brand":[],"product_cat":[29],"product_tag":[],"class_list":{"0":"post-365","1":"product","2":"type-product","3":"status-publish","4":"has-post-thumbnail","6":"product_cat-riadenie","9":"first","10":"instock","11":"shipping-taxable","12":"purchasable","13":"product-type-simple"},"_links":{"self":[{"href":"https:\/\/www.terenna-doprava.sk\/index.php?rest_route=\/wp\/v2\/product\/365","targetHints":{"allow":["GET"]}}],"collection":[{"href":"https:\/\/www.terenna-doprava.sk\/index.php?rest_route=\/wp\/v2\/product"}],"about":[{"href":"https:\/\/www.terenna-doprava.sk\/index.php?rest_route=\/wp\/v2\/types\/product"}],"replies":[{"embeddable":true,"href":"https:\/\/www.terenna-doprava.sk\/index.php?rest_route=%2Fwp%2Fv2%2Fcomments&post=365"}],"wp:featuredmedia":[{"embeddable":true,"href":"https:\/\/www.terenna-doprava.sk\/index.php?rest_route=\/wp\/v2\/media\/366"}],"wp:attachment":[{"href":"https:\/\/www.terenna-doprava.sk\/index.php?rest_route=%2Fwp%2Fv2%2Fmedia&parent=365"}],"wp:term":[{"taxonomy":"product_brand","embeddable":true,"href":"https:\/\/www.terenna-doprava.sk\/index.php?rest_route=%2Fwp%2Fv2%2Fproduct_brand&post=365"},{"taxonomy":"product_cat","embeddable":true,"href":"https:\/\/www.terenna-doprava.sk\/index.php?rest_route=%2Fwp%2Fv2%2Fproduct_cat&post=365"},{"taxonomy":"product_tag","embeddable":true,"href":"https:\/\/www.terenna-doprava.sk\/index.php?rest_route=%2Fwp%2Fv2%2Fproduct_tag&post=365"}],"curies":[{"name":"wp","href":"https:\/\/api.w.org\/{rel}","templated":true}]}}