{"id":411,"date":"2016-03-03T09:14:13","date_gmt":"2016-03-03T07:14:13","guid":{"rendered":"http:\/\/nova.terenna-doprava.sk\/?post_type=product&#038;p=411"},"modified":"2016-03-03T09:14:13","modified_gmt":"2016-03-03T07:14:13","slug":"vymedzovacie-podlozky-zvislych-capov-uaz","status":"publish","type":"product","link":"https:\/\/www.terenna-doprava.sk\/?product=vymedzovacie-podlozky-zvislych-capov-uaz","title":{"rendered":"Vymedzovacie podlo\u017eky zvisl\u00fdch \u010dapov UAZ"},"content":{"rendered":"","protected":false},"excerpt":{"rendered":"","protected":false},"featured_media":412,"comment_status":"closed","ping_status":"closed","template":"","meta":[],"product_brand":[],"product_cat":[24],"product_tag":[],"class_list":{"0":"post-411","1":"product","2":"type-product","3":"status-publish","4":"has-post-thumbnail","6":"product_cat-naprava_predna","9":"first","10":"instock","11":"shipping-taxable","12":"purchasable","13":"product-type-simple"},"_links":{"self":[{"href":"https:\/\/www.terenna-doprava.sk\/index.php?rest_route=\/wp\/v2\/product\/411","targetHints":{"allow":["GET"]}}],"collection":[{"href":"https:\/\/www.terenna-doprava.sk\/index.php?rest_route=\/wp\/v2\/product"}],"about":[{"href":"https:\/\/www.terenna-doprava.sk\/index.php?rest_route=\/wp\/v2\/types\/product"}],"replies":[{"embeddable":true,"href":"https:\/\/www.terenna-doprava.sk\/index.php?rest_route=%2Fwp%2Fv2%2Fcomments&post=411"}],"wp:featuredmedia":[{"embeddable":true,"href":"https:\/\/www.terenna-doprava.sk\/index.php?rest_route=\/wp\/v2\/media\/412"}],"wp:attachment":[{"href":"https:\/\/www.terenna-doprava.sk\/index.php?rest_route=%2Fwp%2Fv2%2Fmedia&parent=411"}],"wp:term":[{"taxonomy":"product_brand","embeddable":true,"href":"https:\/\/www.terenna-doprava.sk\/index.php?rest_route=%2Fwp%2Fv2%2Fproduct_brand&post=411"},{"taxonomy":"product_cat","embeddable":true,"href":"https:\/\/www.terenna-doprava.sk\/index.php?rest_route=%2Fwp%2Fv2%2Fproduct_cat&post=411"},{"taxonomy":"product_tag","embeddable":true,"href":"https:\/\/www.terenna-doprava.sk\/index.php?rest_route=%2Fwp%2Fv2%2Fproduct_tag&post=411"}],"curies":[{"name":"wp","href":"https:\/\/api.w.org\/{rel}","templated":true}]}}