{"id":413,"date":"2016-03-03T09:15:07","date_gmt":"2016-03-03T07:15:07","guid":{"rendered":"http:\/\/nova.terenna-doprava.sk\/?post_type=product&#038;p=413"},"modified":"2025-11-03T10:32:49","modified_gmt":"2025-11-03T08:32:49","slug":"zvisle-capy-klzne-uaz","status":"publish","type":"product","link":"https:\/\/www.terenna-doprava.sk\/?product=zvisle-capy-klzne-uaz","title":{"rendered":"Zvisl\u00e9 \u010dapy &#8211; klzn\u00e9 UAZ"},"content":{"rendered":"<p>Novov\u00fdroba z U\u013ejanovska, v\u010d\u00edtane p\u00fazdier a klzn\u00fdch podlo\u017eiek.<\/p>\n","protected":false},"excerpt":{"rendered":"<p>Novov\u00fdroba z U\u013ejanovska, v\u010d\u00edtane p\u00fazdier a klzn\u00fdch podlo\u017eiek.<\/p>\n","protected":false},"featured_media":414,"comment_status":"closed","ping_status":"closed","template":"","meta":[],"product_brand":[],"product_cat":[24],"product_tag":[],"class_list":{"0":"post-413","1":"product","2":"type-product","3":"status-publish","4":"has-post-thumbnail","6":"product_cat-naprava_predna","9":"first","10":"instock","11":"shipping-taxable","12":"purchasable","13":"product-type-simple"},"_links":{"self":[{"href":"https:\/\/www.terenna-doprava.sk\/index.php?rest_route=\/wp\/v2\/product\/413","targetHints":{"allow":["GET"]}}],"collection":[{"href":"https:\/\/www.terenna-doprava.sk\/index.php?rest_route=\/wp\/v2\/product"}],"about":[{"href":"https:\/\/www.terenna-doprava.sk\/index.php?rest_route=\/wp\/v2\/types\/product"}],"replies":[{"embeddable":true,"href":"https:\/\/www.terenna-doprava.sk\/index.php?rest_route=%2Fwp%2Fv2%2Fcomments&post=413"}],"wp:featuredmedia":[{"embeddable":true,"href":"https:\/\/www.terenna-doprava.sk\/index.php?rest_route=\/wp\/v2\/media\/414"}],"wp:attachment":[{"href":"https:\/\/www.terenna-doprava.sk\/index.php?rest_route=%2Fwp%2Fv2%2Fmedia&parent=413"}],"wp:term":[{"taxonomy":"product_brand","embeddable":true,"href":"https:\/\/www.terenna-doprava.sk\/index.php?rest_route=%2Fwp%2Fv2%2Fproduct_brand&post=413"},{"taxonomy":"product_cat","embeddable":true,"href":"https:\/\/www.terenna-doprava.sk\/index.php?rest_route=%2Fwp%2Fv2%2Fproduct_cat&post=413"},{"taxonomy":"product_tag","embeddable":true,"href":"https:\/\/www.terenna-doprava.sk\/index.php?rest_route=%2Fwp%2Fv2%2Fproduct_tag&post=413"}],"curies":[{"name":"wp","href":"https:\/\/api.w.org\/{rel}","templated":true}]}}