{"id":438,"date":"2016-03-03T10:44:05","date_gmt":"2016-03-03T08:44:05","guid":{"rendered":"http:\/\/nova.terenna-doprava.sk\/?post_type=product&#038;p=438"},"modified":"2023-08-31T10:52:57","modified_gmt":"2023-08-31T08:52:57","slug":"silentblok-listovej-pruziny-gaz69","status":"publish","type":"product","link":"https:\/\/www.terenna-doprava.sk\/?product=silentblok-listovej-pruziny-gaz69","title":{"rendered":"Silentblok listovej pru\u017einy GAZ69\/V21\/V24"},"content":{"rendered":"<p>Jedn\u00e1 sa o novovyroben\u00e9 silentbloky z RF. Prim\u00e1rne s\u00fa ur\u010den\u00e9 na VOLGA 24. Pre pou\u017eitie na G69\/V21 je potrebn\u00e9 ich skr\u00e1ti\u0165 o 10 mm.\u00a0 Ak s\u00fa ale \u010dapy alebo in\u00e9 komponenty dot\u00fdkaj\u00face sa silentbloku pr\u00edli\u0161 opotrebovan\u00e9 je ziad\u00face skr\u00e1ti\u0165 o menej ako 10 mm.<\/p>\n<p>Priemer 45mm v d\u013a\u017eke 7mm, men\u0161\u00ed priemer 34mm v d\u013a\u017eke 39mm, diera priemer 15mm.<\/p>\n","protected":false},"excerpt":{"rendered":"<p>Jedn\u00e1 sa o novovyroben\u00e9 silentbloky z RF. Prim\u00e1rne s\u00fa ur\u010den\u00e9 na VOLGA 24. Pre pou\u017eitie na G69\/V21 je potrebn\u00e9 ich skr\u00e1ti\u0165 o 10 mm.\u00a0 Ak s\u00fa ale \u010dapy alebo in\u00e9 komponenty dot\u00fdkaj\u00face sa silentbloku pr\u00edli\u0161 opotrebovan\u00e9 je ziad\u00face skr\u00e1ti\u0165 o menej ako 10 mm. Priemer 45mm v d\u013a\u017eke 7mm, men\u0161\u00ed priemer 34mm v d\u013a\u017eke 39mm, &hellip; <a href=\"https:\/\/www.terenna-doprava.sk\/?product=silentblok-listovej-pruziny-gaz69\" class=\"more-link\">Pokra\u010dova\u0165 na <span class=\"screen-reader-text\">Silentblok listovej pru\u017einy GAZ69\/V21\/V24<\/span> <span class=\"meta-nav\">&rarr;<\/span><\/a><\/p>\n","protected":false},"featured_media":439,"comment_status":"closed","ping_status":"closed","template":"","meta":[],"product_brand":[],"product_cat":[27],"product_tag":[],"class_list":{"0":"post-438","1":"product","2":"type-product","3":"status-publish","4":"has-post-thumbnail","6":"product_cat-zavesenie_kolies","9":"first","10":"instock","11":"shipping-taxable","12":"purchasable","13":"product-type-simple"},"_links":{"self":[{"href":"https:\/\/www.terenna-doprava.sk\/index.php?rest_route=\/wp\/v2\/product\/438","targetHints":{"allow":["GET"]}}],"collection":[{"href":"https:\/\/www.terenna-doprava.sk\/index.php?rest_route=\/wp\/v2\/product"}],"about":[{"href":"https:\/\/www.terenna-doprava.sk\/index.php?rest_route=\/wp\/v2\/types\/product"}],"replies":[{"embeddable":true,"href":"https:\/\/www.terenna-doprava.sk\/index.php?rest_route=%2Fwp%2Fv2%2Fcomments&post=438"}],"wp:featuredmedia":[{"embeddable":true,"href":"https:\/\/www.terenna-doprava.sk\/index.php?rest_route=\/wp\/v2\/media\/439"}],"wp:attachment":[{"href":"https:\/\/www.terenna-doprava.sk\/index.php?rest_route=%2Fwp%2Fv2%2Fmedia&parent=438"}],"wp:term":[{"taxonomy":"product_brand","embeddable":true,"href":"https:\/\/www.terenna-doprava.sk\/index.php?rest_route=%2Fwp%2Fv2%2Fproduct_brand&post=438"},{"taxonomy":"product_cat","embeddable":true,"href":"https:\/\/www.terenna-doprava.sk\/index.php?rest_route=%2Fwp%2Fv2%2Fproduct_cat&post=438"},{"taxonomy":"product_tag","embeddable":true,"href":"https:\/\/www.terenna-doprava.sk\/index.php?rest_route=%2Fwp%2Fv2%2Fproduct_tag&post=438"}],"curies":[{"name":"wp","href":"https:\/\/api.w.org\/{rel}","templated":true}]}}