{"id":445,"date":"2016-03-03T10:53:20","date_gmt":"2016-03-03T08:53:20","guid":{"rendered":"http:\/\/nova.terenna-doprava.sk\/?post_type=product&#038;p=445"},"modified":"2016-03-03T10:53:20","modified_gmt":"2016-03-03T08:53:20","slug":"strmen-listoveho-pera","status":"publish","type":"product","link":"https:\/\/www.terenna-doprava.sk\/?product=strmen-listoveho-pera","title":{"rendered":"Strme\u0148 listov\u00e9ho pera"},"content":{"rendered":"<p>D\u013a\u017eka vn\u00fatorn\u00e1 210mm, d\u013a\u017eka z\u00e1vitu M14x1.5 47mm, vn\u00fatorn\u00e1 \u0161\u00edrka (\u0161\u00edrka listu pera) 47mm. Rozte\u010dou pasuje aj na UAZ452 aj na GAZ69, d\u013a\u017eku strme\u0148a je potrebn\u00e9 porovna\u0165 s t\u00fdm \u010do potrebujete.<\/p>\n","protected":false},"excerpt":{"rendered":"<p>D\u013a\u017eka vn\u00fatorn\u00e1 210mm, d\u013a\u017eka z\u00e1vitu M14x1.5 47mm, vn\u00fatorn\u00e1 \u0161\u00edrka (\u0161\u00edrka listu pera) 47mm. Rozte\u010dou pasuje aj na UAZ452 aj na GAZ69, d\u013a\u017eku strme\u0148a je potrebn\u00e9 porovna\u0165 s t\u00fdm \u010do potrebujete.<\/p>\n","protected":false},"featured_media":446,"comment_status":"closed","ping_status":"closed","template":"","meta":[],"product_brand":[],"product_cat":[27],"product_tag":[],"class_list":{"0":"post-445","1":"product","2":"type-product","3":"status-publish","4":"has-post-thumbnail","6":"product_cat-zavesenie_kolies","9":"first","10":"instock","11":"shipping-taxable","12":"purchasable","13":"product-type-simple"},"_links":{"self":[{"href":"https:\/\/www.terenna-doprava.sk\/index.php?rest_route=\/wp\/v2\/product\/445","targetHints":{"allow":["GET"]}}],"collection":[{"href":"https:\/\/www.terenna-doprava.sk\/index.php?rest_route=\/wp\/v2\/product"}],"about":[{"href":"https:\/\/www.terenna-doprava.sk\/index.php?rest_route=\/wp\/v2\/types\/product"}],"replies":[{"embeddable":true,"href":"https:\/\/www.terenna-doprava.sk\/index.php?rest_route=%2Fwp%2Fv2%2Fcomments&post=445"}],"wp:featuredmedia":[{"embeddable":true,"href":"https:\/\/www.terenna-doprava.sk\/index.php?rest_route=\/wp\/v2\/media\/446"}],"wp:attachment":[{"href":"https:\/\/www.terenna-doprava.sk\/index.php?rest_route=%2Fwp%2Fv2%2Fmedia&parent=445"}],"wp:term":[{"taxonomy":"product_brand","embeddable":true,"href":"https:\/\/www.terenna-doprava.sk\/index.php?rest_route=%2Fwp%2Fv2%2Fproduct_brand&post=445"},{"taxonomy":"product_cat","embeddable":true,"href":"https:\/\/www.terenna-doprava.sk\/index.php?rest_route=%2Fwp%2Fv2%2Fproduct_cat&post=445"},{"taxonomy":"product_tag","embeddable":true,"href":"https:\/\/www.terenna-doprava.sk\/index.php?rest_route=%2Fwp%2Fv2%2Fproduct_tag&post=445"}],"curies":[{"name":"wp","href":"https:\/\/api.w.org\/{rel}","templated":true}]}}