{"id":462,"date":"2016-03-03T11:23:20","date_gmt":"2016-03-03T09:23:20","guid":{"rendered":"http:\/\/nova.terenna-doprava.sk\/?post_type=product&#038;p=462"},"modified":"2017-01-18T09:21:45","modified_gmt":"2017-01-18T07:21:45","slug":"tlmic-plynokvapalinovy-zadny-v24","status":"publish","type":"product","link":"https:\/\/www.terenna-doprava.sk\/?product=tlmic-plynokvapalinovy-zadny-v24","title":{"rendered":"Tlmi\u010d plynokvapalinov\u00fd zadn\u00fd V24"},"content":{"rendered":"<p>Priemer doln\u00e9ho oka 15mm, vzdialenos\u0165 \u00f4k 325\/475 mm.<\/p>\n<p>Postup pred mont\u00e1\u017eou:<\/p>\n<p>1. prevr\u00e1ti\u0165 tlmi\u010d vrchnou \u010das\u0165ou dole (bez s\u0165ahovacej p\u00e1sky) na dobu cca 5sec<\/p>\n<p>2. pomaly stla\u010di\u0165 tlmi\u010d, podr\u017ea\u0165 stla\u010den\u00fd cca 5sec<\/p>\n<p>3. udr\u017eiavaj\u00fac tlmi\u010d stla\u010den\u00fd obr\u00e1ti\u0165 ho do pracovnej polohy, po\u010dka\u0165 cca 5sec a potom ho pridr\u017eiavaj\u00fac rukou necha\u0165 vyjs\u0165 do hornej polohy.<\/p>\n","protected":false},"excerpt":{"rendered":"<p>Priemer doln\u00e9ho oka 15mm, vzdialenos\u0165 \u00f4k 325\/475 mm. Postup pred mont\u00e1\u017eou: 1. prevr\u00e1ti\u0165 tlmi\u010d vrchnou \u010das\u0165ou dole (bez s\u0165ahovacej p\u00e1sky) na dobu cca 5sec 2. pomaly stla\u010di\u0165 tlmi\u010d, podr\u017ea\u0165 stla\u010den\u00fd cca 5sec 3. udr\u017eiavaj\u00fac tlmi\u010d stla\u010den\u00fd obr\u00e1ti\u0165 ho do pracovnej polohy, po\u010dka\u0165 cca 5sec a potom ho pridr\u017eiavaj\u00fac rukou necha\u0165 vyjs\u0165 do hornej polohy.<\/p>\n","protected":false},"featured_media":463,"comment_status":"closed","ping_status":"closed","template":"","meta":[],"product_brand":[],"product_cat":[27],"product_tag":[],"class_list":{"0":"post-462","1":"product","2":"type-product","3":"status-publish","4":"has-post-thumbnail","6":"product_cat-zavesenie_kolies","9":"first","10":"instock","11":"shipping-taxable","12":"purchasable","13":"product-type-simple"},"_links":{"self":[{"href":"https:\/\/www.terenna-doprava.sk\/index.php?rest_route=\/wp\/v2\/product\/462","targetHints":{"allow":["GET"]}}],"collection":[{"href":"https:\/\/www.terenna-doprava.sk\/index.php?rest_route=\/wp\/v2\/product"}],"about":[{"href":"https:\/\/www.terenna-doprava.sk\/index.php?rest_route=\/wp\/v2\/types\/product"}],"replies":[{"embeddable":true,"href":"https:\/\/www.terenna-doprava.sk\/index.php?rest_route=%2Fwp%2Fv2%2Fcomments&post=462"}],"wp:featuredmedia":[{"embeddable":true,"href":"https:\/\/www.terenna-doprava.sk\/index.php?rest_route=\/wp\/v2\/media\/463"}],"wp:attachment":[{"href":"https:\/\/www.terenna-doprava.sk\/index.php?rest_route=%2Fwp%2Fv2%2Fmedia&parent=462"}],"wp:term":[{"taxonomy":"product_brand","embeddable":true,"href":"https:\/\/www.terenna-doprava.sk\/index.php?rest_route=%2Fwp%2Fv2%2Fproduct_brand&post=462"},{"taxonomy":"product_cat","embeddable":true,"href":"https:\/\/www.terenna-doprava.sk\/index.php?rest_route=%2Fwp%2Fv2%2Fproduct_cat&post=462"},{"taxonomy":"product_tag","embeddable":true,"href":"https:\/\/www.terenna-doprava.sk\/index.php?rest_route=%2Fwp%2Fv2%2Fproduct_tag&post=462"}],"curies":[{"name":"wp","href":"https:\/\/api.w.org\/{rel}","templated":true}]}}