{"id":464,"date":"2016-03-03T11:26:50","date_gmt":"2016-03-03T09:26:50","guid":{"rendered":"http:\/\/nova.terenna-doprava.sk\/?post_type=product&#038;p=464"},"modified":"2016-08-30T22:38:43","modified_gmt":"2016-08-30T20:38:43","slug":"tlmice-pruzenia-silentbloky-oka-tlmica","status":"publish","type":"product","link":"https:\/\/www.terenna-doprava.sk\/?product=tlmice-pruzenia-silentbloky-oka-tlmica","title":{"rendered":"Tlmi\u010de pru\u017eenia &#8211; silentbloky oka tlmi\u010da"},"content":{"rendered":"<p>Pribli\u017en\u00e9 rozmery uveden\u00e9 v obr\u00e1zku. Novov\u00fdroba z RF.<\/p>\n","protected":false},"excerpt":{"rendered":"<p>Pribli\u017en\u00e9 rozmery uveden\u00e9 v obr\u00e1zku. Novov\u00fdroba z RF.<\/p>\n","protected":false},"featured_media":465,"comment_status":"closed","ping_status":"closed","template":"","meta":[],"product_brand":[],"product_cat":[27],"product_tag":[],"class_list":{"0":"post-464","1":"product","2":"type-product","3":"status-publish","4":"has-post-thumbnail","6":"product_cat-zavesenie_kolies","9":"first","10":"instock","11":"shipping-taxable","12":"purchasable","13":"product-type-simple"},"_links":{"self":[{"href":"https:\/\/www.terenna-doprava.sk\/index.php?rest_route=\/wp\/v2\/product\/464","targetHints":{"allow":["GET"]}}],"collection":[{"href":"https:\/\/www.terenna-doprava.sk\/index.php?rest_route=\/wp\/v2\/product"}],"about":[{"href":"https:\/\/www.terenna-doprava.sk\/index.php?rest_route=\/wp\/v2\/types\/product"}],"replies":[{"embeddable":true,"href":"https:\/\/www.terenna-doprava.sk\/index.php?rest_route=%2Fwp%2Fv2%2Fcomments&post=464"}],"wp:featuredmedia":[{"embeddable":true,"href":"https:\/\/www.terenna-doprava.sk\/index.php?rest_route=\/wp\/v2\/media\/465"}],"wp:attachment":[{"href":"https:\/\/www.terenna-doprava.sk\/index.php?rest_route=%2Fwp%2Fv2%2Fmedia&parent=464"}],"wp:term":[{"taxonomy":"product_brand","embeddable":true,"href":"https:\/\/www.terenna-doprava.sk\/index.php?rest_route=%2Fwp%2Fv2%2Fproduct_brand&post=464"},{"taxonomy":"product_cat","embeddable":true,"href":"https:\/\/www.terenna-doprava.sk\/index.php?rest_route=%2Fwp%2Fv2%2Fproduct_cat&post=464"},{"taxonomy":"product_tag","embeddable":true,"href":"https:\/\/www.terenna-doprava.sk\/index.php?rest_route=%2Fwp%2Fv2%2Fproduct_tag&post=464"}],"curies":[{"name":"wp","href":"https:\/\/api.w.org\/{rel}","templated":true}]}}