{"id":512,"date":"2016-03-03T12:55:16","date_gmt":"2016-03-03T10:55:16","guid":{"rendered":"http:\/\/nova.terenna-doprava.sk\/?post_type=product&#038;p=512"},"modified":"2023-09-22T19:02:00","modified_gmt":"2023-09-22T17:02:00","slug":"brzdovy-valcek-samostavny-zadny-32mm-volgagazuaz","status":"publish","type":"product","link":"https:\/\/www.terenna-doprava.sk\/?product=brzdovy-valcek-samostavny-zadny-32mm-volgagazuaz","title":{"rendered":"Brzdov\u00fd val\u010dek samostavn\u00fd zadn\u00fd 32mm VOLGA\/GAZ\/UAZ"},"content":{"rendered":"","protected":false},"excerpt":{"rendered":"","protected":false},"featured_media":513,"comment_status":"closed","ping_status":"closed","template":"","meta":[],"product_brand":[],"product_cat":[30],"product_tag":[],"class_list":{"0":"post-512","1":"product","2":"type-product","3":"status-publish","4":"has-post-thumbnail","6":"product_cat-brzdy","9":"first","10":"instock","11":"shipping-taxable","12":"purchasable","13":"product-type-simple"},"_links":{"self":[{"href":"https:\/\/www.terenna-doprava.sk\/index.php?rest_route=\/wp\/v2\/product\/512","targetHints":{"allow":["GET"]}}],"collection":[{"href":"https:\/\/www.terenna-doprava.sk\/index.php?rest_route=\/wp\/v2\/product"}],"about":[{"href":"https:\/\/www.terenna-doprava.sk\/index.php?rest_route=\/wp\/v2\/types\/product"}],"replies":[{"embeddable":true,"href":"https:\/\/www.terenna-doprava.sk\/index.php?rest_route=%2Fwp%2Fv2%2Fcomments&post=512"}],"wp:featuredmedia":[{"embeddable":true,"href":"https:\/\/www.terenna-doprava.sk\/index.php?rest_route=\/wp\/v2\/media\/513"}],"wp:attachment":[{"href":"https:\/\/www.terenna-doprava.sk\/index.php?rest_route=%2Fwp%2Fv2%2Fmedia&parent=512"}],"wp:term":[{"taxonomy":"product_brand","embeddable":true,"href":"https:\/\/www.terenna-doprava.sk\/index.php?rest_route=%2Fwp%2Fv2%2Fproduct_brand&post=512"},{"taxonomy":"product_cat","embeddable":true,"href":"https:\/\/www.terenna-doprava.sk\/index.php?rest_route=%2Fwp%2Fv2%2Fproduct_cat&post=512"},{"taxonomy":"product_tag","embeddable":true,"href":"https:\/\/www.terenna-doprava.sk\/index.php?rest_route=%2Fwp%2Fv2%2Fproduct_tag&post=512"}],"curies":[{"name":"wp","href":"https:\/\/api.w.org\/{rel}","templated":true}]}}