{"id":537,"date":"2016-03-03T13:35:34","date_gmt":"2016-03-03T11:35:34","guid":{"rendered":"http:\/\/nova.terenna-doprava.sk\/?post_type=product&#038;p=537"},"modified":"2025-02-28T08:54:14","modified_gmt":"2025-02-28T06:54:14","slug":"svieckova-redukcia","status":"publish","type":"product","link":"https:\/\/www.terenna-doprava.sk\/?product=svieckova-redukcia","title":{"rendered":"Svie\u010dkov\u00e1 redukcia"},"content":{"rendered":"<p>Sl\u00fa\u017ei na redukciu zo svie\u010dkov\u00e9ho z\u00e1vitu M18x1.5 (napr. z\u00e1vit v hlave GAZ69) na z\u00e1vit M14x1.25 (be\u017en\u00e9 svie\u010dky napr. v rade \u0160KODA 105\/120\/130).<\/p>\n<p>Pou\u017e\u00edva sa tak, \u017ee redukcia sa zaskrutkuje do hlavy ako oby\u010dajn\u00e1 svie\u010dka (je potrebn\u00e9 da\u0165 aj tesniacu podlo\u017eku) a do nej sa zaskrutkuje be\u017en\u00e1 svie\u010dka so z\u00e1vitom M14x1.25. T\u00e1to nov\u00e1 svie\u010dka mus\u00ed ma\u0165 ale dlh\u00fd z\u00e1vit &#8211; v\u00e4\u010d\u0161inou ozna\u010denie &#8222;L&#8220;. V\u00fdhoda takejto mont\u00e1\u017ee je v\u00e4\u010d\u0161\u00ed v\u00fdber tepeln\u00fdch hodn\u00f4t svie\u010dok a aj skuto\u010dnos\u0165, \u017ee pri manipul\u00e1cii so svie\u010dkou (ak z\u00e1vit M18 poist\u00edme v hlave lepidlom na zaistenie skrutiek) nem\u00f4\u017eme po\u0161kodi\u0165 z\u00e1vit v hlave motora.<\/p>\n","protected":false},"excerpt":{"rendered":"<p>Sl\u00fa\u017ei na redukciu zo svie\u010dkov\u00e9ho z\u00e1vitu M18x1.5 (napr. z\u00e1vit v hlave GAZ69) na z\u00e1vit M14x1.25 (be\u017en\u00e9 svie\u010dky napr. v rade \u0160KODA 105\/120\/130). Pou\u017e\u00edva sa tak, \u017ee redukcia sa zaskrutkuje do hlavy ako oby\u010dajn\u00e1 svie\u010dka (je potrebn\u00e9 da\u0165 aj tesniacu podlo\u017eku) a do nej sa zaskrutkuje be\u017en\u00e1 svie\u010dka so z\u00e1vitom M14x1.25. T\u00e1to nov\u00e1 svie\u010dka mus\u00ed ma\u0165 &hellip; <a href=\"https:\/\/www.terenna-doprava.sk\/?product=svieckova-redukcia\" class=\"more-link\">Pokra\u010dova\u0165 na <span class=\"screen-reader-text\">Svie\u010dkov\u00e1 redukcia<\/span> <span class=\"meta-nav\">&rarr;<\/span><\/a><\/p>\n","protected":false},"featured_media":538,"comment_status":"closed","ping_status":"closed","template":"","meta":[],"product_brand":[],"product_cat":[31],"product_tag":[],"class_list":{"0":"post-537","1":"product","2":"type-product","3":"status-publish","4":"has-post-thumbnail","6":"product_cat-elektricke_vybavenie","9":"first","10":"instock","11":"shipping-taxable","12":"purchasable","13":"product-type-simple"},"_links":{"self":[{"href":"https:\/\/www.terenna-doprava.sk\/index.php?rest_route=\/wp\/v2\/product\/537","targetHints":{"allow":["GET"]}}],"collection":[{"href":"https:\/\/www.terenna-doprava.sk\/index.php?rest_route=\/wp\/v2\/product"}],"about":[{"href":"https:\/\/www.terenna-doprava.sk\/index.php?rest_route=\/wp\/v2\/types\/product"}],"replies":[{"embeddable":true,"href":"https:\/\/www.terenna-doprava.sk\/index.php?rest_route=%2Fwp%2Fv2%2Fcomments&post=537"}],"wp:featuredmedia":[{"embeddable":true,"href":"https:\/\/www.terenna-doprava.sk\/index.php?rest_route=\/wp\/v2\/media\/538"}],"wp:attachment":[{"href":"https:\/\/www.terenna-doprava.sk\/index.php?rest_route=%2Fwp%2Fv2%2Fmedia&parent=537"}],"wp:term":[{"taxonomy":"product_brand","embeddable":true,"href":"https:\/\/www.terenna-doprava.sk\/index.php?rest_route=%2Fwp%2Fv2%2Fproduct_brand&post=537"},{"taxonomy":"product_cat","embeddable":true,"href":"https:\/\/www.terenna-doprava.sk\/index.php?rest_route=%2Fwp%2Fv2%2Fproduct_cat&post=537"},{"taxonomy":"product_tag","embeddable":true,"href":"https:\/\/www.terenna-doprava.sk\/index.php?rest_route=%2Fwp%2Fv2%2Fproduct_tag&post=537"}],"curies":[{"name":"wp","href":"https:\/\/api.w.org\/{rel}","templated":true}]}}