{"id":552,"date":"2016-03-03T14:21:02","date_gmt":"2016-03-03T12:21:02","guid":{"rendered":"http:\/\/nova.terenna-doprava.sk\/?post_type=product&#038;p=552"},"modified":"2023-01-18T22:04:13","modified_gmt":"2023-01-18T20:04:13","slug":"klukovy-hriadel-gaz69-klzne-loziska","status":"publish","type":"product","link":"https:\/\/www.terenna-doprava.sk\/?product=klukovy-hriadel-gaz69-klzne-loziska","title":{"rendered":"K\u013eukov\u00fd hriade\u013e GAZ69 &#8211; klzn\u00e9 lo\u017eisk\u00e1"},"content":{"rendered":"<p>R\u00f4zne v\u00fdbrusov\u00e9 rozmery, v objedn\u00e1vke je potrebn\u00e9 uvies\u0165 po\u017eadovan\u00fd.<\/p>\n","protected":false},"excerpt":{"rendered":"<p>R\u00f4zne v\u00fdbrusov\u00e9 rozmery, v objedn\u00e1vke je potrebn\u00e9 uvies\u0165 po\u017eadovan\u00fd.<\/p>\n","protected":false},"featured_media":553,"comment_status":"closed","ping_status":"closed","template":"","meta":[],"product_brand":[],"product_cat":[15],"product_tag":[],"class_list":{"0":"post-552","1":"product","2":"type-product","3":"status-publish","4":"has-post-thumbnail","6":"product_cat-motor","9":"first","10":"instock","11":"shipping-taxable","12":"purchasable","13":"product-type-simple"},"_links":{"self":[{"href":"https:\/\/www.terenna-doprava.sk\/index.php?rest_route=\/wp\/v2\/product\/552","targetHints":{"allow":["GET"]}}],"collection":[{"href":"https:\/\/www.terenna-doprava.sk\/index.php?rest_route=\/wp\/v2\/product"}],"about":[{"href":"https:\/\/www.terenna-doprava.sk\/index.php?rest_route=\/wp\/v2\/types\/product"}],"replies":[{"embeddable":true,"href":"https:\/\/www.terenna-doprava.sk\/index.php?rest_route=%2Fwp%2Fv2%2Fcomments&post=552"}],"wp:featuredmedia":[{"embeddable":true,"href":"https:\/\/www.terenna-doprava.sk\/index.php?rest_route=\/wp\/v2\/media\/553"}],"wp:attachment":[{"href":"https:\/\/www.terenna-doprava.sk\/index.php?rest_route=%2Fwp%2Fv2%2Fmedia&parent=552"}],"wp:term":[{"taxonomy":"product_brand","embeddable":true,"href":"https:\/\/www.terenna-doprava.sk\/index.php?rest_route=%2Fwp%2Fv2%2Fproduct_brand&post=552"},{"taxonomy":"product_cat","embeddable":true,"href":"https:\/\/www.terenna-doprava.sk\/index.php?rest_route=%2Fwp%2Fv2%2Fproduct_cat&post=552"},{"taxonomy":"product_tag","embeddable":true,"href":"https:\/\/www.terenna-doprava.sk\/index.php?rest_route=%2Fwp%2Fv2%2Fproduct_tag&post=552"}],"curies":[{"name":"wp","href":"https:\/\/api.w.org\/{rel}","templated":true}]}}