{"id":794,"date":"2016-10-19T14:06:20","date_gmt":"2016-10-19T12:06:20","guid":{"rendered":"http:\/\/www.terenna-doprava.sk\/?post_type=product&#038;p=794"},"modified":"2016-10-19T14:06:20","modified_gmt":"2016-10-19T12:06:20","slug":"vonkajsie-spatne-zrkadlo-kovove-ploche","status":"publish","type":"product","link":"https:\/\/www.terenna-doprava.sk\/?product=vonkajsie-spatne-zrkadlo-kovove-ploche","title":{"rendered":"Vonkaj\u0161ie sp\u00e4tn\u00e9 zrkadlo kovov\u00e9 ploch\u00e9"},"content":{"rendered":"<p>Dovoz z RF, cena za 1ks. Zrkadlo nie je parabolick\u00e9, sklo v \u0148om je rovn\u00e9.<\/p>\n","protected":false},"excerpt":{"rendered":"<p>Dovoz z RF, cena za 1ks. Zrkadlo nie je parabolick\u00e9, sklo v \u0148om je rovn\u00e9.<\/p>\n","protected":false},"featured_media":796,"comment_status":"closed","ping_status":"closed","template":"","meta":[],"product_brand":[],"product_cat":[32],"product_tag":[],"class_list":{"0":"post-794","1":"product","2":"type-product","3":"status-publish","4":"has-post-thumbnail","6":"product_cat-karoseria","9":"first","10":"instock","11":"shipping-taxable","12":"purchasable","13":"product-type-simple"},"_links":{"self":[{"href":"https:\/\/www.terenna-doprava.sk\/index.php?rest_route=\/wp\/v2\/product\/794","targetHints":{"allow":["GET"]}}],"collection":[{"href":"https:\/\/www.terenna-doprava.sk\/index.php?rest_route=\/wp\/v2\/product"}],"about":[{"href":"https:\/\/www.terenna-doprava.sk\/index.php?rest_route=\/wp\/v2\/types\/product"}],"replies":[{"embeddable":true,"href":"https:\/\/www.terenna-doprava.sk\/index.php?rest_route=%2Fwp%2Fv2%2Fcomments&post=794"}],"wp:featuredmedia":[{"embeddable":true,"href":"https:\/\/www.terenna-doprava.sk\/index.php?rest_route=\/wp\/v2\/media\/796"}],"wp:attachment":[{"href":"https:\/\/www.terenna-doprava.sk\/index.php?rest_route=%2Fwp%2Fv2%2Fmedia&parent=794"}],"wp:term":[{"taxonomy":"product_brand","embeddable":true,"href":"https:\/\/www.terenna-doprava.sk\/index.php?rest_route=%2Fwp%2Fv2%2Fproduct_brand&post=794"},{"taxonomy":"product_cat","embeddable":true,"href":"https:\/\/www.terenna-doprava.sk\/index.php?rest_route=%2Fwp%2Fv2%2Fproduct_cat&post=794"},{"taxonomy":"product_tag","embeddable":true,"href":"https:\/\/www.terenna-doprava.sk\/index.php?rest_route=%2Fwp%2Fv2%2Fproduct_tag&post=794"}],"curies":[{"name":"wp","href":"https:\/\/api.w.org\/{rel}","templated":true}]}}