{"id":837,"date":"2016-12-29T14:23:37","date_gmt":"2016-12-29T12:23:37","guid":{"rendered":"http:\/\/www.terenna-doprava.sk\/?post_type=product&#038;p=837"},"modified":"2017-06-04T14:46:17","modified_gmt":"2017-06-04T12:46:17","slug":"zasuvka-na-prives-7-polova","status":"publish","type":"product","link":"https:\/\/www.terenna-doprava.sk\/?product=zasuvka-na-prives-7-polova","title":{"rendered":"Z\u00e1suvka na pr\u00edves 7- p\u00f3lov\u00e1"},"content":{"rendered":"<p>Z\u00e1suvka kovov\u00e1, produkcia ZSSR<\/p>\n","protected":false},"excerpt":{"rendered":"<p>Z\u00e1suvka kovov\u00e1, produkcia ZSSR<\/p>\n","protected":false},"featured_media":838,"comment_status":"closed","ping_status":"closed","template":"","meta":[],"product_brand":[],"product_cat":[31],"product_tag":[],"class_list":{"0":"post-837","1":"product","2":"type-product","3":"status-publish","4":"has-post-thumbnail","6":"product_cat-elektricke_vybavenie","9":"first","10":"instock","11":"shipping-taxable","12":"purchasable","13":"product-type-simple"},"_links":{"self":[{"href":"https:\/\/www.terenna-doprava.sk\/index.php?rest_route=\/wp\/v2\/product\/837","targetHints":{"allow":["GET"]}}],"collection":[{"href":"https:\/\/www.terenna-doprava.sk\/index.php?rest_route=\/wp\/v2\/product"}],"about":[{"href":"https:\/\/www.terenna-doprava.sk\/index.php?rest_route=\/wp\/v2\/types\/product"}],"replies":[{"embeddable":true,"href":"https:\/\/www.terenna-doprava.sk\/index.php?rest_route=%2Fwp%2Fv2%2Fcomments&post=837"}],"wp:featuredmedia":[{"embeddable":true,"href":"https:\/\/www.terenna-doprava.sk\/index.php?rest_route=\/wp\/v2\/media\/838"}],"wp:attachment":[{"href":"https:\/\/www.terenna-doprava.sk\/index.php?rest_route=%2Fwp%2Fv2%2Fmedia&parent=837"}],"wp:term":[{"taxonomy":"product_brand","embeddable":true,"href":"https:\/\/www.terenna-doprava.sk\/index.php?rest_route=%2Fwp%2Fv2%2Fproduct_brand&post=837"},{"taxonomy":"product_cat","embeddable":true,"href":"https:\/\/www.terenna-doprava.sk\/index.php?rest_route=%2Fwp%2Fv2%2Fproduct_cat&post=837"},{"taxonomy":"product_tag","embeddable":true,"href":"https:\/\/www.terenna-doprava.sk\/index.php?rest_route=%2Fwp%2Fv2%2Fproduct_tag&post=837"}],"curies":[{"name":"wp","href":"https:\/\/api.w.org\/{rel}","templated":true}]}}