{"id":976,"date":"2019-01-24T15:05:07","date_gmt":"2019-01-24T13:05:07","guid":{"rendered":"http:\/\/www.terenna-doprava.sk\/?post_type=product&#038;p=976"},"modified":"2019-04-03T13:00:08","modified_gmt":"2019-04-03T11:00:08","slug":"g69-tesniaca-guma-blatnika-tenka","status":"publish","type":"product","link":"https:\/\/www.terenna-doprava.sk\/?product=g69-tesniaca-guma-blatnika-tenka","title":{"rendered":"G69 -tesniaca guma blatn\u00edka tenk\u00e1"},"content":{"rendered":"<p>Novov\u00fdroba, cena je za cca 1,5m d\u013a\u017eky, t.j. na jeden blatn\u00edk.<\/p>\n","protected":false},"excerpt":{"rendered":"<p>Novov\u00fdroba, cena je za cca 1,5m d\u013a\u017eky, t.j. na jeden blatn\u00edk.<\/p>\n","protected":false},"featured_media":977,"comment_status":"closed","ping_status":"closed","template":"","meta":[],"product_brand":[],"product_cat":[32],"product_tag":[],"class_list":{"0":"post-976","1":"product","2":"type-product","3":"status-publish","4":"has-post-thumbnail","6":"product_cat-karoseria","9":"first","10":"instock","11":"shipping-taxable","12":"purchasable","13":"product-type-simple"},"_links":{"self":[{"href":"https:\/\/www.terenna-doprava.sk\/index.php?rest_route=\/wp\/v2\/product\/976","targetHints":{"allow":["GET"]}}],"collection":[{"href":"https:\/\/www.terenna-doprava.sk\/index.php?rest_route=\/wp\/v2\/product"}],"about":[{"href":"https:\/\/www.terenna-doprava.sk\/index.php?rest_route=\/wp\/v2\/types\/product"}],"replies":[{"embeddable":true,"href":"https:\/\/www.terenna-doprava.sk\/index.php?rest_route=%2Fwp%2Fv2%2Fcomments&post=976"}],"wp:featuredmedia":[{"embeddable":true,"href":"https:\/\/www.terenna-doprava.sk\/index.php?rest_route=\/wp\/v2\/media\/977"}],"wp:attachment":[{"href":"https:\/\/www.terenna-doprava.sk\/index.php?rest_route=%2Fwp%2Fv2%2Fmedia&parent=976"}],"wp:term":[{"taxonomy":"product_brand","embeddable":true,"href":"https:\/\/www.terenna-doprava.sk\/index.php?rest_route=%2Fwp%2Fv2%2Fproduct_brand&post=976"},{"taxonomy":"product_cat","embeddable":true,"href":"https:\/\/www.terenna-doprava.sk\/index.php?rest_route=%2Fwp%2Fv2%2Fproduct_cat&post=976"},{"taxonomy":"product_tag","embeddable":true,"href":"https:\/\/www.terenna-doprava.sk\/index.php?rest_route=%2Fwp%2Fv2%2Fproduct_tag&post=976"}],"curies":[{"name":"wp","href":"https:\/\/api.w.org\/{rel}","templated":true}]}}